{"id":1677,"date":"2025-04-28T01:43:11","date_gmt":"2025-04-28T01:43:11","guid":{"rendered":"https:\/\/snusoem.com\/?post_type=product&#038;p=1677"},"modified":"2025-04-28T01:47:50","modified_gmt":"2025-04-28T01:47:50","slug":"zyn-mini-dry-espressino-6-mg","status":"publish","type":"product","link":"https:\/\/snusoem.com\/sv\/product\/zyn-mini-dry-espressino-6-mg\/","title":{"rendered":"ZYN Mini Dry Espressino 6 MG"},"content":{"rendered":"<div class=\"product-tab border-b-2 block md:-top-6 w-full md:flex md:justify-around\">\n<div class=\"flex w-full md:w-auto flex-row md:mr-4\">\n<h3>\u00a0Produktspecifikationer<\/h3>\n<p>Denna helvita mini-nicopod erbjuder s\u00e5 mycket mer \u00e4n bara smaken av en varm kopp kaffe! Smaken av\u00a0<strong>ZYN Mini Dry Espressino 6<\/strong>\u00a0\u00e4r otroligt beroendeframkallande och lyxig. Naturligtvis \u00e4r nyrostat svart kaffe k\u00e4rnsmaken, men vad som inte framg\u00e5r av namnet \u00e4r inslagen av n\u00f6taktig nougat, kr\u00e4mig choklad och blommig vanilj.<\/p>\n<p>Trots att det \u00e4r en minip\u00e5se, levererar den \u00e4nd\u00e5 en rej\u00e4l kick! Nikotinhalten \u00e4r 15mg\/g, eller 6mg\/p\u00e5se, och ger omedelbar tillfredsst\u00e4llelse tack vare dess snabba fris\u00e4ttning. Den lilla storleken g\u00f6r att anv\u00e4ndare kan vara diskreta med sin anv\u00e4ndning och njuta av en bekv\u00e4m passform under hela anv\u00e4ndningen. \u00c4ven om smaken \u00e4r kaffe- och chokladbaserad, som b\u00e5da \u00e4r m\u00f6rka, \u00e4r p\u00e5sarna 100% vita och kommer inte att orsaka missf\u00e4rgning av t\u00e4nderna.<\/p>\n<p>M\u00e5nga nikotinanv\u00e4ndare i EU byter till helvita, tobaksfria produkter f\u00f6r en renare och mer pur upplevelse utan att offra tillfredsst\u00e4llelsen. Det finns m\u00e5nga format, smaker och styrkor av nikotinp\u00e5sar att v\u00e4lja mellan. Dock \u00e4r ett av de mest popul\u00e4ra alternativen starkt och mintigt!<\/p>\n<\/div>\n<\/div>","protected":false},"excerpt":{"rendered":"<div class=\"leading-relaxed product-description text-mine-shaft prose mt-2\">\n<div class=\"leading-relaxed product-description text-mine-shaft prose mt-2\">\n<div class=\"leading-relaxed product-description text-mine-shaft prose mt-2\">\n<div class=\"leading-relaxed product-description text-mine-shaft prose mt-2\">\n<div class=\"leading-relaxed product-description text-mine-shaft prose mt-2\">\n<div class=\"leading-relaxed product-description text-mine-shaft prose mt-2\">\n<div class=\"leading-relaxed product-description text-mine-shaft prose mt-2\">\n<div class=\"leading-relaxed product-description text-mine-shaft prose mt-2\">\n<div class=\"leading-relaxed product-description text-mine-shaft prose mt-2\">\n<div class=\"leading-relaxed product-description text-mine-shaft prose mt-2\">\n<div class=\"leading-relaxed product-description text-mine-shaft prose mt-2\">\n<div class=\"leading-relaxed product-description prose\">\n<div class=\"leading-relaxed product-description prose\" style=\"text-align: left;\">For the coffee aficionados, delve into a creamy blend of rich coffee, decadent chocolate, delicate nougat and whisper of vanilla<\/div>\n<\/div>\n<div class=\"flex flex-col sm:flex-row justify-between my-4 sd-product-info-stock \"><\/div>\n<\/div>\n<\/div>\n<\/div>\n<\/div>\n<\/div>\n<\/div>\n<\/div>\n<\/div>\n<\/div>\n<\/div>\n<\/div>\n<div>\n<p><!-- \/wp:heading --> <!-- wp:table --><\/p>\n<figure class=\"wp-block-table\">\n<table class=\"has-fixed-layout\" style=\"height: 266px;\" width=\"386\">\n<tbody>\n<tr>\n<td>Product Info<\/td>\n<td>\n<div class=\"flex min-w-max justify-between md:grid md:grid-cols-2 mb-2 border-b border-[#d8d6d4]\">\n<div class=\"flex flex-1 justify-end text-right md:text-left md:justify-start data pb-2 items-center product-attribute-value max-w-[200px]\" data-th=\"Product Info\">\n<div class=\"flex min-w-max justify-between md:grid md:grid-cols-2 mb-2 border-b border-[#d8d6d4]\">\n<div class=\"flex flex-1 justify-end text-right md:text-left md:justify-start data pb-2 items-center product-attribute-value max-w-[200px]\" data-th=\"Product Info\">\n<div class=\"flex min-w-max justify-between md:grid md:grid-cols-2 mb-2 border-b border-[#d8d6d4]\">\n<div class=\"flex flex-1 justify-end text-right md:text-left md:justify-start data pb-2 items-center product-attribute-value max-w-[200px]\" data-th=\"Product Info\">Flavored, Tobacco Free, All White<\/div>\n<\/div>\n<\/div>\n<\/div>\n<\/div>\n<\/div>\n<\/td>\n<\/tr>\n<tr>\n<td>Brand<\/td>\n<td>ZYN<\/td>\n<\/tr>\n<tr>\n<td>Strength<\/td>\n<td>6MG<\/td>\n<\/tr>\n<tr>\n<td>Flavor<\/td>\n<td>Espressino<\/td>\n<\/tr>\n<tr>\n<td>Nicotine<\/td>\n<td>6mg\/pouch<\/td>\n<\/tr>\n<tr>\n<td>Portion Weight (g)<\/td>\n<td>0.4<\/td>\n<\/tr>\n<tr>\n<td>Pouches\/can<\/td>\n<td>20<\/td>\n<\/tr>\n<tr>\n<td>Net Weight (g)<\/td>\n<td>8<\/td>\n<\/tr>\n<tr>\n<td>Moisture Content<\/td>\n<td>2.7%<\/td>\n<\/tr>\n<\/tbody>\n<\/table>\n<\/figure>\n<p><!-- \/wp:table --><\/p>\n<\/div>\n<form action=\"https:\/\/nicokick.com\/outofstock\/index\/createOosSubscription\" method=\"post\" data-mage-init=\"{'validation':{}}\"><\/form>\n","protected":false},"featured_media":1678,"comment_status":"open","ping_status":"closed","template":"","meta":[],"product_brand":[],"product_cat":[45],"product_tag":[],"class_list":{"0":"post-1677","1":"product","2":"type-product","3":"status-publish","4":"has-post-thumbnail","6":"product_cat-eu-zyn","8":"first","9":"instock","10":"taxable","11":"shipping-taxable","12":"product-type-simple"},"_links":{"self":[{"href":"https:\/\/snusoem.com\/sv\/wp-json\/wp\/v2\/product\/1677","targetHints":{"allow":["GET"]}}],"collection":[{"href":"https:\/\/snusoem.com\/sv\/wp-json\/wp\/v2\/product"}],"about":[{"href":"https:\/\/snusoem.com\/sv\/wp-json\/wp\/v2\/types\/product"}],"replies":[{"embeddable":true,"href":"https:\/\/snusoem.com\/sv\/wp-json\/wp\/v2\/comments?post=1677"}],"wp:featuredmedia":[{"embeddable":true,"href":"https:\/\/snusoem.com\/sv\/wp-json\/wp\/v2\/media\/1678"}],"wp:attachment":[{"href":"https:\/\/snusoem.com\/sv\/wp-json\/wp\/v2\/media?parent=1677"}],"wp:term":[{"taxonomy":"product_brand","embeddable":true,"href":"https:\/\/snusoem.com\/sv\/wp-json\/wp\/v2\/product_brand?post=1677"},{"taxonomy":"product_cat","embeddable":true,"href":"https:\/\/snusoem.com\/sv\/wp-json\/wp\/v2\/product_cat?post=1677"},{"taxonomy":"product_tag","embeddable":true,"href":"https:\/\/snusoem.com\/sv\/wp-json\/wp\/v2\/product_tag?post=1677"}],"curies":[{"name":"wp","href":"https:\/\/api.w.org\/{rel}","templated":true}]}}