{"id":1672,"date":"2025-04-28T01:13:41","date_gmt":"2025-04-28T01:13:41","guid":{"rendered":"https:\/\/snusoem.com\/?post_type=product&#038;p=1672"},"modified":"2025-04-28T01:29:23","modified_gmt":"2025-04-28T01:29:23","slug":"zyn-slim-cool-frost-strong-9mg","status":"publish","type":"product","link":"https:\/\/snusoem.com\/sv\/product\/zyn-slim-cool-frost-strong-9mg\/","title":{"rendered":"ZYN Slim Cool Frost Strong 9MG"},"content":{"rendered":"<div class=\"product-tab border-b-2 block md:-top-6 w-full md:flex md:justify-around\">\n<div class=\"flex w-full md:w-auto flex-row md:mr-4\">\n<h3>\u00a0 \u00a0 \u00a0 Produktspecifikationer<\/h3>\n<ul>\n<li>Den\u00a0<strong>ZYN Slim Cool Frost Strong\u00a0<\/strong>har en mycket kryddig smakkarakt\u00e4r som inneh\u00e5ller pepparmynta och mentol f\u00f6r att ge en frostig, frysande k\u00e4nsla p\u00e5 l\u00e4ppen. Med 9 mg\/p\u00e5se \u00e4r denna produkt i den starka kategorin, s\u00e5 den kommer att ge en mer potent k\u00e4nsla, och detta kommer sannolikt att passa b\u00e4ttre f\u00f6r dem med mer erfarenhet av att konsumera nikotinp\u00e5sar.F\u00f6r att \u00f6ka p\u00e5sens intensitet \u00e4r inneh\u00e5llet fuktigt, s\u00e5 detta kommer att ge smak och nikotin p\u00e5 ett mycket snabbare s\u00e4tt \u00e4n en torrare p\u00e5se. Den smala formen p\u00e5 produkten inneb\u00e4r att den \u00e4r utformad f\u00f6r att passa bekv\u00e4mt i munnen eftersom den kommer att erbjuda mycket liten eller ingen r\u00f6relse n\u00e4r den v\u00e4l \u00e4r p\u00e5 plats.\n<p>ZYN har en myriad av olika smaker som en del av sitt sortiment, och dessa t\u00e4cker en rad olika smakprofiler. Det finns mintsmaker som passar fans av denna traditionella ingrediens i nikotinp\u00e5sar, medan svarta k\u00f6rsb\u00e4r och \u00e4pple \u00e4r tv\u00e5 exempel p\u00e5 fruktsmaker som varum\u00e4rket s\u00e4ljer. Drycker som lemon spritz och bellini har ocks\u00e5 f\u00f6rvandlats till p\u00e5sar.<\/li>\n<\/ul>\n<\/div>\n<\/div>","protected":false},"excerpt":{"rendered":"<div class=\"leading-relaxed product-description text-mine-shaft prose mt-2\">\n<div class=\"leading-relaxed product-description text-mine-shaft prose mt-2\">\n<div class=\"leading-relaxed product-description text-mine-shaft prose mt-2\">\n<div class=\"leading-relaxed product-description text-mine-shaft prose mt-2\">\n<div class=\"leading-relaxed product-description text-mine-shaft prose mt-2\">\n<div class=\"leading-relaxed product-description text-mine-shaft prose mt-2\">\n<div class=\"leading-relaxed product-description text-mine-shaft prose mt-2\">\n<div class=\"leading-relaxed product-description text-mine-shaft prose mt-2\">\n<div class=\"leading-relaxed product-description text-mine-shaft prose mt-2\">\n<div class=\"leading-relaxed product-description text-mine-shaft prose mt-2\">\n<div class=\"leading-relaxed product-description text-mine-shaft prose mt-2\">\n<div class=\"leading-relaxed product-description prose\">\n<div class=\"leading-relaxed product-description prose\">ZYN Slim Cool Frost Extra Strong with an icy taste of mint and menthol.<\/div>\n<\/div>\n<div class=\"flex flex-col sm:flex-row justify-between my-4 sd-product-info-stock \"><\/div>\n<\/div>\n<\/div>\n<\/div>\n<\/div>\n<\/div>\n<\/div>\n<\/div>\n<\/div>\n<\/div>\n<\/div>\n<\/div>\n<div>\n<p><!-- \/wp:heading --> <!-- wp:table --><\/p>\n<figure class=\"wp-block-table\">\n<table class=\"has-fixed-layout\" style=\"height: 266px;\" width=\"386\">\n<tbody>\n<tr>\n<td>Product Info<\/td>\n<td>\n<div class=\"flex min-w-max justify-between md:grid md:grid-cols-2 mb-2 border-b border-[#d8d6d4]\">\n<div class=\"flex flex-1 justify-end text-right md:text-left md:justify-start data pb-2 items-center product-attribute-value max-w-[200px]\" data-th=\"Product Info\">\n<div class=\"flex min-w-max justify-between md:grid md:grid-cols-2 mb-2 border-b border-[#d8d6d4]\">\n<div class=\"flex flex-1 justify-end text-right md:text-left md:justify-start data pb-2 items-center product-attribute-value max-w-[200px]\" data-th=\"Product Info\">\n<div class=\"flex min-w-max justify-between md:grid md:grid-cols-2 mb-2 border-b border-[#d8d6d4]\">\n<div class=\"flex flex-1 justify-end text-right md:text-left md:justify-start data pb-2 items-center product-attribute-value max-w-[200px]\" data-th=\"Product Info\">Flavored, Tobacco Free, All White<\/div>\n<\/div>\n<\/div>\n<\/div>\n<\/div>\n<\/div>\n<\/td>\n<\/tr>\n<tr>\n<td>Brand<\/td>\n<td>ZYN<\/td>\n<\/tr>\n<tr>\n<td>Strength<\/td>\n<td>9MG<\/td>\n<\/tr>\n<tr>\n<td>Flavor<\/td>\n<td>Cool Frost<\/td>\n<\/tr>\n<tr>\n<td>Nicotine<\/td>\n<td>9mg\/pouch<\/td>\n<\/tr>\n<tr>\n<td>Portion Weight (g)<\/td>\n<td>0.4<\/td>\n<\/tr>\n<tr>\n<td>Pouches\/can<\/td>\n<td>20<\/td>\n<\/tr>\n<tr>\n<td>Net Weight (g)<\/td>\n<td>8<\/td>\n<\/tr>\n<tr>\n<td>Moisture Content<\/td>\n<td>2.7%<\/td>\n<\/tr>\n<\/tbody>\n<\/table>\n<\/figure>\n<p><!-- \/wp:table --><\/p>\n<\/div>\n<form action=\"https:\/\/nicokick.com\/outofstock\/index\/createOosSubscription\" method=\"post\" data-mage-init=\"{'validation':{}}\"><\/form>\n","protected":false},"featured_media":1673,"comment_status":"open","ping_status":"closed","template":"","meta":[],"product_brand":[],"product_cat":[45],"product_tag":[],"class_list":{"0":"post-1672","1":"product","2":"type-product","3":"status-publish","4":"has-post-thumbnail","6":"product_cat-eu-zyn","8":"first","9":"instock","10":"taxable","11":"shipping-taxable","12":"product-type-simple"},"_links":{"self":[{"href":"https:\/\/snusoem.com\/sv\/wp-json\/wp\/v2\/product\/1672","targetHints":{"allow":["GET"]}}],"collection":[{"href":"https:\/\/snusoem.com\/sv\/wp-json\/wp\/v2\/product"}],"about":[{"href":"https:\/\/snusoem.com\/sv\/wp-json\/wp\/v2\/types\/product"}],"replies":[{"embeddable":true,"href":"https:\/\/snusoem.com\/sv\/wp-json\/wp\/v2\/comments?post=1672"}],"wp:featuredmedia":[{"embeddable":true,"href":"https:\/\/snusoem.com\/sv\/wp-json\/wp\/v2\/media\/1673"}],"wp:attachment":[{"href":"https:\/\/snusoem.com\/sv\/wp-json\/wp\/v2\/media?parent=1672"}],"wp:term":[{"taxonomy":"product_brand","embeddable":true,"href":"https:\/\/snusoem.com\/sv\/wp-json\/wp\/v2\/product_brand?post=1672"},{"taxonomy":"product_cat","embeddable":true,"href":"https:\/\/snusoem.com\/sv\/wp-json\/wp\/v2\/product_cat?post=1672"},{"taxonomy":"product_tag","embeddable":true,"href":"https:\/\/snusoem.com\/sv\/wp-json\/wp\/v2\/product_tag?post=1672"}],"curies":[{"name":"wp","href":"https:\/\/api.w.org\/{rel}","templated":true}]}}