{"id":3077,"date":"2025-09-12T07:09:01","date_gmt":"2025-09-12T07:09:01","guid":{"rendered":"https:\/\/snusoem.com\/?post_type=product&#038;p=3077"},"modified":"2025-09-12T07:10:59","modified_gmt":"2025-09-12T07:10:59","slug":"cuba-watermelon-medium-10-4-mg","status":"publish","type":"product","link":"https:\/\/snusoem.com\/ro\/product\/cuba-watermelon-medium-10-4-mg\/","title":{"rendered":"CUBA Watermelon Medium 10.4 MG"},"content":{"rendered":"<div class=\"product-tab border-b-2 block md:-top-6 w-full md:flex md:justify-around\">\n<div class=\"flex w-full md:w-auto flex-row md:mr-4\">\n<div class=\"product-tab border-b-2 block md:-top-6 w-full md:flex md:justify-around\">\n<div class=\"flex w-full md:w-auto flex-row md:mr-4\">\n<div id=\"station-tabs-tabpanel_ht-i0-t7\" class=\"station-tabs-tabpanel is-active\" role=\"region\" aria-labelledby=\"station-tabs-tab_ht-i0-t7\" aria-hidden=\"false\">\n<div class=\"station-tabs-tabcontent\">\n<div class=\"content\">\n<h5 class=\"s28 m10\"><\/h5>\n<div class=\"content\">\n<div class=\"content\">\n<h1>Discover the Exhilarating Flavor of CUBA Peach Medium Nicotine Pouches<\/h1>\n<p>Embark on a tropical journey with the bold and invigorating\u00a0<strong>CUBA Peach Medium<\/strong>, a premium offering in the world of nicotine pouches. Crafted for those who seek a powerful nicotine experience without compromising on taste, this product is a testament to the innovation and quality that the\u00a0<a href=\"https:\/\/snusoem.com\/ro\/cuba\/\">CUBA<\/a>\u00a0brand is renowned for.<\/p>\n<h2>Intense Strength Meets Luscious Peach<\/h2>\n<p>Each slim pouch is a fusion of extreme strength and succulent peach flavor, designed to deliver a satisfying punch with a delightful aroma. The\u00a0<strong>EXTREM DE PUTERNIC<\/strong>\u00a0nicotine content is balanced with the sweet and juicy essence of peaches, creating a harmonious blend that stimulates the senses.<\/p>\n<h2>Designed for Discretion and Comfort<\/h2>\n<p>The\u00a0<strong>SLIM<\/strong>\u00a0format of CUBA Peach Medium is tailored for discretion and comfort, fitting snugly under the lip. With\u00a0<strong>20 de plicule\u021be per cutie<\/strong>, fiecare c\u00e2nt\u0103rind\u00a0<strong>0.65 grams<\/strong>, you can enjoy a discreet, smokeless nicotine experience anytime, anywhere.<\/p>\n<h2>Potent and Pure Nicotine Satisfaction<\/h2>\n<p>Boasting a robust\u00a0<strong>15.6 mg of nicotine per pouch<\/strong>\u00a0\u0219i o impresionant\u0103\u00a0<strong>24 mg of nicotine per gram<\/strong>, these pouches are ideal for seasoned users seeking a potent and pure nicotine hit. The\u00a0<strong>13-gram<\/strong>\u00a0can packs a powerful punch, ensuring that each moment of enjoyment is as intense as the last.<\/p>\n<\/div>\n<\/div>\n<\/div>\n<h2><strong>Cum se Utilizeaz\u0103<\/strong><\/h2>\n<ol>\n<li>Deschide o cutie \u0219i scoate un plicule\u021b.<\/li>\n<li>A\u0219eaz\u0103 plicule\u021bul \u00eentre gingie \u0219i buza superioar\u0103.<\/li>\n<li>Bucur\u0103-te de senza\u021bia u\u0219oar\u0103 de furnic\u0103tur\u0103 timp de 10-30 de minute pe m\u0103sur\u0103 ce nicotina se elibereaz\u0103.<\/li>\n<li>Arunc\u0103 plicule\u021bul folosit \u00een compartimentul capacului cutiei sau \u00eentr-un co\u0219 de gunoi.<\/li>\n<\/ol>\n<\/div>\n<\/div>\n<\/div>\n<\/div>\n<\/div>\n<\/div>","protected":false},"excerpt":{"rendered":"<div class=\"leading-relaxed product-description text-mine-shaft prose mt-2\">\n<div class=\"leading-relaxed product-description text-mine-shaft prose mt-2\">\n<div class=\"leading-relaxed product-description text-mine-shaft prose mt-2\">\n<div class=\"leading-relaxed product-description text-mine-shaft prose mt-2\">\n<div class=\"leading-relaxed product-description text-mine-shaft prose mt-2\">\n<div class=\"leading-relaxed product-description text-mine-shaft prose mt-2\">\n<div class=\"leading-relaxed product-description text-mine-shaft prose mt-2\">\n<div class=\"leading-relaxed product-description text-mine-shaft prose mt-2\">\n<div class=\"leading-relaxed product-description text-mine-shaft prose mt-2\">\n<div class=\"leading-relaxed product-description text-mine-shaft prose mt-2\">\n<div class=\"leading-relaxed product-description text-mine-shaft prose mt-2\">\n<div class=\"leading-relaxed product-description prose\">\n<div class=\"leading-relaxed product-description prose\" style=\"text-align: left;\">\n<div class=\"leading-relaxed product-description prose\">\n<div class=\"leading-relaxed product-description prose\">\n<div class=\"leading-relaxed product-description text-mine-shaft prose mt-2\">\n<div class=\"leading-relaxed product-description text-mine-shaft prose mt-2\">\n<div class=\"leading-relaxed product-description text-mine-shaft prose mt-2\">\n<div class=\"leading-relaxed product-description text-mine-shaft prose mt-2\">\n<div class=\"leading-relaxed product-description text-mine-shaft prose mt-2\">\n<div class=\"leading-relaxed product-description text-mine-shaft prose mt-2\">\n<div class=\"leading-relaxed product-description text-mine-shaft prose mt-2\">\n<div class=\"leading-relaxed product-description text-mine-shaft prose mt-2\">\n<div class=\"leading-relaxed product-description text-mine-shaft prose mt-2\">\n<div class=\"leading-relaxed product-description text-mine-shaft prose mt-2\">\n<div class=\"leading-relaxed product-description text-mine-shaft prose mt-2\">\n<div class=\"leading-relaxed product-description prose\">\n<div class=\"leading-relaxed product-description prose\" style=\"text-align: left;\">\n<div class=\"leading-relaxed product-description prose\">\n<div class=\"leading-relaxed product-description prose\">\n<div class=\"description\">\n<div class=\"description\">\n<div class=\"description\">\n<div class=\"description\">\n<div class=\"description\">\n<div class=\"description\">\n<div class=\"description\">\n<div class=\"description\">\n<div class=\"description\">\n<div class=\"description\">\n<div class=\"description\">\n<div class=\"description\">\n<div class=\"description\">\n<div class=\"description\">&#8220;Indulge in the refreshing flavor of CUBA Watermelon Medium nicotine pouches. A perfect balance of sweetness and juiciness for a delightful smoking experience. Discover it now!&#8221;<\/div>\n<\/div>\n<\/div>\n<\/div>\n<\/div>\n<\/div>\n<\/div>\n<\/div>\n<\/div>\n<\/div>\n<\/div>\n<\/div>\n<\/div>\n<div class=\"info-usps\">\n<p>&nbsp;<\/p>\n<\/div>\n<\/div>\n<\/div>\n<\/div>\n<\/div>\n<div><\/div>\n<\/div>\n<\/div>\n<\/div>\n<\/div>\n<\/div>\n<\/div>\n<\/div>\n<\/div>\n<\/div>\n<\/div>\n<\/div>\n<\/div>\n<div>\n<p><!-- \/wp:heading --> <!-- wp:table --><\/p>\n<figure class=\"wp-block-table\">\n<table class=\"has-fixed-layout\" style=\"height: 266px;\" width=\"386\">\n<tbody>\n<tr>\n<td>STRENGTH<\/td>\n<td>\n<div class=\"flex min-w-max justify-between md:grid md:grid-cols-2 mb-2 border-b border-[#d8d6d4]\">\n<div class=\"flex flex-1 justify-end text-right md:text-left md:justify-start data pb-2 items-center product-attribute-value max-w-[200px]\" data-th=\"Product Info\">\n<div class=\"flex min-w-max justify-between md:grid md:grid-cols-2 mb-2 border-b border-[#d8d6d4]\">\n<div class=\"flex flex-1 justify-end text-right md:text-left md:justify-start data pb-2 items-center product-attribute-value max-w-[200px]\" data-th=\"Product Info\">\n<div class=\"flex min-w-max justify-between md:grid md:grid-cols-2 mb-2 border-b border-[#d8d6d4]\">\n<div class=\"flex flex-1 justify-end text-right md:text-left md:justify-start data pb-2 items-center product-attribute-value max-w-[200px]\" data-th=\"Product Info\">\n<p>\u00a0STRONG<\/p>\n<\/div>\n<\/div>\n<\/div>\n<\/div>\n<\/div>\n<\/div>\n<\/td>\n<\/tr>\n<tr>\n<td>Brand<\/td>\n<td>CUBA<\/td>\n<\/tr>\n<tr>\n<td>Strength<\/td>\n<td>10.4MG<\/td>\n<\/tr>\n<tr>\n<td>Flavor<\/td>\n<td>Watermelon<\/td>\n<\/tr>\n<tr>\n<td>NICOTINE (MG) PER POUCH<\/td>\n<td>10.4<\/td>\n<\/tr>\n<tr>\n<td>NICOTINE (MG) PER GRAM<\/td>\n<td>16<\/td>\n<\/tr>\n<tr>\n<td>Pouches\/can<\/td>\n<td>20<\/td>\n<\/tr>\n<tr>\n<td>WEIGHT PER POUCH (GRAM)<\/td>\n<td>0.65<\/td>\n<\/tr>\n<tr>\n<td>Wet\/Dry<\/td>\n<td>Dry<\/td>\n<\/tr>\n<\/tbody>\n<\/table>\n<\/figure>\n<p><!-- \/wp:table --><\/p>\n<\/div>\n<form action=\"https:\/\/nicokick.com\/outofstock\/index\/createOosSubscription\" method=\"post\" data-mage-init=\"{'validation':{}}\"><\/form>\n<\/div>\n<\/div>\n<\/div>\n<\/div>\n<\/div>\n<\/div>\n<\/div>\n<\/div>\n<\/div>\n<\/div>\n<\/div>\n<\/div>\n<\/div>\n<\/div>\n<\/div>\n<div>\n<p><!-- \/wp:table --><\/p>\n<\/div>\n<form action=\"https:\/\/nicokick.com\/outofstock\/index\/createOosSubscription\" method=\"post\" data-mage-init=\"{'validation':{}}\"><\/form>\n","protected":false},"featured_media":3078,"comment_status":"open","ping_status":"closed","template":"","meta":[],"product_brand":[],"product_cat":[61],"product_tag":[],"class_list":{"0":"post-3077","1":"product","2":"type-product","3":"status-publish","4":"has-post-thumbnail","6":"product_cat-cuba","8":"first","9":"instock","10":"taxable","11":"shipping-taxable","12":"product-type-simple"},"_links":{"self":[{"href":"https:\/\/snusoem.com\/ro\/wp-json\/wp\/v2\/product\/3077","targetHints":{"allow":["GET"]}}],"collection":[{"href":"https:\/\/snusoem.com\/ro\/wp-json\/wp\/v2\/product"}],"about":[{"href":"https:\/\/snusoem.com\/ro\/wp-json\/wp\/v2\/types\/product"}],"replies":[{"embeddable":true,"href":"https:\/\/snusoem.com\/ro\/wp-json\/wp\/v2\/comments?post=3077"}],"wp:featuredmedia":[{"embeddable":true,"href":"https:\/\/snusoem.com\/ro\/wp-json\/wp\/v2\/media\/3078"}],"wp:attachment":[{"href":"https:\/\/snusoem.com\/ro\/wp-json\/wp\/v2\/media?parent=3077"}],"wp:term":[{"taxonomy":"product_brand","embeddable":true,"href":"https:\/\/snusoem.com\/ro\/wp-json\/wp\/v2\/product_brand?post=3077"},{"taxonomy":"product_cat","embeddable":true,"href":"https:\/\/snusoem.com\/ro\/wp-json\/wp\/v2\/product_cat?post=3077"},{"taxonomy":"product_tag","embeddable":true,"href":"https:\/\/snusoem.com\/ro\/wp-json\/wp\/v2\/product_tag?post=3077"}],"curies":[{"name":"wp","href":"https:\/\/api.w.org\/{rel}","templated":true}]}}