{"id":3067,"date":"2025-09-12T03:27:40","date_gmt":"2025-09-12T03:27:40","guid":{"rendered":"https:\/\/snusoem.com\/?post_type=product&#038;p=3067"},"modified":"2025-09-12T03:38:17","modified_gmt":"2025-09-12T03:38:17","slug":"cuba-forest-berries-medium-10-4-mg","status":"publish","type":"product","link":"https:\/\/snusoem.com\/ro\/product\/cuba-forest-berries-medium-10-4-mg\/","title":{"rendered":"CUBA Forest Berries Medium 10.4 MG"},"content":{"rendered":"<div class=\"product-tab border-b-2 block md:-top-6 w-full md:flex md:justify-around\">\n<div class=\"flex w-full md:w-auto flex-row md:mr-4\">\n<div class=\"product-tab border-b-2 block md:-top-6 w-full md:flex md:justify-around\">\n<div class=\"flex w-full md:w-auto flex-row md:mr-4\">\n<div id=\"station-tabs-tabpanel_ht-i0-t7\" class=\"station-tabs-tabpanel is-active\" role=\"region\" aria-labelledby=\"station-tabs-tab_ht-i0-t7\" aria-hidden=\"false\">\n<div class=\"station-tabs-tabcontent\">\n<div class=\"content\">\n<h5 class=\"s28 m10\"><\/h5>\n<div class=\"content\">\n<div class=\"content\">\n<h1>Discover the Lush Flavors of the Forest with CUBA Forest Berries Medium<\/h1>\n<p>Embark on a sensory journey through the wilderness with the exquisite\u00a0<strong>CUBA Forest Berries Medium<\/strong>\u00a0nicotine pouches. This premium offering from the renowned brand\u00a0<a href=\"https:\/\/snusoem.com\/ro\/\">CUBA<\/a>\u00a0is designed for those who seek a powerful yet refined experience. Let&#8217;s delve into what makes these nicotine pouches a must-try for enthusiasts and newcomers alike.<\/p>\n<h2>Intense Strength Meets Delicate Flavors<\/h2>\n<p>As part of the esteemed\u00a0<a href=\"https:\/\/snusoem.com\/ro\/produs\/cuba-forest-berries-medium-10-4-mg\/+%e2%80%8e\/\">CUBA NICOTINE POUCHES<\/a>\u00a0category, CUBA Forest Berries Medium stands out with its extremely strong nicotine content. With a robust 15.6 mg of nicotine per pouch and an impressive 24 mg of nicotine per gram, these pouches are tailored for those who prefer a potent punch. However, the strength is beautifully balanced with the delicate and sweet flavors of assorted berries, creating a harmonious blend that invigorates and pleases the palate.<\/p>\n<h2>Design Elegant pentru O Pl\u0103cere Discret\u0103<\/h2>\n<p>The SLIM format of CUBA Forest Berries Medium ensures a comfortable and discreet experience. Each can contains 20 perfectly portioned pouches, with each weighing in at a light 0.65 grams. The sleek design fits snugly under the lip, making it ideal for use at any time of the day without drawing attention.<\/p>\n<\/div>\n<\/div>\n<\/div>\n<h2><strong>Cum se Utilizeaz\u0103<\/strong><\/h2>\n<ol>\n<li>Deschide o cutie \u0219i scoate un plicule\u021b.<\/li>\n<li>A\u0219eaz\u0103 plicule\u021bul \u00eentre gingie \u0219i buza superioar\u0103.<\/li>\n<li>Bucur\u0103-te de senza\u021bia u\u0219oar\u0103 de furnic\u0103tur\u0103 timp de 10-30 de minute pe m\u0103sur\u0103 ce nicotina se elibereaz\u0103.<\/li>\n<li>Arunc\u0103 plicule\u021bul folosit \u00een compartimentul capacului cutiei sau \u00eentr-un co\u0219 de gunoi.<\/li>\n<\/ol>\n<\/div>\n<\/div>\n<\/div>\n<\/div>\n<\/div>\n<\/div>","protected":false},"excerpt":{"rendered":"<div class=\"leading-relaxed product-description text-mine-shaft prose mt-2\">\n<div class=\"leading-relaxed product-description text-mine-shaft prose mt-2\">\n<div class=\"leading-relaxed product-description text-mine-shaft prose mt-2\">\n<div class=\"leading-relaxed product-description text-mine-shaft prose mt-2\">\n<div class=\"leading-relaxed product-description text-mine-shaft prose mt-2\">\n<div class=\"leading-relaxed product-description text-mine-shaft prose mt-2\">\n<div class=\"leading-relaxed product-description text-mine-shaft prose mt-2\">\n<div class=\"leading-relaxed product-description text-mine-shaft prose mt-2\">\n<div class=\"leading-relaxed product-description text-mine-shaft prose mt-2\">\n<div class=\"leading-relaxed product-description text-mine-shaft prose mt-2\">\n<div class=\"leading-relaxed product-description text-mine-shaft prose mt-2\">\n<div class=\"leading-relaxed product-description prose\">\n<div class=\"leading-relaxed product-description prose\" style=\"text-align: left;\">\n<div class=\"leading-relaxed product-description prose\">\n<div class=\"leading-relaxed product-description prose\">\n<div class=\"leading-relaxed product-description text-mine-shaft prose mt-2\">\n<div class=\"leading-relaxed product-description text-mine-shaft prose mt-2\">\n<div class=\"leading-relaxed product-description text-mine-shaft prose mt-2\">\n<div class=\"leading-relaxed product-description text-mine-shaft prose mt-2\">\n<div class=\"leading-relaxed product-description text-mine-shaft prose mt-2\">\n<div class=\"leading-relaxed product-description text-mine-shaft prose mt-2\">\n<div class=\"leading-relaxed product-description text-mine-shaft prose mt-2\">\n<div class=\"leading-relaxed product-description text-mine-shaft prose mt-2\">\n<div class=\"leading-relaxed product-description text-mine-shaft prose mt-2\">\n<div class=\"leading-relaxed product-description text-mine-shaft prose mt-2\">\n<div class=\"leading-relaxed product-description text-mine-shaft prose mt-2\">\n<div class=\"leading-relaxed product-description prose\">\n<div class=\"leading-relaxed product-description prose\" style=\"text-align: left;\">\n<div class=\"leading-relaxed product-description prose\">\n<div class=\"leading-relaxed product-description prose\">\n<div class=\"description\">\n<div class=\"description\">\n<div class=\"description\">\n<div class=\"description\">\n<div class=\"description\">\n<div class=\"description\">\n<div class=\"description\">\n<div class=\"description\">\n<div class=\"description\">\n<div class=\"description\">\n<div class=\"description\">\n<div class=\"description\">\n<div class=\"description\">\n<div class=\"description\">\n<div class=\"description\">\n<div class=\"description\">Unleash your wild side with CUBA Forest Berries Medium nicotine pouches and let your taste buds party like it&#8217;s a forest rave in your mouth!<\/div>\n<\/div>\n<\/div>\n<\/div>\n<div class=\"info-usps\">\n<p>&nbsp;<\/p>\n<\/div>\n<\/div>\n<\/div>\n<div class=\"info-usps\">\n<p>&nbsp;<\/p>\n<\/div>\n<\/div>\n<\/div>\n<\/div>\n<\/div>\n<\/div>\n<\/div>\n<\/div>\n<\/div>\n<\/div>\n<div class=\"info-usps\">\n<p>&nbsp;<\/p>\n<\/div>\n<\/div>\n<\/div>\n<div class=\"flex flex-col sm:flex-row justify-between my-4 sd-product-info-stock \"><\/div>\n<\/div>\n<\/div>\n<div><\/div>\n<\/div>\n<\/div>\n<\/div>\n<\/div>\n<\/div>\n<\/div>\n<\/div>\n<\/div>\n<\/div>\n<\/div>\n<\/div>\n<\/div>\n<div>\n<p><!-- \/wp:heading --> <!-- wp:table --><\/p>\n<figure class=\"wp-block-table\">\n<table class=\"has-fixed-layout\" style=\"height: 266px;\" width=\"386\">\n<tbody>\n<tr>\n<td>STRENGTH<\/td>\n<td>\n<div class=\"flex min-w-max justify-between md:grid md:grid-cols-2 mb-2 border-b border-[#d8d6d4]\">\n<div class=\"flex flex-1 justify-end text-right md:text-left md:justify-start data pb-2 items-center product-attribute-value max-w-[200px]\" data-th=\"Product Info\">\n<div class=\"flex min-w-max justify-between md:grid md:grid-cols-2 mb-2 border-b border-[#d8d6d4]\">\n<div class=\"flex flex-1 justify-end text-right md:text-left md:justify-start data pb-2 items-center product-attribute-value max-w-[200px]\" data-th=\"Product Info\">\n<div class=\"flex min-w-max justify-between md:grid md:grid-cols-2 mb-2 border-b border-[#d8d6d4]\">\n<div class=\"flex flex-1 justify-end text-right md:text-left md:justify-start data pb-2 items-center product-attribute-value max-w-[200px]\" data-th=\"Product Info\">\n<p>\u00a0STRONG<\/p>\n<\/div>\n<\/div>\n<\/div>\n<\/div>\n<\/div>\n<\/div>\n<\/td>\n<\/tr>\n<tr>\n<td>Brand<\/td>\n<td>CUBA<\/td>\n<\/tr>\n<tr>\n<td>Strength<\/td>\n<td>10.4MG<\/td>\n<\/tr>\n<tr>\n<td>Flavor<\/td>\n<td>Forest Berries<\/td>\n<\/tr>\n<tr>\n<td>NICOTINE (MG) PER POUCH<\/td>\n<td>10.4<\/td>\n<\/tr>\n<tr>\n<td>NICOTINE (MG) PER GRAM<\/td>\n<td>16<\/td>\n<\/tr>\n<tr>\n<td>Pouches\/can<\/td>\n<td>20<\/td>\n<\/tr>\n<tr>\n<td>WEIGHT PER POUCH (GRAM)<\/td>\n<td>0.65<\/td>\n<\/tr>\n<tr>\n<td>Wet\/Dry<\/td>\n<td>Dry<\/td>\n<\/tr>\n<\/tbody>\n<\/table>\n<\/figure>\n<p><!-- \/wp:table --><\/p>\n<\/div>\n<form action=\"https:\/\/nicokick.com\/outofstock\/index\/createOosSubscription\" method=\"post\" data-mage-init=\"{'validation':{}}\"><\/form>\n<\/div>\n<\/div>\n<\/div>\n<\/div>\n<\/div>\n<\/div>\n<\/div>\n<\/div>\n<\/div>\n<\/div>\n<\/div>\n<\/div>\n<\/div>\n<\/div>\n<\/div>\n<div>\n<p><!-- \/wp:table --><\/p>\n<\/div>\n<form action=\"https:\/\/nicokick.com\/outofstock\/index\/createOosSubscription\" method=\"post\" data-mage-init=\"{'validation':{}}\"><\/form>\n","protected":false},"featured_media":3068,"comment_status":"open","ping_status":"closed","template":"","meta":[],"product_brand":[],"product_cat":[61],"product_tag":[],"class_list":{"0":"post-3067","1":"product","2":"type-product","3":"status-publish","4":"has-post-thumbnail","6":"product_cat-cuba","8":"first","9":"instock","10":"taxable","11":"shipping-taxable","12":"product-type-simple"},"_links":{"self":[{"href":"https:\/\/snusoem.com\/ro\/wp-json\/wp\/v2\/product\/3067","targetHints":{"allow":["GET"]}}],"collection":[{"href":"https:\/\/snusoem.com\/ro\/wp-json\/wp\/v2\/product"}],"about":[{"href":"https:\/\/snusoem.com\/ro\/wp-json\/wp\/v2\/types\/product"}],"replies":[{"embeddable":true,"href":"https:\/\/snusoem.com\/ro\/wp-json\/wp\/v2\/comments?post=3067"}],"wp:featuredmedia":[{"embeddable":true,"href":"https:\/\/snusoem.com\/ro\/wp-json\/wp\/v2\/media\/3068"}],"wp:attachment":[{"href":"https:\/\/snusoem.com\/ro\/wp-json\/wp\/v2\/media?parent=3067"}],"wp:term":[{"taxonomy":"product_brand","embeddable":true,"href":"https:\/\/snusoem.com\/ro\/wp-json\/wp\/v2\/product_brand?post=3067"},{"taxonomy":"product_cat","embeddable":true,"href":"https:\/\/snusoem.com\/ro\/wp-json\/wp\/v2\/product_cat?post=3067"},{"taxonomy":"product_tag","embeddable":true,"href":"https:\/\/snusoem.com\/ro\/wp-json\/wp\/v2\/product_tag?post=3067"}],"curies":[{"name":"wp","href":"https:\/\/api.w.org\/{rel}","templated":true}]}}