{"id":2976,"date":"2025-08-11T09:07:05","date_gmt":"2025-08-11T09:07:05","guid":{"rendered":"https:\/\/snusoem.com\/?post_type=product&#038;p=2976"},"modified":"2025-08-11T09:12:35","modified_gmt":"2025-08-11T09:12:35","slug":"best-caffeine-pouches-factory-mango-80mg-caffeine-pouches","status":"publish","type":"product","link":"https:\/\/snusoem.com\/ro\/product\/best-caffeine-pouches-factory-mango-80mg-caffeine-pouches\/","title":{"rendered":"Cea mai bun\u0103 fabric\u0103 de pungi cu cafein\u0103\u200b Mango-Pungi cu Cafein\u0103 de 80MG"},"content":{"rendered":"<div class=\"product-tab border-b-2 block md:-top-6 w-full md:flex md:justify-around\">\n<div class=\"flex w-full md:w-auto flex-row md:mr-4\">\n<div class=\"product-tab border-b-2 block md:-top-6 w-full md:flex md:justify-around\">\n<div class=\"flex w-full md:w-auto flex-row md:mr-4\">\n<div id=\"station-tabs-tabpanel_ht-i0-t7\" class=\"station-tabs-tabpanel is-active\" role=\"region\" aria-labelledby=\"station-tabs-tab_ht-i0-t7\" aria-hidden=\"false\">\n<div class=\"station-tabs-tabcontent\">\n<h2><a href=\"https:\/\/snusoem.com\/ro\/produs\/best-caffeine-pouches-factory-mango-80mg-caffeine-pouches\/\">Buy Mango <\/a><a href=\"https:\/\/snusoem.com\/ro\/produs\/best-caffeine-pouches-factory-mango-80mg-caffeine-pouches\/\">Plicule\u021be cu cofein\u0103<\/a><a href=\"https:\/\/snusoem.com\/ro\/produs\/best-caffeine-pouches-factory-mango-80mg-caffeine-pouches\/\">-80MG\u00a0<\/a><\/h2>\n<p>Compania noastr\u0103 a fost fondat\u0103 cu un singur scop: s\u0103 creeze o modalitate mai bun\u0103 de a energiza. \u00cen c\u0103utarea noastr\u0103 de energie echilibrat\u0103, am recunoscut dezavantajele produselor tradi\u021bionale cu cafein\u0103, cum ar fi b\u0103uturile energizante \u0219i cafeaua\u2014con\u021binut ridicat de zah\u0103r, calorii \u0219i umpluturi excesive, ambalaje aglomerate \u0219i pre\u021buri exorbitante. Dup\u0103 cercet\u0103ri extinse \u0219i dezvoltare de produse, am creat o solu\u021bie interesant\u0103 \u0219i convenabil\u0103 pentru a v\u0103 ajuta s\u0103 ob\u021bine\u021bi concentrarea \u0219i energia de care ave\u021bi nevoie. Toat\u0103 aceast\u0103 putere este ambalat\u0103 \u00eentr-un pachet mic. Pute\u021bi cump\u0103ra pachete de energie \u0219i alte produse f\u0103r\u0103 fum aici.<\/p>\n<h3>Cum se Utilizeaz\u0103<\/h3>\n<ol>\n<li>Deschide o cutie \u0219i scoate un plicule\u021b.<\/li>\n<li>A\u0219eaz\u0103 plicule\u021bul \u00eentre gingie \u0219i buza superioar\u0103.<\/li>\n<li>Bucura\u021bi-v\u0103 de furnic\u0103tura bl\u00e2nd\u0103 timp de 10-30 de minute pe m\u0103sur\u0103 ce cafeina se elibereaz\u0103.<\/li>\n<li>Arunc\u0103 plicule\u021bul folosit \u00een compartimentul capacului cutiei sau \u00eentr-un co\u0219 de gunoi.<\/li>\n<\/ol>\n<\/div>\n<\/div>\n<\/div>\n<\/div>\n<\/div>\n<\/div>","protected":false},"excerpt":{"rendered":"<div class=\"leading-relaxed product-description text-mine-shaft prose mt-2\">\n<div class=\"leading-relaxed product-description text-mine-shaft prose mt-2\">\n<div class=\"leading-relaxed product-description text-mine-shaft prose mt-2\">\n<div class=\"leading-relaxed product-description text-mine-shaft prose mt-2\">\n<div class=\"leading-relaxed product-description text-mine-shaft prose mt-2\">\n<div class=\"leading-relaxed product-description text-mine-shaft prose mt-2\">\n<div class=\"leading-relaxed product-description text-mine-shaft prose mt-2\">\n<div class=\"leading-relaxed product-description text-mine-shaft prose mt-2\">\n<div class=\"leading-relaxed product-description text-mine-shaft prose mt-2\">\n<div class=\"leading-relaxed product-description text-mine-shaft prose mt-2\">\n<div class=\"leading-relaxed product-description text-mine-shaft prose mt-2\">\n<div class=\"leading-relaxed product-description prose\">\n<div class=\"leading-relaxed product-description prose\" style=\"text-align: left;\">\n<div class=\"leading-relaxed product-description prose\">\n<div class=\"leading-relaxed product-description prose\">\n<div class=\"leading-relaxed product-description text-mine-shaft prose mt-2\">\n<div class=\"leading-relaxed product-description text-mine-shaft prose mt-2\">\n<div class=\"leading-relaxed product-description text-mine-shaft prose mt-2\">\n<div class=\"leading-relaxed product-description text-mine-shaft prose mt-2\">\n<div class=\"leading-relaxed product-description text-mine-shaft prose mt-2\">\n<div class=\"leading-relaxed product-description text-mine-shaft prose mt-2\">\n<div class=\"leading-relaxed product-description text-mine-shaft prose mt-2\">\n<div class=\"leading-relaxed product-description text-mine-shaft prose mt-2\">\n<div class=\"leading-relaxed product-description text-mine-shaft prose mt-2\">\n<div class=\"leading-relaxed product-description text-mine-shaft prose mt-2\">\n<div class=\"leading-relaxed product-description text-mine-shaft prose mt-2\">\n<div class=\"leading-relaxed product-description prose\">\n<div class=\"leading-relaxed product-description prose\" style=\"text-align: left;\">\n<div class=\"leading-relaxed product-description prose\">\n<div class=\"leading-relaxed product-description prose\">\n<p>Experience a delicious boost of energy \u2013 Mango. Each easy-to-use pouch contains 80mg of natural caffeine plus powerful adaptogens for energy, focus, and balance. Enjoy the juicy, exotic taste of mango in every bite, with 20 pouches per can.<\/p>\n<p>&nbsp;<\/p>\n<p>&nbsp;<\/p>\n<\/div>\n<div class=\"flex flex-col sm:flex-row justify-between my-4 sd-product-info-stock \"><\/div>\n<\/div>\n<\/div>\n<div><\/div>\n<\/div>\n<\/div>\n<\/div>\n<\/div>\n<\/div>\n<\/div>\n<\/div>\n<\/div>\n<\/div>\n<\/div>\n<\/div>\n<\/div>\n<div>\n<p><!-- \/wp:heading --> <!-- wp:table --><\/p>\n<figure class=\"wp-block-table\">\n<table class=\"has-fixed-layout\" style=\"height: 266px;\" width=\"386\">\n<tbody>\n<tr>\n<td>Product Info<\/td>\n<td>\n<div class=\"flex min-w-max justify-between md:grid md:grid-cols-2 mb-2 border-b border-[#d8d6d4]\">\n<div class=\"flex flex-1 justify-end text-right md:text-left md:justify-start data pb-2 items-center product-attribute-value max-w-[200px]\" data-th=\"Product Info\">\n<div class=\"flex min-w-max justify-between md:grid md:grid-cols-2 mb-2 border-b border-[#d8d6d4]\">\n<div class=\"flex flex-1 justify-end text-right md:text-left md:justify-start data pb-2 items-center product-attribute-value max-w-[200px]\" data-th=\"Product Info\">\n<div class=\"flex min-w-max justify-between md:grid md:grid-cols-2 mb-2 border-b border-[#d8d6d4]\">\n<div class=\"flex flex-1 justify-end text-right md:text-left md:justify-start data pb-2 items-center product-attribute-value max-w-[200px]\" data-th=\"Product Info\">Caffeine Pouch<\/div>\n<\/div>\n<\/div>\n<\/div>\n<\/div>\n<\/div>\n<\/td>\n<\/tr>\n<tr>\n<td>Brand<\/td>\n<td>OEM\/ODM<\/td>\n<\/tr>\n<tr>\n<td>Strength<\/td>\n<td>80MG<\/td>\n<\/tr>\n<tr>\n<td>Flavor<\/td>\n<td>\u00a0Mango<\/td>\n<\/tr>\n<tr>\n<td>Nicotine<\/td>\n<td>80\/pouch<\/td>\n<\/tr>\n<tr>\n<td>Portion Weight (g)<\/td>\n<td>0.8<\/td>\n<\/tr>\n<tr>\n<td>Pouches\/can<\/td>\n<td>20<\/td>\n<\/tr>\n<tr>\n<td>Net Weight (g)<\/td>\n<td>16<\/td>\n<\/tr>\n<tr>\n<td>Wet\/Dry<\/td>\n<td>Dry<\/td>\n<\/tr>\n<\/tbody>\n<\/table>\n<\/figure>\n<p><!-- \/wp:table --><\/p>\n<\/div>\n<form action=\"https:\/\/nicokick.com\/outofstock\/index\/createOosSubscription\" method=\"post\" data-mage-init=\"{'validation':{}}\"><\/form>\n<\/div>\n<\/div>\n<\/div>\n<\/div>\n<\/div>\n<\/div>\n<\/div>\n<\/div>\n<\/div>\n<\/div>\n<\/div>\n<\/div>\n<\/div>\n<\/div>\n<\/div>\n<div>\n<p><!-- \/wp:table --><\/p>\n<\/div>\n<form action=\"https:\/\/nicokick.com\/outofstock\/index\/createOosSubscription\" method=\"post\" data-mage-init=\"{'validation':{}}\"><\/form>\n","protected":false},"featured_media":2978,"comment_status":"open","ping_status":"closed","template":"","meta":[],"product_brand":[],"product_cat":[60],"product_tag":[],"class_list":{"0":"post-2976","1":"product","2":"type-product","3":"status-publish","4":"has-post-thumbnail","6":"product_cat-caffeine-pouches","8":"first","9":"instock","10":"taxable","11":"shipping-taxable","12":"product-type-simple"},"_links":{"self":[{"href":"https:\/\/snusoem.com\/ro\/wp-json\/wp\/v2\/product\/2976","targetHints":{"allow":["GET"]}}],"collection":[{"href":"https:\/\/snusoem.com\/ro\/wp-json\/wp\/v2\/product"}],"about":[{"href":"https:\/\/snusoem.com\/ro\/wp-json\/wp\/v2\/types\/product"}],"replies":[{"embeddable":true,"href":"https:\/\/snusoem.com\/ro\/wp-json\/wp\/v2\/comments?post=2976"}],"wp:featuredmedia":[{"embeddable":true,"href":"https:\/\/snusoem.com\/ro\/wp-json\/wp\/v2\/media\/2978"}],"wp:attachment":[{"href":"https:\/\/snusoem.com\/ro\/wp-json\/wp\/v2\/media?parent=2976"}],"wp:term":[{"taxonomy":"product_brand","embeddable":true,"href":"https:\/\/snusoem.com\/ro\/wp-json\/wp\/v2\/product_brand?post=2976"},{"taxonomy":"product_cat","embeddable":true,"href":"https:\/\/snusoem.com\/ro\/wp-json\/wp\/v2\/product_cat?post=2976"},{"taxonomy":"product_tag","embeddable":true,"href":"https:\/\/snusoem.com\/ro\/wp-json\/wp\/v2\/product_tag?post=2976"}],"curies":[{"name":"wp","href":"https:\/\/api.w.org\/{rel}","templated":true}]}}