{"id":1710,"date":"2025-04-28T03:13:56","date_gmt":"2025-04-28T03:13:56","guid":{"rendered":"https:\/\/snusoem.com\/?post_type=product&#038;p=1710"},"modified":"2025-04-28T03:19:59","modified_gmt":"2025-04-28T03:19:59","slug":"zyn-cool-watermelon-strong-11mg","status":"publish","type":"product","link":"https:\/\/snusoem.com\/ro\/product\/zyn-cool-watermelon-strong-11mg\/","title":{"rendered":"Zyn Cool Pepene ro\u0219u puternic 11MG"},"content":{"rendered":"<div class=\"product-tab border-b-2 block md:-top-6 w-full md:flex md:justify-around\">\n<div class=\"flex w-full md:w-auto flex-row md:mr-4\">\n<h4>Arom\u0103 proasp\u0103t\u0103 de pepene ro\u0219u la maxim<\/h4>\n<p>ZYN Watermelon Strong ofer\u0103 gustul r\u0103coritor al pepenelui suculent \u00eentr-o pung\u0103 sub\u021bire convenabil\u0103. Dulcea\u021ba natural\u0103 \u0219i crocantul pepenelui sunt captate perfect, oferind un profil de arom\u0103 care este at\u00e2t vibrant, c\u00e2t \u0219i satisf\u0103c\u0103tor. Fie c\u0103 este o zi torid\u0103 de var\u0103 sau pur \u0219i simplu ave\u021bi chef de ceva fructat, acest snus este o alegere r\u0103coritoare.<\/p>\n<h4>Puternic, dar echilibrat<\/h4>\n<p>Cu un con\u021binut de nicotin\u0103 de 11 mg per por\u021bie, ZYN Watermelon Strong ofer\u0103 o putere moderat\u0103 care ofer\u0103 un zumzet vizibil, r\u0103m\u00e2n\u00e2nd \u00een acela\u0219i timp neted\u0103 \u0219i pl\u0103cut\u0103. Fiecare cutie con\u021bine 20 de pungi de format sub\u021bire, asigur\u00e2nd o potrivire confortabil\u0103 \u0219i o utilizare discret\u0103. Perfect pentru cei care iubesc aromele \u00eendr\u0103zne\u021be cu doar cantitatea potrivit\u0103 de lovitur\u0103, ZYN Watermelon Strong este un companion aromat pentru orice ocazie.<\/p>\n<\/div>\n<\/div>","protected":false},"excerpt":{"rendered":"<div class=\"leading-relaxed product-description text-mine-shaft prose mt-2\">\n<div class=\"leading-relaxed product-description text-mine-shaft prose mt-2\">\n<div class=\"leading-relaxed product-description text-mine-shaft prose mt-2\">\n<div class=\"leading-relaxed product-description text-mine-shaft prose mt-2\">\n<div class=\"leading-relaxed product-description text-mine-shaft prose mt-2\">\n<div class=\"leading-relaxed product-description text-mine-shaft prose mt-2\">\n<div class=\"leading-relaxed product-description text-mine-shaft prose mt-2\">\n<div class=\"leading-relaxed product-description text-mine-shaft prose mt-2\">\n<div class=\"leading-relaxed product-description text-mine-shaft prose mt-2\">\n<div class=\"leading-relaxed product-description text-mine-shaft prose mt-2\">\n<div class=\"leading-relaxed product-description text-mine-shaft prose mt-2\">\n<div class=\"leading-relaxed product-description prose\">\n<div class=\"leading-relaxed product-description prose\" style=\"text-align: left;\">\n<div class=\"leading-relaxed product-description prose\">\n<div class=\"leading-relaxed product-description prose\">The natural sweetness and crispness of watermelon are perfectly captured, providing a flavor profile that\u2019s both vibrant and satisfying.<\/div>\n<div class=\"flex flex-col sm:flex-row justify-between my-4 sd-product-info-stock \"><\/div>\n<\/div>\n<\/div>\n<div><\/div>\n<\/div>\n<\/div>\n<\/div>\n<\/div>\n<\/div>\n<\/div>\n<\/div>\n<\/div>\n<\/div>\n<\/div>\n<\/div>\n<\/div>\n<div>\n<p><!-- \/wp:heading --> <!-- wp:table --><\/p>\n<figure class=\"wp-block-table\">\n<table class=\"has-fixed-layout\" style=\"height: 266px;\" width=\"386\">\n<tbody>\n<tr>\n<td>Product Info<\/td>\n<td>\n<div class=\"flex min-w-max justify-between md:grid md:grid-cols-2 mb-2 border-b border-[#d8d6d4]\">\n<div class=\"flex flex-1 justify-end text-right md:text-left md:justify-start data pb-2 items-center product-attribute-value max-w-[200px]\" data-th=\"Product Info\">\n<div class=\"flex min-w-max justify-between md:grid md:grid-cols-2 mb-2 border-b border-[#d8d6d4]\">\n<div class=\"flex flex-1 justify-end text-right md:text-left md:justify-start data pb-2 items-center product-attribute-value max-w-[200px]\" data-th=\"Product Info\">\n<div class=\"flex min-w-max justify-between md:grid md:grid-cols-2 mb-2 border-b border-[#d8d6d4]\">\n<div class=\"flex flex-1 justify-end text-right md:text-left md:justify-start data pb-2 items-center product-attribute-value max-w-[200px]\" data-th=\"Product Info\">Flavored, Tobacco Free, All White<\/div>\n<\/div>\n<\/div>\n<\/div>\n<\/div>\n<\/div>\n<\/td>\n<\/tr>\n<tr>\n<td>Brand<\/td>\n<td>ZYN<\/td>\n<\/tr>\n<tr>\n<td>Strength<\/td>\n<td>11MG<\/td>\n<\/tr>\n<tr>\n<td>Flavor<\/td>\n<td>Watermelon<\/td>\n<\/tr>\n<tr>\n<td>Nicotine<\/td>\n<td>11mg\/pouch<\/td>\n<\/tr>\n<tr>\n<td>Portion Weight (g)<\/td>\n<td>0.4<\/td>\n<\/tr>\n<tr>\n<td>Pouches\/can<\/td>\n<td>20<\/td>\n<\/tr>\n<tr>\n<td>Net Weight (g)<\/td>\n<td>14.7<\/td>\n<\/tr>\n<tr>\n<td>Wet\/Dry<\/td>\n<td>Dry<\/td>\n<\/tr>\n<\/tbody>\n<\/table>\n<\/figure>\n<p><!-- \/wp:table --><\/p>\n<\/div>\n<form action=\"https:\/\/nicokick.com\/outofstock\/index\/createOosSubscription\" method=\"post\" data-mage-init=\"{'validation':{}}\"><\/form>\n","protected":false},"featured_media":1711,"comment_status":"open","ping_status":"closed","template":"","meta":[],"product_brand":[],"product_cat":[45],"product_tag":[],"class_list":{"0":"post-1710","1":"product","2":"type-product","3":"status-publish","4":"has-post-thumbnail","6":"product_cat-eu-zyn","8":"first","9":"instock","10":"taxable","11":"shipping-taxable","12":"product-type-simple"},"_links":{"self":[{"href":"https:\/\/snusoem.com\/ro\/wp-json\/wp\/v2\/product\/1710","targetHints":{"allow":["GET"]}}],"collection":[{"href":"https:\/\/snusoem.com\/ro\/wp-json\/wp\/v2\/product"}],"about":[{"href":"https:\/\/snusoem.com\/ro\/wp-json\/wp\/v2\/types\/product"}],"replies":[{"embeddable":true,"href":"https:\/\/snusoem.com\/ro\/wp-json\/wp\/v2\/comments?post=1710"}],"wp:featuredmedia":[{"embeddable":true,"href":"https:\/\/snusoem.com\/ro\/wp-json\/wp\/v2\/media\/1711"}],"wp:attachment":[{"href":"https:\/\/snusoem.com\/ro\/wp-json\/wp\/v2\/media?parent=1710"}],"wp:term":[{"taxonomy":"product_brand","embeddable":true,"href":"https:\/\/snusoem.com\/ro\/wp-json\/wp\/v2\/product_brand?post=1710"},{"taxonomy":"product_cat","embeddable":true,"href":"https:\/\/snusoem.com\/ro\/wp-json\/wp\/v2\/product_cat?post=1710"},{"taxonomy":"product_tag","embeddable":true,"href":"https:\/\/snusoem.com\/ro\/wp-json\/wp\/v2\/product_tag?post=1710"}],"curies":[{"name":"wp","href":"https:\/\/api.w.org\/{rel}","templated":true}]}}