{"id":1702,"date":"2025-04-28T02:48:40","date_gmt":"2025-04-28T02:48:40","guid":{"rendered":"https:\/\/snusoem.com\/?post_type=product&#038;p=1702"},"modified":"2025-04-28T02:52:52","modified_gmt":"2025-04-28T02:52:52","slug":"zyn-apple-mint-3mg","status":"publish","type":"product","link":"https:\/\/snusoem.com\/ro\/product\/zyn-apple-mint-3mg\/","title":{"rendered":"ZYN Ment\u0103 de mere 3MG"},"content":{"rendered":"<div class=\"product-tab border-b-2 block md:-top-6 w-full md:flex md:justify-around\">\n<div class=\"flex w-full md:w-auto flex-row md:mr-4\">\n<p>Dac\u0103 v\u0103 place o arom\u0103 dulce de ment\u0103, \u00eencerca\u021bi\u00a0<strong>ZYN Mini m\u0103r uscat ment\u0103 3 mg<\/strong>. Cu mere crocante \u0219i note r\u0103coritoare de ment\u0103, ve\u021bi ob\u021bine o experien\u021b\u0103 de degustare perfect echilibrat\u0103, care las\u0103 o dulcea\u021b\u0103 subtil\u0103 furnizat\u0103 de tonuri de ment\u0103 verde pe baz\u0103 de plante. \u00cempreun\u0103 cu acest profil de arom\u0103 este 3 mg de nicotin\u0103 pe por\u021bie, oferind acestei pungi o t\u0103rie regulat\u0103, f\u0103c\u00e2ndu-l un candidat ideal pentru acei utilizatori intermediari care caut\u0103 un produs pentru utilizare pe tot parcursul zilei.<\/p>\n<p>Dac\u0103 nu \u021bi-ai dat seama dup\u0103 nume, aceast\u0103 pung\u0103 cu nicotin\u0103 este uscat\u0103, ceea ce \u00eenseamn\u0103 c\u0103 are un con\u021binut sc\u0103zut de umiditate, mai exact 2,7%, ceea ce \u00eenseamn\u0103 c\u0103 eliberarea nicotinei \u0219i a aromei va fi \u00eent\u00e2rziat\u0103, deoarece con\u021binutul trebuie s\u0103 fie umed pentru a profita de beneficii. \u00cen schimb, dac\u0103 dori\u021bi un produs care va face ca aceast\u0103 experien\u021b\u0103 s\u0103 dureze, trebuie s\u0103 ad\u0103uga\u021bi acest lucru la rota\u021bia dvs. \u00cen plus, dimensiunea acestor por\u021bii este mini, permi\u021b\u00e2ndu-v\u0103 s\u0103 v\u0103 bucura\u021bi de acest produs oriunde \u0219i oric\u00e2nd dori\u021bi, deoarece prioritizeaz\u0103 discre\u021bia.<\/p>\n<\/div>\n<\/div>","protected":false},"excerpt":{"rendered":"<div class=\"leading-relaxed product-description text-mine-shaft prose mt-2\">\n<div class=\"leading-relaxed product-description text-mine-shaft prose mt-2\">\n<div class=\"leading-relaxed product-description text-mine-shaft prose mt-2\">\n<div class=\"leading-relaxed product-description text-mine-shaft prose mt-2\">\n<div class=\"leading-relaxed product-description text-mine-shaft prose mt-2\">\n<div class=\"leading-relaxed product-description text-mine-shaft prose mt-2\">\n<div class=\"leading-relaxed product-description text-mine-shaft prose mt-2\">\n<div class=\"leading-relaxed product-description text-mine-shaft prose mt-2\">\n<div class=\"leading-relaxed product-description text-mine-shaft prose mt-2\">\n<div class=\"leading-relaxed product-description text-mine-shaft prose mt-2\">\n<div class=\"leading-relaxed product-description text-mine-shaft prose mt-2\">\n<div class=\"leading-relaxed product-description prose\">\n<div class=\"leading-relaxed product-description prose\" style=\"text-align: left;\">\n<div class=\"leading-relaxed product-description prose\">\n<div class=\"leading-relaxed product-description prose\">ZYN Slim Apple Mint Strong is a whirl of sweet apple flavors, combined with an even sweeter nicotine kick of 9 mg per pouch.<\/div>\n<div class=\"flex flex-col sm:flex-row justify-between my-4 sd-product-info-stock \"><\/div>\n<\/div>\n<\/div>\n<div><\/div>\n<\/div>\n<\/div>\n<\/div>\n<\/div>\n<\/div>\n<\/div>\n<\/div>\n<\/div>\n<\/div>\n<\/div>\n<\/div>\n<\/div>\n<div>\n<p><!-- \/wp:heading --> <!-- wp:table --><\/p>\n<figure class=\"wp-block-table\">\n<table class=\"has-fixed-layout\" style=\"height: 266px;\" width=\"386\">\n<tbody>\n<tr>\n<td>Product Info<\/td>\n<td>\n<div class=\"flex min-w-max justify-between md:grid md:grid-cols-2 mb-2 border-b border-[#d8d6d4]\">\n<div class=\"flex flex-1 justify-end text-right md:text-left md:justify-start data pb-2 items-center product-attribute-value max-w-[200px]\" data-th=\"Product Info\">\n<div class=\"flex min-w-max justify-between md:grid md:grid-cols-2 mb-2 border-b border-[#d8d6d4]\">\n<div class=\"flex flex-1 justify-end text-right md:text-left md:justify-start data pb-2 items-center product-attribute-value max-w-[200px]\" data-th=\"Product Info\">\n<div class=\"flex min-w-max justify-between md:grid md:grid-cols-2 mb-2 border-b border-[#d8d6d4]\">\n<div class=\"flex flex-1 justify-end text-right md:text-left md:justify-start data pb-2 items-center product-attribute-value max-w-[200px]\" data-th=\"Product Info\">Flavored, Tobacco Free, All White<\/div>\n<\/div>\n<\/div>\n<\/div>\n<\/div>\n<\/div>\n<\/td>\n<\/tr>\n<tr>\n<td>Brand<\/td>\n<td>ZYN<\/td>\n<\/tr>\n<tr>\n<td>Strength<\/td>\n<td>3MG<\/td>\n<\/tr>\n<tr>\n<td>Flavor<\/td>\n<td>Apple Mint<\/td>\n<\/tr>\n<tr>\n<td>Nicotine<\/td>\n<td>3mg\/pouch<\/td>\n<\/tr>\n<tr>\n<td>Portion Weight (g)<\/td>\n<td>0.4<\/td>\n<\/tr>\n<tr>\n<td>Pouches\/can<\/td>\n<td>20<\/td>\n<\/tr>\n<tr>\n<td>Net Weight (g)<\/td>\n<td>14.7<\/td>\n<\/tr>\n<tr>\n<td>Moisture Content<\/td>\n<td>21%<\/td>\n<\/tr>\n<\/tbody>\n<\/table>\n<\/figure>\n<p><!-- \/wp:table --><\/p>\n<\/div>\n<form action=\"https:\/\/nicokick.com\/outofstock\/index\/createOosSubscription\" method=\"post\" data-mage-init=\"{'validation':{}}\"><\/form>\n","protected":false},"featured_media":1703,"comment_status":"open","ping_status":"closed","template":"","meta":[],"product_brand":[],"product_cat":[45],"product_tag":[],"class_list":{"0":"post-1702","1":"product","2":"type-product","3":"status-publish","4":"has-post-thumbnail","6":"product_cat-eu-zyn","8":"first","9":"instock","10":"taxable","11":"shipping-taxable","12":"product-type-simple"},"_links":{"self":[{"href":"https:\/\/snusoem.com\/ro\/wp-json\/wp\/v2\/product\/1702","targetHints":{"allow":["GET"]}}],"collection":[{"href":"https:\/\/snusoem.com\/ro\/wp-json\/wp\/v2\/product"}],"about":[{"href":"https:\/\/snusoem.com\/ro\/wp-json\/wp\/v2\/types\/product"}],"replies":[{"embeddable":true,"href":"https:\/\/snusoem.com\/ro\/wp-json\/wp\/v2\/comments?post=1702"}],"wp:featuredmedia":[{"embeddable":true,"href":"https:\/\/snusoem.com\/ro\/wp-json\/wp\/v2\/media\/1703"}],"wp:attachment":[{"href":"https:\/\/snusoem.com\/ro\/wp-json\/wp\/v2\/media?parent=1702"}],"wp:term":[{"taxonomy":"product_brand","embeddable":true,"href":"https:\/\/snusoem.com\/ro\/wp-json\/wp\/v2\/product_brand?post=1702"},{"taxonomy":"product_cat","embeddable":true,"href":"https:\/\/snusoem.com\/ro\/wp-json\/wp\/v2\/product_cat?post=1702"},{"taxonomy":"product_tag","embeddable":true,"href":"https:\/\/snusoem.com\/ro\/wp-json\/wp\/v2\/product_tag?post=1702"}],"curies":[{"name":"wp","href":"https:\/\/api.w.org\/{rel}","templated":true}]}}