{"id":1670,"date":"2025-04-28T01:01:01","date_gmt":"2025-04-28T01:01:01","guid":{"rendered":"https:\/\/snusoem.com\/?post_type=product&#038;p=1670"},"modified":"2025-04-28T01:30:04","modified_gmt":"2025-04-28T01:30:04","slug":"zyn-cool-mint-3mg-mini","status":"publish","type":"product","link":"https:\/\/snusoem.com\/ro\/product\/zyn-cool-mint-3mg-mini\/","title":{"rendered":"ZYN Ment\u0103 rece 3MG Mini"},"content":{"rendered":"<div class=\"product-tab border-b-2 block md:-top-6 w-full md:flex md:justify-around\">\n<div class=\"flex w-full md:w-auto flex-row md:mr-4\">\n<h3>\u00a0 \u00a0 \u00a0 Specifica\u021biile produsului<\/h3>\n<ul>\n<li>Format: Dimensiune mini pentru confort discret<\/li>\n<li>Tip: Por\u021biuni toate albe<\/li>\n<li>Putere: 3 mg nicotin\u0103<\/li>\n<li>Num\u0103r: 20 de pungi per cutie<\/li>\n<li>Arom\u0103: Ment\u0103 rece<\/li>\n<li>\n<h3>De ce s\u0103 alege\u021bi ZYN Mini Dry Cool Mint<\/h3>\n<ul>\n<li>Potrivire sub\u021bire, confortabil\u0103 sub buz\u0103<\/li>\n<li>Arom\u0103 de ment\u0103 de lung\u0103 durat\u0103<\/li>\n<li>Experien\u021b\u0103 curat\u0103, f\u0103r\u0103 pete<\/li>\n<li>Puterea nicotinei ideal\u0103 pentru utilizatorii modera\u021bi<\/li>\n<\/ul>\n<\/li>\n<\/ul>\n<div data-content-type=\"text\" data-appearance=\"default\" data-id=\"\" data-name=\"\" data-creative=\"\" data-position=\"\" data-element=\"main\">\n<ul>\n<li>The\u00a0<strong>ZYN Ment\u0103 rece Mini<\/strong>\u00a0este una dintre cele mai populare pungi ale noastre pentru utilizatorii de nicotin\u0103 care caut\u0103 o experien\u021b\u0103 r\u0103coritoare. Fiecare pung\u0103 con\u021bine 3 mg de nicotin\u0103, ceea ce poate p\u0103rea pu\u021bin, dar por\u021biile sunt \u00eenc\u0103rcate cu o doz\u0103 mare de ment\u0103 \u0219i ulei de eucalipt pentru o lovitur\u0103 revigorant\u0103. Aroma este intens\u0103 \u0219i v\u0103 las\u0103 cu un efect r\u0103coritor. Mul\u021bi aleg ZYN Cool Mint \u00een locul produselor din tutun obi\u0219nuite, datorit\u0103 con\u021binutului s\u0103u alb \u0219i utiliz\u0103rii discrete. un avantaj al culorii albe str\u0103lucitoare a ZYN Cool Mint Mini este c\u0103 nu trebuie s\u0103 v\u0103 face\u021bi griji cu privire la din\u021bii p\u0103ta\u021bi sau picurarea excesiv\u0103, f\u0103c\u00e2nd experien\u021ba curat\u0103 \u0219i proasp\u0103t\u0103. De asemenea, formatul mini \u00eenseamn\u0103 c\u0103 pungile au o dimensiune perfect\u0103 pentru o utilizare ultra-discret\u0103, care nu va fi observat\u0103 de ceilal\u021bi. Din aceste motive, mul\u021bi aleg ZYN Cool Mint \u00een locul produselor din tutun obi\u0219nuite.<\/li>\n<\/ul>\n<\/div>\n<div data-content-type=\"text\" data-appearance=\"default\" data-id=\"\" data-name=\"\" data-creative=\"\" data-position=\"\" data-element=\"main\">\n<p>&nbsp;<\/p>\n<\/div>\n<\/div>\n<\/div>","protected":false},"excerpt":{"rendered":"<div class=\"leading-relaxed product-description text-mine-shaft prose mt-2\">\n<div class=\"leading-relaxed product-description text-mine-shaft prose mt-2\">\n<div class=\"leading-relaxed product-description text-mine-shaft prose mt-2\">\n<div class=\"leading-relaxed product-description text-mine-shaft prose mt-2\">\n<div class=\"leading-relaxed product-description text-mine-shaft prose mt-2\">\n<div class=\"leading-relaxed product-description text-mine-shaft prose mt-2\">\n<div class=\"leading-relaxed product-description text-mine-shaft prose mt-2\">\n<div class=\"leading-relaxed product-description text-mine-shaft prose mt-2\">\n<div class=\"leading-relaxed product-description text-mine-shaft prose mt-2\">\n<div class=\"leading-relaxed product-description text-mine-shaft prose mt-2\">\n<div class=\"leading-relaxed product-description text-mine-shaft prose mt-2\">\n<div class=\"leading-relaxed product-description prose\">Witness the cooling power of mint in a compact 3 mg pouch with ZYN Cool Mint Mini Dry 3 mg. Let your taste buds taste antarctica.<\/div>\n<div class=\"flex flex-col sm:flex-row justify-between my-4 sd-product-info-stock \"><\/div>\n<\/div>\n<\/div>\n<\/div>\n<\/div>\n<\/div>\n<\/div>\n<\/div>\n<\/div>\n<\/div>\n<\/div>\n<\/div>\n<div>\n<p><!-- \/wp:heading --> <!-- wp:table --><\/p>\n<figure class=\"wp-block-table\">\n<table class=\"has-fixed-layout\" style=\"height: 266px;\" width=\"386\">\n<tbody>\n<tr>\n<td>Product Info<\/td>\n<td>\n<div class=\"flex min-w-max justify-between md:grid md:grid-cols-2 mb-2 border-b border-[#d8d6d4]\">\n<div class=\"flex flex-1 justify-end text-right md:text-left md:justify-start data pb-2 items-center product-attribute-value max-w-[200px]\" data-th=\"Product Info\">\n<div class=\"flex min-w-max justify-between md:grid md:grid-cols-2 mb-2 border-b border-[#d8d6d4]\">\n<div class=\"flex flex-1 justify-end text-right md:text-left md:justify-start data pb-2 items-center product-attribute-value max-w-[200px]\" data-th=\"Product Info\">\n<div class=\"flex min-w-max justify-between md:grid md:grid-cols-2 mb-2 border-b border-[#d8d6d4]\">\n<div class=\"flex flex-1 justify-end text-right md:text-left md:justify-start data pb-2 items-center product-attribute-value max-w-[200px]\" data-th=\"Product Info\">Flavored, Tobacco Free, All White<\/div>\n<\/div>\n<\/div>\n<\/div>\n<\/div>\n<\/div>\n<\/td>\n<\/tr>\n<tr>\n<td>Brand<\/td>\n<td>ZYN<\/td>\n<\/tr>\n<tr>\n<td>Strength<\/td>\n<td>3MG<\/td>\n<\/tr>\n<tr>\n<td>Flavor<\/td>\n<td>Cool Mint<\/td>\n<\/tr>\n<tr>\n<td>Nicotine<\/td>\n<td>3mg\/pouch<\/td>\n<\/tr>\n<tr>\n<td>Portion Weight (g)<\/td>\n<td>0.4<\/td>\n<\/tr>\n<tr>\n<td>Pouches\/can<\/td>\n<td>20<\/td>\n<\/tr>\n<tr>\n<td>Net Weight (g)<\/td>\n<td>8<\/td>\n<\/tr>\n<tr>\n<td>Moisture Content<\/td>\n<td>2.7%<\/td>\n<\/tr>\n<\/tbody>\n<\/table>\n<\/figure>\n<p><!-- \/wp:table --><\/p>\n<\/div>\n<form action=\"https:\/\/nicokick.com\/outofstock\/index\/createOosSubscription\" method=\"post\" data-mage-init=\"{'validation':{}}\"><\/form>\n","protected":false},"featured_media":1671,"comment_status":"open","ping_status":"closed","template":"","meta":[],"product_brand":[],"product_cat":[45],"product_tag":[],"class_list":{"0":"post-1670","1":"product","2":"type-product","3":"status-publish","4":"has-post-thumbnail","6":"product_cat-eu-zyn","8":"first","9":"instock","10":"taxable","11":"shipping-taxable","12":"product-type-simple"},"_links":{"self":[{"href":"https:\/\/snusoem.com\/ro\/wp-json\/wp\/v2\/product\/1670","targetHints":{"allow":["GET"]}}],"collection":[{"href":"https:\/\/snusoem.com\/ro\/wp-json\/wp\/v2\/product"}],"about":[{"href":"https:\/\/snusoem.com\/ro\/wp-json\/wp\/v2\/types\/product"}],"replies":[{"embeddable":true,"href":"https:\/\/snusoem.com\/ro\/wp-json\/wp\/v2\/comments?post=1670"}],"wp:featuredmedia":[{"embeddable":true,"href":"https:\/\/snusoem.com\/ro\/wp-json\/wp\/v2\/media\/1671"}],"wp:attachment":[{"href":"https:\/\/snusoem.com\/ro\/wp-json\/wp\/v2\/media?parent=1670"}],"wp:term":[{"taxonomy":"product_brand","embeddable":true,"href":"https:\/\/snusoem.com\/ro\/wp-json\/wp\/v2\/product_brand?post=1670"},{"taxonomy":"product_cat","embeddable":true,"href":"https:\/\/snusoem.com\/ro\/wp-json\/wp\/v2\/product_cat?post=1670"},{"taxonomy":"product_tag","embeddable":true,"href":"https:\/\/snusoem.com\/ro\/wp-json\/wp\/v2\/product_tag?post=1670"}],"curies":[{"name":"wp","href":"https:\/\/api.w.org\/{rel}","templated":true}]}}