{"id":1614,"date":"2025-04-27T09:02:04","date_gmt":"2025-04-27T09:02:04","guid":{"rendered":"https:\/\/snusoem.com\/?post_type=product&#038;p=1614"},"modified":"2025-04-27T09:16:36","modified_gmt":"2025-04-27T09:16:36","slug":"zyn-coffee-6mg","status":"publish","type":"product","link":"https:\/\/snusoem.com\/ro\/product\/zyn-coffee-6mg\/","title":{"rendered":"ZYN Cafea 6MG"},"content":{"rendered":"<div class=\"product-tab border-b-2 block md:-top-6 w-full md:flex md:justify-around\">\n<div class=\"flex w-full md:w-auto flex-row md:mr-4\">\n<h2 id=\"\" data-content-type=\"heading\" data-appearance=\"default\" data-element=\"main\">Caracteristici principale<\/h2>\n<div data-content-type=\"text\" data-appearance=\"default\" data-id=\"\" data-name=\"\" data-creative=\"\" data-position=\"\" data-element=\"main\">\n<ul>\n<li>Surprinde notele calde \u0219i bogate de mocha preparat\u0103<\/li>\n<li>F\u0103r\u0103 fum, f\u0103r\u0103 miros, f\u0103r\u0103 scuipat<\/li>\n<li>De la cel mai bine v\u00e2ndut brand de pungi cu nicotin\u0103<\/li>\n<li>Bucura\u021bi-v\u0103 oriunde, oric\u00e2nd<\/li>\n<\/ul>\n<p>&nbsp;<\/p>\n<\/div>\n<h3 id=\"\" data-content-type=\"heading\" data-appearance=\"default\" data-element=\"main\">Exploreaz\u0103 Plicule\u021be cu Nicotin\u0103 ZYN Coffee 6mg<\/h3>\n<div data-content-type=\"text\" data-appearance=\"default\" data-id=\"\" data-name=\"\" data-creative=\"\" data-position=\"\" data-element=\"main\">\n<p>Plicule\u021bele cu nicotin\u0103 ZYN Coffee 6mg ofer\u0103 o alternativ\u0103 f\u0103r\u0103 frunze de tutun la produsele tradi\u021bionale din tutun oral. Fiind una dintre cele mai bine v\u00e2ndute m\u0103rci din S.U.A., aceste plicule\u021be complet albe sunt fabricate cu ingrediente de \u00eenalt\u0103 calitate \u0219i vin \u00eentr-un format mini, conceput pentru a fi plasat sub buza superioar\u0103. Cutia are un sigiliu de siguran\u021b\u0103 pentru copii care se deschide prin r\u0103sucire \u0219i con\u021bine 15 plicule\u021be, fiecare con\u021bin\u00e2nd 6mg de nicotin\u0103. Pentru cei care prefer\u0103 o intensitate mai mic\u0103, aroma de Cafea este disponibil\u0103 \u0219i \u00een varianta de 3mg.<\/p>\n<\/div>\n<h3 id=\"\" data-content-type=\"heading\" data-appearance=\"default\" data-element=\"main\">Prezentare general\u0103 ZYN<\/h3>\n<div data-content-type=\"text\" data-appearance=\"default\" data-id=\"\" data-name=\"\" data-creative=\"\" data-position=\"\" data-element=\"main\">\n<p>Ofer\u0103 o experien\u021b\u0103 cu nicotin\u0103 complet f\u0103r\u0103 fum \u0219i f\u0103r\u0103 scuipat. Gama de plicule\u021be include zece arome \u0219i dou\u0103 concentra\u021bii de nicotin\u0103 din care pute\u021bi alege.<\/p>\n<p>&nbsp;<\/p>\n<\/div>\n<\/div>\n<\/div>","protected":false},"excerpt":{"rendered":"<div class=\"leading-relaxed product-description text-mine-shaft prose mt-2\">\n<div class=\"leading-relaxed product-description text-mine-shaft prose mt-2\">ZYN Coffee 6mg: ZYN pouches that capture the warm, rich notes of brewed mocha.<\/div>\n<\/div>\n<div><\/div>\n<div>\n<p><!-- wp:heading --><\/p>\n<h2 class=\"wp-block-heading\">Details<\/h2>\n<p><!-- \/wp:heading --> <!-- wp:table --><\/p>\n<figure class=\"wp-block-table\">\n<table class=\"has-fixed-layout\">\n<tbody>\n<tr>\n<td>Product Info<\/td>\n<td>\n<div class=\"flex min-w-max justify-between md:grid md:grid-cols-2 mb-2 border-b border-[#d8d6d4]\">\n<div class=\"flex flex-1 justify-end text-right md:text-left md:justify-start data pb-2 items-center product-attribute-value max-w-[200px]\" data-th=\"Product Info\">Flavored, Tobacco Free, All White, Mini<\/div>\n<\/div>\n<\/td>\n<\/tr>\n<tr>\n<td>Brand<\/td>\n<td>ZYN<\/td>\n<\/tr>\n<tr>\n<td>Strength<\/td>\n<td>\u00a06MG<\/td>\n<\/tr>\n<tr>\n<td>Flavor<\/td>\n<td>Coffee<\/td>\n<\/tr>\n<tr>\n<td>Nicotine<\/td>\n<td>6mg\/pouch<\/td>\n<\/tr>\n<tr>\n<td>Portion Weight (g)<\/td>\n<td>0.4<\/td>\n<\/tr>\n<tr>\n<td>Pouches\/can<\/td>\n<td>15<\/td>\n<\/tr>\n<tr>\n<td>Net Weight (g)<\/td>\n<td>6<\/td>\n<\/tr>\n<tr>\n<td>Net Weight (oz)<\/td>\n<td>0.21<\/td>\n<\/tr>\n<\/tbody>\n<\/table>\n<\/figure>\n<p><!-- \/wp:table --><\/p>\n<\/div>\n<form action=\"https:\/\/nicokick.com\/outofstock\/index\/createOosSubscription\" method=\"post\" data-mage-init=\"{'validation':{}}\"><\/form>\n","protected":false},"featured_media":1619,"comment_status":"open","ping_status":"closed","template":"","meta":[],"product_brand":[],"product_cat":[29],"product_tag":[],"class_list":{"0":"post-1614","1":"product","2":"type-product","3":"status-publish","4":"has-post-thumbnail","6":"product_cat-usa-zyn","8":"first","9":"instock","10":"taxable","11":"shipping-taxable","12":"product-type-simple"},"_links":{"self":[{"href":"https:\/\/snusoem.com\/ro\/wp-json\/wp\/v2\/product\/1614","targetHints":{"allow":["GET"]}}],"collection":[{"href":"https:\/\/snusoem.com\/ro\/wp-json\/wp\/v2\/product"}],"about":[{"href":"https:\/\/snusoem.com\/ro\/wp-json\/wp\/v2\/types\/product"}],"replies":[{"embeddable":true,"href":"https:\/\/snusoem.com\/ro\/wp-json\/wp\/v2\/comments?post=1614"}],"wp:featuredmedia":[{"embeddable":true,"href":"https:\/\/snusoem.com\/ro\/wp-json\/wp\/v2\/media\/1619"}],"wp:attachment":[{"href":"https:\/\/snusoem.com\/ro\/wp-json\/wp\/v2\/media?parent=1614"}],"wp:term":[{"taxonomy":"product_brand","embeddable":true,"href":"https:\/\/snusoem.com\/ro\/wp-json\/wp\/v2\/product_brand?post=1614"},{"taxonomy":"product_cat","embeddable":true,"href":"https:\/\/snusoem.com\/ro\/wp-json\/wp\/v2\/product_cat?post=1614"},{"taxonomy":"product_tag","embeddable":true,"href":"https:\/\/snusoem.com\/ro\/wp-json\/wp\/v2\/product_tag?post=1614"}],"curies":[{"name":"wp","href":"https:\/\/api.w.org\/{rel}","templated":true}]}}