{"id":3118,"date":"2025-09-19T02:47:11","date_gmt":"2025-09-19T02:47:11","guid":{"rendered":"https:\/\/snusoem.com\/?post_type=product&#038;p=3118"},"modified":"2025-09-19T02:49:47","modified_gmt":"2025-09-19T02:49:47","slug":"zyn-slim-apple-mint-extra-strong-11mg","status":"publish","type":"product","link":"https:\/\/snusoem.com\/pl\/product\/zyn-slim-apple-mint-extra-strong-11mg\/","title":{"rendered":"ZYN Slim Apple Mint Extra Strong 11mg"},"content":{"rendered":"<div class=\"product-tab border-b-2 block md:-top-6 w-full md:flex md:justify-around\">\n<div class=\"flex w-full md:w-auto flex-row md:mr-4\">\n<div class=\"product-tab border-b-2 block md:-top-6 w-full md:flex md:justify-around\">\n<div class=\"flex w-full md:w-auto flex-row md:mr-4\">\n<div id=\"station-tabs-tabpanel_ht-i0-t7\" class=\"station-tabs-tabpanel is-active\" role=\"region\" aria-labelledby=\"station-tabs-tab_ht-i0-t7\" aria-hidden=\"false\">\n<div class=\"station-tabs-tabcontent\">\n<h2><\/h2>\n<h2><a href=\"https:\/\/snusoem.com\/pl\/produkt\/zyn-slim-apple-mint-extra-strong-11mg\/\">Buy ZYN Slim Apple Mint Extra Strong 11mg <\/a><\/h2>\n<p>These premium all-white pouches deliver an invigorating blend of sweet apple and cool mint, perfectly balanced for maximum satisfaction.<\/p>\n<h3>Specyfikacja produktu<\/h3>\n<ul>\n<li>Format: Slim fit for discreet comfort<\/li>\n<li>Nicotine Strength: 11mg extra strong<\/li>\n<li>Ilo\u015b\u0107: 21 saszetek na puszk\u0119<\/li>\n<li>Typ: Ca\u0142kowicie bia\u0142e porcje<\/li>\n<li>Manufacturer: Swedish Match AB<\/li>\n<\/ul>\n<h3>Flavor Profile<\/h3>\n<p>Each ZYN Slim Apple Mint pouch offers an authentic apple sweetness complemented by refreshing mint notes. The slim format ensures optimal flavor release and comfortable fit under your lip, while the all-white portions prevent staining.<\/p>\n<h3>Quality &amp; Performance<\/h3>\n<p>Swedish Match AB&#8217;s commitment to quality shines through in every can of ZYN Slim Apple Mint Extra Strong. The 11mg nicotine strength provides a robust experience, while the slim format ensures discrete usage and superior comfort.<\/p>\n<h3>Jak U\u017cywa\u0107<\/h3>\n<ol>\n<li>Otw\u00f3rz puszk\u0119 i wyjmij jeden woreczek.<\/li>\n<li>Umie\u015b\u0107 woreczek mi\u0119dzy dzi\u0105s\u0142em a g\u00f3rn\u0105 warg\u0105.<\/li>\n<li>Ciesz si\u0119 delikatnym mrowieniem przez 10\u201330 minut w miar\u0119 uwalniania si\u0119 nikotyny.<\/li>\n<li>Wyrzu\u0107 zu\u017cyty woreczek do przegr\u00f3dki w wieczku puszki lub do kosza na \u015bmieci.<\/li>\n<\/ol>\n<\/div>\n<\/div>\n<\/div>\n<\/div>\n<\/div>\n<\/div>","protected":false},"excerpt":{"rendered":"<div class=\"leading-relaxed product-description text-mine-shaft prose mt-2\">\n<div class=\"leading-relaxed product-description text-mine-shaft prose mt-2\">\n<div class=\"leading-relaxed product-description text-mine-shaft prose mt-2\">\n<div class=\"leading-relaxed product-description text-mine-shaft prose mt-2\">\n<div class=\"leading-relaxed product-description text-mine-shaft prose mt-2\">\n<div class=\"leading-relaxed product-description text-mine-shaft prose mt-2\">\n<div class=\"leading-relaxed product-description text-mine-shaft prose mt-2\">\n<div class=\"leading-relaxed product-description text-mine-shaft prose mt-2\">\n<div class=\"leading-relaxed product-description text-mine-shaft prose mt-2\">\n<div class=\"leading-relaxed product-description text-mine-shaft prose mt-2\">\n<div class=\"leading-relaxed product-description text-mine-shaft prose mt-2\">\n<div class=\"leading-relaxed product-description prose\">\n<div class=\"leading-relaxed product-description prose\" style=\"text-align: left;\">\n<div class=\"leading-relaxed product-description prose\">\n<div class=\"leading-relaxed product-description prose\">\n<div class=\"leading-relaxed product-description text-mine-shaft prose mt-2\">\n<div class=\"leading-relaxed product-description text-mine-shaft prose mt-2\">\n<div class=\"leading-relaxed product-description text-mine-shaft prose mt-2\">\n<div class=\"leading-relaxed product-description text-mine-shaft prose mt-2\">\n<div class=\"leading-relaxed product-description text-mine-shaft prose mt-2\">\n<div class=\"leading-relaxed product-description text-mine-shaft prose mt-2\">\n<div class=\"leading-relaxed product-description text-mine-shaft prose mt-2\">\n<div class=\"leading-relaxed product-description text-mine-shaft prose mt-2\">\n<div class=\"leading-relaxed product-description text-mine-shaft prose mt-2\">\n<div class=\"leading-relaxed product-description text-mine-shaft prose mt-2\">\n<div class=\"leading-relaxed product-description text-mine-shaft prose mt-2\">\n<div class=\"leading-relaxed product-description prose\">\n<div class=\"leading-relaxed product-description prose\" style=\"text-align: left;\">\n<div class=\"leading-relaxed product-description prose\">\n<div class=\"leading-relaxed product-description prose\">\n<p>Experience the crisp, refreshing taste of ZYN Slim Apple Mint Extra Strong Nicotine Pouches, crafted by Swedish Match AB for those seeking a powerful nicotine experience.<\/p>\n<\/div>\n<div class=\"flex flex-col sm:flex-row justify-between my-4 sd-product-info-stock \"><\/div>\n<\/div>\n<\/div>\n<div><\/div>\n<\/div>\n<\/div>\n<\/div>\n<\/div>\n<\/div>\n<\/div>\n<\/div>\n<\/div>\n<\/div>\n<\/div>\n<\/div>\n<\/div>\n<div>\n<p><!-- \/wp:heading --> <!-- wp:table --><\/p>\n<figure class=\"wp-block-table\">\n<table class=\"has-fixed-layout\" style=\"height: 266px;\" width=\"386\">\n<tbody>\n<tr>\n<td>Product Info<\/td>\n<td>\n<div class=\"flex min-w-max justify-between md:grid md:grid-cols-2 mb-2 border-b border-[#d8d6d4]\">\n<div class=\"flex flex-1 justify-end text-right md:text-left md:justify-start data pb-2 items-center product-attribute-value max-w-[200px]\" data-th=\"Product Info\">\n<div class=\"flex min-w-max justify-between md:grid md:grid-cols-2 mb-2 border-b border-[#d8d6d4]\">\n<div class=\"flex flex-1 justify-end text-right md:text-left md:justify-start data pb-2 items-center product-attribute-value max-w-[200px]\" data-th=\"Product Info\">\n<div class=\"flex min-w-max justify-between md:grid md:grid-cols-2 mb-2 border-b border-[#d8d6d4]\">\n<div class=\"flex flex-1 justify-end text-right md:text-left md:justify-start data pb-2 items-center product-attribute-value max-w-[200px]\" data-th=\"Product Info\">Flavored, Tobacco Free, All White<\/div>\n<\/div>\n<\/div>\n<\/div>\n<\/div>\n<\/div>\n<\/td>\n<\/tr>\n<tr>\n<td>Brand<\/td>\n<td>ZYN<\/td>\n<\/tr>\n<tr>\n<td>Strength<\/td>\n<td>15.7MG<\/td>\n<\/tr>\n<tr>\n<td>Flavor<\/td>\n<td>Apple Mint<\/td>\n<\/tr>\n<tr>\n<td>Nicotine<\/td>\n<td>11\/pouch<\/td>\n<\/tr>\n<tr>\n<td>Portion Weight (g)<\/td>\n<td>0.8<\/td>\n<\/tr>\n<tr>\n<td>Pouches\/can<\/td>\n<td>20<\/td>\n<\/tr>\n<tr>\n<td>Net Weight (g)<\/td>\n<td>16<\/td>\n<\/tr>\n<tr>\n<td>Wet\/Dry<\/td>\n<td>Dry<\/td>\n<\/tr>\n<\/tbody>\n<\/table>\n<\/figure>\n<p><!-- \/wp:table --><\/p>\n<\/div>\n<form action=\"https:\/\/nicokick.com\/outofstock\/index\/createOosSubscription\" method=\"post\" data-mage-init=\"{'validation':{}}\"><\/form>\n<\/div>\n<\/div>\n<\/div>\n<\/div>\n<\/div>\n<\/div>\n<\/div>\n<\/div>\n<\/div>\n<\/div>\n<\/div>\n<\/div>\n<\/div>\n<\/div>\n<\/div>\n<div>\n<p><!-- \/wp:table --><\/p>\n<\/div>\n<form action=\"https:\/\/nicokick.com\/outofstock\/index\/createOosSubscription\" method=\"post\" data-mage-init=\"{'validation':{}}\"><\/form>\n","protected":false},"featured_media":3119,"comment_status":"open","ping_status":"closed","template":"","meta":[],"product_brand":[],"product_cat":[45],"product_tag":[],"class_list":{"0":"post-3118","1":"product","2":"type-product","3":"status-publish","4":"has-post-thumbnail","6":"product_cat-eu-zyn","8":"first","9":"instock","10":"taxable","11":"shipping-taxable","12":"product-type-simple"},"_links":{"self":[{"href":"https:\/\/snusoem.com\/pl\/wp-json\/wp\/v2\/product\/3118","targetHints":{"allow":["GET"]}}],"collection":[{"href":"https:\/\/snusoem.com\/pl\/wp-json\/wp\/v2\/product"}],"about":[{"href":"https:\/\/snusoem.com\/pl\/wp-json\/wp\/v2\/types\/product"}],"replies":[{"embeddable":true,"href":"https:\/\/snusoem.com\/pl\/wp-json\/wp\/v2\/comments?post=3118"}],"wp:featuredmedia":[{"embeddable":true,"href":"https:\/\/snusoem.com\/pl\/wp-json\/wp\/v2\/media\/3119"}],"wp:attachment":[{"href":"https:\/\/snusoem.com\/pl\/wp-json\/wp\/v2\/media?parent=3118"}],"wp:term":[{"taxonomy":"product_brand","embeddable":true,"href":"https:\/\/snusoem.com\/pl\/wp-json\/wp\/v2\/product_brand?post=3118"},{"taxonomy":"product_cat","embeddable":true,"href":"https:\/\/snusoem.com\/pl\/wp-json\/wp\/v2\/product_cat?post=3118"},{"taxonomy":"product_tag","embeddable":true,"href":"https:\/\/snusoem.com\/pl\/wp-json\/wp\/v2\/product_tag?post=3118"}],"curies":[{"name":"wp","href":"https:\/\/api.w.org\/{rel}","templated":true}]}}