{"id":1835,"date":"2025-05-06T01:30:51","date_gmt":"2025-05-06T01:30:51","guid":{"rendered":"https:\/\/snusoem.com\/?post_type=product&#038;p=1835"},"modified":"2025-05-06T01:33:41","modified_gmt":"2025-05-06T01:33:41","slug":"pablo-exclusive-frosted-ice-30-mg","status":"publish","type":"product","link":"https:\/\/snusoem.com\/pl\/product\/pablo-exclusive-frosted-ice-30-mg\/","title":{"rendered":"PABLO Exclusive Frosted Ice 30 MG"},"content":{"rendered":"<div class=\"product-tab border-b-2 block md:-top-6 w-full md:flex md:justify-around\">\n<div class=\"flex w-full md:w-auto flex-row md:mr-4\">\n<div class=\"product-tab border-b-2 block md:-top-6 w-full md:flex md:justify-around\">\n<div class=\"flex w-full md:w-auto flex-row md:mr-4\">\n<div id=\"station-tabs-tabpanel_ht-i0-t7\" class=\"station-tabs-tabpanel is-active\" role=\"region\" aria-labelledby=\"station-tabs-tab_ht-i0-t7\" aria-hidden=\"false\">\n<div class=\"station-tabs-tabcontent\">\n<div class=\"product-tab border-b-2 block md:-top-6 w-full md:flex md:justify-around\">\n<div class=\"flex w-full md:w-auto flex-row md:mr-4\">\n<div class=\"product-tab border-b-2 block md:-top-6 w-full md:flex md:justify-around\">\n<div class=\"flex w-full md:w-auto flex-row md:mr-4\">\n<div id=\"station-tabs-tabpanel_ht-i0-t7\" class=\"station-tabs-tabpanel is-active\" role=\"region\" aria-labelledby=\"station-tabs-tab_ht-i0-t7\" aria-hidden=\"false\">\n<div class=\"station-tabs-tabcontent\">\n<div class=\"product-tab border-b-2 block md:-top-6 w-full md:flex md:justify-around\">\n<div class=\"flex w-full md:w-auto flex-row md:mr-4\">\n<div class=\"product-tab border-b-2 block md:-top-6 w-full md:flex md:justify-around\">\n<div class=\"flex w-full md:w-auto flex-row md:mr-4\">\n<div id=\"station-tabs-tabpanel_ht-i0-t7\" class=\"station-tabs-tabpanel is-active\" role=\"region\" aria-labelledby=\"station-tabs-tab_ht-i0-t7\" aria-hidden=\"false\">\n<div class=\"station-tabs-tabcontent\">\n<div class=\"product-tab border-b-2 block md:-top-6 w-full md:flex md:justify-around\">\n<div class=\"flex w-full md:w-auto flex-row md:mr-4\">\n<div class=\"product-tab border-b-2 block md:-top-6 w-full md:flex md:justify-around\">\n<div class=\"flex w-full md:w-auto flex-row md:mr-4\">\n<div id=\"station-tabs-tabpanel_ht-i0-t7\" class=\"station-tabs-tabpanel is-active\" role=\"region\" aria-labelledby=\"station-tabs-tab_ht-i0-t7\" aria-hidden=\"false\">\n<div class=\"station-tabs-tabcontent\">\n<h5 class=\"s28 m10\">Opis produktu<\/h5>\n<div class=\"content\">\n<h1>Odkryj mro\u017c\u0105cy dreszczyk emocji z PABLO Exclusive Frosted Ice<\/h1>\n<p>Wyrusz w ekscytuj\u0105c\u0105 podr\u00f3\u017c z\u00a0<strong>PABLO Exclusive Frosted Ice<\/strong>to propozycja premium od renomowanej marki PABLO. Ten produkt jest \u015bwiadectwem innowacyjno\u015bci i jako\u015bci, kt\u00f3re reprezentuje PABLO, zapewniaj\u0105c intensywne wra\u017cenia tym, kt\u00f3rzy odwa\u017c\u0105 si\u0119 przyj\u0105\u0107 jego si\u0142\u0119.<\/p>\n<h2>Niezr\u00f3wnana si\u0142a dla odwa\u017cnych<\/h2>\n<p>Zaprojektowany dla do\u015bwiadczonych i odwa\u017cnych u\u017cytkownik\u00f3w, PABLO Exclusive Frosted Ice jest sklasyfikowany w kategorii NICOTINE POUCHES i zajmuje nale\u017cne mu miejsce w kategorii PABLO EXCLUSIVE, znanej z bezkompromisowej mocy. Dzi\u0119ki zalecanej mocy \"Ekstremalnie mocny\", produkt ten nie jest przeznaczony dla os\u00f3b o s\u0142abym sercu. Zapewnia pot\u0119\u017cne uderzenie nikotyny z 30 mg nikotyny na saszetk\u0119 i zdumiewaj\u0105ce 50 mg nikotyny na gram, zapewniaj\u0105c precyzyjne i intensywne zaspokojenie g\u0142odu.<\/p>\n<h2>Orze\u017awiaj\u0105cy mi\u0119towy smak w smuk\u0142ym formacie<\/h2>\n<p>Ka\u017cda smuk\u0142a saszetka PABLO Exclusive Frosted Ice jest starannie wykonana, aby zapewni\u0107 dyskretne, ale satysfakcjonuj\u0105ce doznania. Mi\u0119towy smak to nie tylko smak, ale doznanie, kt\u00f3re otula Ci\u0119 mro\u017anym u\u015bciskiem, pozostawiaj\u0105c orze\u017awiaj\u0105cy posmak, kt\u00f3ry pozostaje na d\u0142u\u017cej. Smuk\u0142y format saszetek zapewnia wygodne dopasowanie pod warg\u0105, dzi\u0119ki czemu idealnie nadaje si\u0119 do u\u017cytku w dowolnym miejscu i czasie.<\/p>\n<\/div>\n<\/div>\n<\/div>\n<\/div>\n<\/div>\n<\/div>\n<\/div>\n<\/div>\n<\/div>\n<\/div>\n<\/div>\n<\/div>\n<\/div>\n<\/div>\n<\/div>\n<\/div>\n<\/div>\n<\/div>\n<\/div>\n<\/div>\n<\/div>\n<\/div>\n<\/div>\n<\/div>\n<\/div>","protected":false},"excerpt":{"rendered":"<div class=\"leading-relaxed product-description text-mine-shaft prose mt-2\">\n<div class=\"leading-relaxed product-description text-mine-shaft prose mt-2\">\n<div class=\"leading-relaxed product-description text-mine-shaft prose mt-2\">\n<div class=\"leading-relaxed product-description text-mine-shaft prose mt-2\">\n<div class=\"leading-relaxed product-description text-mine-shaft prose mt-2\">\n<div class=\"leading-relaxed product-description text-mine-shaft prose mt-2\">\n<div class=\"leading-relaxed product-description text-mine-shaft prose mt-2\">\n<div class=\"leading-relaxed product-description text-mine-shaft prose mt-2\">\n<div class=\"leading-relaxed product-description text-mine-shaft prose mt-2\">\n<div class=\"leading-relaxed product-description text-mine-shaft prose mt-2\">\n<div class=\"leading-relaxed product-description text-mine-shaft prose mt-2\">\n<div class=\"leading-relaxed product-description prose\">\n<div class=\"leading-relaxed product-description prose\" style=\"text-align: left;\">\n<div class=\"leading-relaxed product-description prose\">\n<div class=\"leading-relaxed product-description prose\">\n<div class=\"leading-relaxed product-description text-mine-shaft prose mt-2\">\n<div class=\"leading-relaxed product-description text-mine-shaft prose mt-2\">\n<div class=\"leading-relaxed product-description text-mine-shaft prose mt-2\">\n<div class=\"leading-relaxed product-description text-mine-shaft prose mt-2\">\n<div class=\"leading-relaxed product-description text-mine-shaft prose mt-2\">\n<div class=\"leading-relaxed product-description text-mine-shaft prose mt-2\">\n<div class=\"leading-relaxed product-description text-mine-shaft prose mt-2\">\n<div class=\"leading-relaxed product-description text-mine-shaft prose mt-2\">\n<div class=\"leading-relaxed product-description text-mine-shaft prose mt-2\">\n<div class=\"leading-relaxed product-description text-mine-shaft prose mt-2\">\n<div class=\"leading-relaxed product-description text-mine-shaft prose mt-2\">\n<div class=\"leading-relaxed product-description prose\">\n<div class=\"leading-relaxed product-description prose\" style=\"text-align: left;\">\n<div class=\"leading-relaxed product-description prose\">\n<div class=\"leading-relaxed product-description prose\">\n<div class=\"elementor-element elementor-element-f3c2fc7 elementor-widget elementor-widget-woocommerce-product-short-description\" data-id=\"f3c2fc7\" data-element_type=\"widget\" data-widget_type=\"woocommerce-product-short-description.default\">\n<div class=\"elementor-widget-container\">\n<div class=\"woocommerce-product-details__short-description\">\n<div class=\"leading-relaxed product-description text-mine-shaft prose mt-2\">\n<div class=\"leading-relaxed product-description text-mine-shaft prose mt-2\">\n<div class=\"leading-relaxed product-description text-mine-shaft prose mt-2\">\n<div class=\"leading-relaxed product-description text-mine-shaft prose mt-2\">\n<div class=\"leading-relaxed product-description text-mine-shaft prose mt-2\">\n<div class=\"leading-relaxed product-description text-mine-shaft prose mt-2\">\n<div class=\"leading-relaxed product-description text-mine-shaft prose mt-2\">\n<div class=\"leading-relaxed product-description text-mine-shaft prose mt-2\">\n<div class=\"leading-relaxed product-description text-mine-shaft prose mt-2\">\n<div class=\"leading-relaxed product-description text-mine-shaft prose mt-2\">\n<div class=\"leading-relaxed product-description text-mine-shaft prose mt-2\">\n<div class=\"leading-relaxed product-description prose\">\n<div class=\"leading-relaxed product-description prose\" style=\"text-align: left;\">\n<div class=\"leading-relaxed product-description prose\">\n<div class=\"leading-relaxed product-description prose\">\n<div class=\"leading-relaxed product-description text-mine-shaft prose mt-2\">\n<div class=\"leading-relaxed product-description text-mine-shaft prose mt-2\">\n<div class=\"leading-relaxed product-description text-mine-shaft prose mt-2\">\n<div class=\"leading-relaxed product-description text-mine-shaft prose mt-2\">\n<div class=\"leading-relaxed product-description text-mine-shaft prose mt-2\">\n<div class=\"leading-relaxed product-description text-mine-shaft prose mt-2\">\n<div class=\"leading-relaxed product-description text-mine-shaft prose mt-2\">\n<div class=\"leading-relaxed product-description text-mine-shaft prose mt-2\">\n<div class=\"leading-relaxed product-description text-mine-shaft prose mt-2\">\n<div class=\"leading-relaxed product-description text-mine-shaft prose mt-2\">\n<div class=\"leading-relaxed product-description text-mine-shaft prose mt-2\">\n<div class=\"leading-relaxed product-description prose\">\n<div class=\"leading-relaxed product-description prose\" style=\"text-align: left;\">\n<div class=\"leading-relaxed product-description prose\">\n<div class=\"leading-relaxed product-description prose\">\n<div class=\"elementor-element elementor-element-f3c2fc7 elementor-widget elementor-widget-woocommerce-product-short-description\" data-id=\"f3c2fc7\" data-element_type=\"widget\" data-widget_type=\"woocommerce-product-short-description.default\">\n<div class=\"elementor-widget-container\">\n<div class=\"woocommerce-product-details__short-description\">\n<div class=\"elementor-element elementor-element-f3c2fc7 elementor-widget elementor-widget-woocommerce-product-short-description\" data-id=\"f3c2fc7\" data-element_type=\"widget\" data-widget_type=\"woocommerce-product-short-description.default\">\n<div class=\"elementor-widget-container\">\n<div class=\"woocommerce-product-details__short-description\">\n<div class=\"elementor-element elementor-element-f3c2fc7 elementor-widget elementor-widget-woocommerce-product-short-description\" data-id=\"f3c2fc7\" data-element_type=\"widget\" data-widget_type=\"woocommerce-product-short-description.default\">\n<div class=\"elementor-widget-container\">\n<div class=\"woocommerce-product-details__short-description\">\n<div class=\"elementor-element elementor-element-f3c2fc7 elementor-widget elementor-widget-woocommerce-product-short-description\" data-id=\"f3c2fc7\" data-element_type=\"widget\" data-widget_type=\"woocommerce-product-short-description.default\">\n<div class=\"elementor-widget-container\">\n<div class=\"woocommerce-product-details__short-description\">\n<div class=\"elementor-element elementor-element-f3c2fc7 elementor-widget elementor-widget-woocommerce-product-short-description\" data-id=\"f3c2fc7\" data-element_type=\"widget\" data-widget_type=\"woocommerce-product-short-description.default\">\n<div class=\"elementor-widget-container\">\n<div class=\"woocommerce-product-details__short-description\">\n<div class=\"elementor-element elementor-element-f3c2fc7 elementor-widget elementor-widget-woocommerce-product-short-description\" data-id=\"f3c2fc7\" data-element_type=\"widget\" data-widget_type=\"woocommerce-product-short-description.default\">\n<div class=\"elementor-widget-container\">\n<div class=\"woocommerce-product-details__short-description\">\n<div class=\"description\">\n<div class=\"description\">\n<div class=\"description\">Pablo Exclusive Frosted Ice are nicotine pouches with a nicotine content of 50 mg\/g. The pouches have an ice-cold effect<\/div>\n<\/div>\n<\/div>\n<\/div>\n<\/div>\n<\/div>\n<\/div>\n<\/div>\n<\/div>\n<\/div>\n<\/div>\n<\/div>\n<\/div>\n<\/div>\n<\/div>\n<\/div>\n<\/div>\n<\/div>\n<\/div>\n<\/div>\n<\/div>\n<\/div>\n<\/div>\n<\/div>\n<div><\/div>\n<\/div>\n<\/div>\n<\/div>\n<\/div>\n<\/div>\n<\/div>\n<\/div>\n<\/div>\n<\/div>\n<\/div>\n<\/div>\n<\/div>\n<div>\n<p><!-- \/wp:heading --> <!-- wp:table --><\/p>\n<figure class=\"wp-block-table\">\n<table class=\"has-fixed-layout\" style=\"height: 266px;\" width=\"386\">\n<tbody>\n<tr>\n<td>STRENGTH<\/td>\n<td>\n<div class=\"flex min-w-max justify-between md:grid md:grid-cols-2 mb-2 border-b border-[#d8d6d4]\">\n<div class=\"flex flex-1 justify-end text-right md:text-left md:justify-start data pb-2 items-center product-attribute-value max-w-[200px]\" data-th=\"Product Info\">\n<div class=\"flex min-w-max justify-between md:grid md:grid-cols-2 mb-2 border-b border-[#d8d6d4]\">\n<div class=\"flex flex-1 justify-end text-right md:text-left md:justify-start data pb-2 items-center product-attribute-value max-w-[200px]\" data-th=\"Product Info\">\n<div class=\"flex min-w-max justify-between md:grid md:grid-cols-2 mb-2 border-b border-[#d8d6d4]\">\n<div class=\"flex flex-1 justify-end text-right md:text-left md:justify-start data pb-2 items-center product-attribute-value max-w-[200px]\" data-th=\"Product Info\">\n<p>EXTREMELY STRONG<\/p>\n<\/div>\n<\/div>\n<\/div>\n<\/div>\n<\/div>\n<\/div>\n<\/td>\n<\/tr>\n<tr>\n<td>Brand<\/td>\n<td>Pablo<\/td>\n<\/tr>\n<tr>\n<td>NICOTINE PER GRAM<\/td>\n<td>50MG<\/td>\n<\/tr>\n<tr>\n<td>Flavor<\/td>\n<td>Frosted ice<\/td>\n<\/tr>\n<tr>\n<td>Nicotine<\/td>\n<td>30\/pouch<\/td>\n<\/tr>\n<tr>\n<td>Portion Weight (g)<\/td>\n<td>0.6<\/td>\n<\/tr>\n<tr>\n<td>Pouches\/can<\/td>\n<td>20<\/td>\n<\/tr>\n<tr>\n<td>Net Weight (g)<\/td>\n<td>12<\/td>\n<\/tr>\n<tr>\n<td>Wet\/Dry<\/td>\n<td>Dry<\/td>\n<\/tr>\n<\/tbody>\n<\/table>\n<\/figure>\n<p><!-- \/wp:table --><\/p>\n<\/div>\n<form action=\"https:\/\/nicokick.com\/outofstock\/index\/createOosSubscription\" method=\"post\" data-mage-init=\"{'validation':{}}\"><\/form>\n<\/div>\n<\/div>\n<\/div>\n<\/div>\n<\/div>\n<\/div>\n<\/div>\n<\/div>\n<\/div>\n<\/div>\n<\/div>\n<\/div>\n<\/div>\n<\/div>\n<\/div>\n<div>\n<p><!-- \/wp:table --><\/p>\n<\/div>\n<form action=\"https:\/\/nicokick.com\/outofstock\/index\/createOosSubscription\" method=\"post\" data-mage-init=\"{'validation':{}}\"><\/form>\n<\/div>\n<\/div>\n<\/div>\n<\/div>\n<\/div>\n<\/div>\n<\/div>\n<\/div>\n<\/div>\n<\/div>\n<\/div>\n<\/div>\n<\/div>\n<\/div>\n<\/div>\n<\/div>\n<\/div>\n<\/div>\n<div>\n<p><!-- \/wp:table --><\/p>\n<\/div>\n<form action=\"https:\/\/nicokick.com\/outofstock\/index\/createOosSubscription\" method=\"post\" data-mage-init=\"{'validation':{}}\"><\/form>\n<\/div>\n<\/div>\n<\/div>\n<\/div>\n<\/div>\n<\/div>\n<\/div>\n<\/div>\n<\/div>\n<\/div>\n<\/div>\n<\/div>\n<\/div>\n<\/div>\n<\/div>\n<div>\n<p><!-- \/wp:table --><\/p>\n<\/div>\n<form action=\"https:\/\/nicokick.com\/outofstock\/index\/createOosSubscription\" method=\"post\" data-mage-init=\"{'validation':{}}\"><\/form>\n","protected":false},"featured_media":1836,"comment_status":"open","ping_status":"closed","template":"","meta":[],"product_brand":[],"product_cat":[44],"product_tag":[],"class_list":{"0":"post-1835","1":"product","2":"type-product","3":"status-publish","4":"has-post-thumbnail","6":"product_cat-pablo","8":"first","9":"instock","10":"taxable","11":"shipping-taxable","12":"product-type-simple"},"_links":{"self":[{"href":"https:\/\/snusoem.com\/pl\/wp-json\/wp\/v2\/product\/1835","targetHints":{"allow":["GET"]}}],"collection":[{"href":"https:\/\/snusoem.com\/pl\/wp-json\/wp\/v2\/product"}],"about":[{"href":"https:\/\/snusoem.com\/pl\/wp-json\/wp\/v2\/types\/product"}],"replies":[{"embeddable":true,"href":"https:\/\/snusoem.com\/pl\/wp-json\/wp\/v2\/comments?post=1835"}],"wp:featuredmedia":[{"embeddable":true,"href":"https:\/\/snusoem.com\/pl\/wp-json\/wp\/v2\/media\/1836"}],"wp:attachment":[{"href":"https:\/\/snusoem.com\/pl\/wp-json\/wp\/v2\/media?parent=1835"}],"wp:term":[{"taxonomy":"product_brand","embeddable":true,"href":"https:\/\/snusoem.com\/pl\/wp-json\/wp\/v2\/product_brand?post=1835"},{"taxonomy":"product_cat","embeddable":true,"href":"https:\/\/snusoem.com\/pl\/wp-json\/wp\/v2\/product_cat?post=1835"},{"taxonomy":"product_tag","embeddable":true,"href":"https:\/\/snusoem.com\/pl\/wp-json\/wp\/v2\/product_tag?post=1835"}],"curies":[{"name":"wp","href":"https:\/\/api.w.org\/{rel}","templated":true}]}}