{"id":1672,"date":"2025-04-28T01:13:41","date_gmt":"2025-04-28T01:13:41","guid":{"rendered":"https:\/\/snusoem.com\/?post_type=product&#038;p=1672"},"modified":"2025-04-28T01:29:23","modified_gmt":"2025-04-28T01:29:23","slug":"zyn-slim-cool-frost-strong-9mg","status":"publish","type":"product","link":"https:\/\/snusoem.com\/pl\/product\/zyn-slim-cool-frost-strong-9mg\/","title":{"rendered":"ZYN Slim Cool Frost Strong 9MG"},"content":{"rendered":"<div class=\"product-tab border-b-2 block md:-top-6 w-full md:flex md:justify-around\">\n<div class=\"flex w-full md:w-auto flex-row md:mr-4\">\n<h3>\u00a0 \u00a0 \u00a0 Specyfikacja produktu<\/h3>\n<ul>\n<li>The\u00a0<strong>ZYN Slim Cool Frost Strong\u00a0<\/strong>ma bardzo pikantny charakter smakowy, kt\u00f3ry zawiera mi\u0119t\u0119 pieprzow\u0105 i mentol, aby zapewni\u0107 mro\u017ane, mro\u017ane uczucie na ustach. Przy 9 mg na saszetk\u0119, produkt ten nale\u017cy do kategorii mocnych, wi\u0119c zapewni silniejsze doznania, co prawdopodobnie b\u0119dzie bardziej odpowiednie dla os\u00f3b z wi\u0119kszym do\u015bwiadczeniem w konsumpcji saszetek nikotynowych. Aby zwi\u0119kszy\u0107 intensywno\u015b\u0107 saszetki, zawarto\u015b\u0107 jest wilgotna, dzi\u0119ki czemu smak i nikotyna pojawi\u0105 si\u0119 znacznie szybciej ni\u017c w przypadku bardziej suchej saszetki. Smuk\u0142y kszta\u0142t produktu oznacza, \u017ce jest on zaprojektowany tak, aby wygodnie mie\u015bci\u0142 si\u0119 w ustach, poniewa\u017c zapewnia bardzo niewielki ruch, je\u015bli w og\u00f3le si\u0119 porusza.\n<p>ZYN oferuje niezliczon\u0105 liczb\u0119 r\u00f3\u017cnych smak\u00f3w w ramach swojej linii, kt\u00f3re obejmuj\u0105 szereg r\u00f3\u017cnych profili smakowych. Istniej\u0105 smaki mi\u0119towe, kt\u00f3re zadowol\u0105 fan\u00f3w tego tradycyjnego sk\u0142adnika woreczk\u00f3w nikotynowych, podczas gdy czarne wi\u015bnie i jab\u0142ko to dwa przyk\u0142ady smak\u00f3w owocowych sprzedawanych przez mark\u0119. Napoje takie jak cytrynowy spritz i bellini r\u00f3wnie\u017c zosta\u0142y przekszta\u0142cone w saszetki.<\/li>\n<\/ul>\n<\/div>\n<\/div>","protected":false},"excerpt":{"rendered":"<div class=\"leading-relaxed product-description text-mine-shaft prose mt-2\">\n<div class=\"leading-relaxed product-description text-mine-shaft prose mt-2\">\n<div class=\"leading-relaxed product-description text-mine-shaft prose mt-2\">\n<div class=\"leading-relaxed product-description text-mine-shaft prose mt-2\">\n<div class=\"leading-relaxed product-description text-mine-shaft prose mt-2\">\n<div class=\"leading-relaxed product-description text-mine-shaft prose mt-2\">\n<div class=\"leading-relaxed product-description text-mine-shaft prose mt-2\">\n<div class=\"leading-relaxed product-description text-mine-shaft prose mt-2\">\n<div class=\"leading-relaxed product-description text-mine-shaft prose mt-2\">\n<div class=\"leading-relaxed product-description text-mine-shaft prose mt-2\">\n<div class=\"leading-relaxed product-description text-mine-shaft prose mt-2\">\n<div class=\"leading-relaxed product-description prose\">\n<div class=\"leading-relaxed product-description prose\">ZYN Slim Cool Frost Extra Strong with an icy taste of mint and menthol.<\/div>\n<\/div>\n<div class=\"flex flex-col sm:flex-row justify-between my-4 sd-product-info-stock \"><\/div>\n<\/div>\n<\/div>\n<\/div>\n<\/div>\n<\/div>\n<\/div>\n<\/div>\n<\/div>\n<\/div>\n<\/div>\n<\/div>\n<div>\n<p><!-- \/wp:heading --> <!-- wp:table --><\/p>\n<figure class=\"wp-block-table\">\n<table class=\"has-fixed-layout\" style=\"height: 266px;\" width=\"386\">\n<tbody>\n<tr>\n<td>Product Info<\/td>\n<td>\n<div class=\"flex min-w-max justify-between md:grid md:grid-cols-2 mb-2 border-b border-[#d8d6d4]\">\n<div class=\"flex flex-1 justify-end text-right md:text-left md:justify-start data pb-2 items-center product-attribute-value max-w-[200px]\" data-th=\"Product Info\">\n<div class=\"flex min-w-max justify-between md:grid md:grid-cols-2 mb-2 border-b border-[#d8d6d4]\">\n<div class=\"flex flex-1 justify-end text-right md:text-left md:justify-start data pb-2 items-center product-attribute-value max-w-[200px]\" data-th=\"Product Info\">\n<div class=\"flex min-w-max justify-between md:grid md:grid-cols-2 mb-2 border-b border-[#d8d6d4]\">\n<div class=\"flex flex-1 justify-end text-right md:text-left md:justify-start data pb-2 items-center product-attribute-value max-w-[200px]\" data-th=\"Product Info\">Flavored, Tobacco Free, All White<\/div>\n<\/div>\n<\/div>\n<\/div>\n<\/div>\n<\/div>\n<\/td>\n<\/tr>\n<tr>\n<td>Brand<\/td>\n<td>ZYN<\/td>\n<\/tr>\n<tr>\n<td>Strength<\/td>\n<td>9MG<\/td>\n<\/tr>\n<tr>\n<td>Flavor<\/td>\n<td>Cool Frost<\/td>\n<\/tr>\n<tr>\n<td>Nicotine<\/td>\n<td>9mg\/pouch<\/td>\n<\/tr>\n<tr>\n<td>Portion Weight (g)<\/td>\n<td>0.4<\/td>\n<\/tr>\n<tr>\n<td>Pouches\/can<\/td>\n<td>20<\/td>\n<\/tr>\n<tr>\n<td>Net Weight (g)<\/td>\n<td>8<\/td>\n<\/tr>\n<tr>\n<td>Moisture Content<\/td>\n<td>2.7%<\/td>\n<\/tr>\n<\/tbody>\n<\/table>\n<\/figure>\n<p><!-- \/wp:table --><\/p>\n<\/div>\n<form action=\"https:\/\/nicokick.com\/outofstock\/index\/createOosSubscription\" method=\"post\" data-mage-init=\"{'validation':{}}\"><\/form>\n","protected":false},"featured_media":1673,"comment_status":"open","ping_status":"closed","template":"","meta":[],"product_brand":[],"product_cat":[45],"product_tag":[],"class_list":{"0":"post-1672","1":"product","2":"type-product","3":"status-publish","4":"has-post-thumbnail","6":"product_cat-eu-zyn","8":"first","9":"instock","10":"taxable","11":"shipping-taxable","12":"product-type-simple"},"_links":{"self":[{"href":"https:\/\/snusoem.com\/pl\/wp-json\/wp\/v2\/product\/1672","targetHints":{"allow":["GET"]}}],"collection":[{"href":"https:\/\/snusoem.com\/pl\/wp-json\/wp\/v2\/product"}],"about":[{"href":"https:\/\/snusoem.com\/pl\/wp-json\/wp\/v2\/types\/product"}],"replies":[{"embeddable":true,"href":"https:\/\/snusoem.com\/pl\/wp-json\/wp\/v2\/comments?post=1672"}],"wp:featuredmedia":[{"embeddable":true,"href":"https:\/\/snusoem.com\/pl\/wp-json\/wp\/v2\/media\/1673"}],"wp:attachment":[{"href":"https:\/\/snusoem.com\/pl\/wp-json\/wp\/v2\/media?parent=1672"}],"wp:term":[{"taxonomy":"product_brand","embeddable":true,"href":"https:\/\/snusoem.com\/pl\/wp-json\/wp\/v2\/product_brand?post=1672"},{"taxonomy":"product_cat","embeddable":true,"href":"https:\/\/snusoem.com\/pl\/wp-json\/wp\/v2\/product_cat?post=1672"},{"taxonomy":"product_tag","embeddable":true,"href":"https:\/\/snusoem.com\/pl\/wp-json\/wp\/v2\/product_tag?post=1672"}],"curies":[{"name":"wp","href":"https:\/\/api.w.org\/{rel}","templated":true}]}}