{"id":1629,"date":"2025-04-27T09:33:24","date_gmt":"2025-04-27T09:33:24","guid":{"rendered":"https:\/\/snusoem.com\/?post_type=product&#038;p=1629"},"modified":"2025-04-27T09:35:36","modified_gmt":"2025-04-27T09:35:36","slug":"zyn-peppermint-3mg","status":"publish","type":"product","link":"https:\/\/snusoem.com\/pl\/product\/zyn-peppermint-3mg\/","title":{"rendered":"ZYN Peppermint 3MG"},"content":{"rendered":"<div class=\"product-tab border-b-2 block md:-top-6 w-full md:flex md:justify-around\">\n<div class=\"flex w-full md:w-auto flex-row md:mr-4\">\n<h2 id=\"\" data-content-type=\"heading\" data-appearance=\"default\" data-element=\"main\">Kluczowe cechy<\/h2>\n<div data-content-type=\"text\" data-appearance=\"default\" data-id=\"\" data-name=\"\" data-creative=\"\" data-position=\"\" data-element=\"main\">\n<ul>\n<li>Klasyczna mi\u0119towa mieszanka smakowa<\/li>\n<li>Bez dymu, bez zapachu, bez plucia<\/li>\n<li>Od najlepiej sprzedaj\u0105cej si\u0119 marki saszetek z nikotyn\u0105<\/li>\n<li>\u0141atwy w u\u017cyciu w dowolnym momencie<\/li>\n<\/ul>\n<\/div>\n<h3 id=\"\" data-content-type=\"heading\" data-appearance=\"default\" data-element=\"main\">Poznaj woreczki nikotynowe ZYN Peppermint 3mg<\/h3>\n<div data-content-type=\"text\" data-appearance=\"default\" data-id=\"\" data-name=\"\" data-creative=\"\" data-position=\"\" data-element=\"main\">\n<p id=\"NAR5Y7A\">Woreczki nikotynowe ZYN Peppermint 3 mg zapewniaj\u0105 klasyczny mi\u0119towy smak i s\u0105 pozbawion\u0105 li\u015bci tytoniu alternatyw\u0105 dla tradycyjnych doustnych wyrob\u00f3w tytoniowych. Te ca\u0142kowicie bia\u0142e saszetki s\u0105 wykonane z wysokiej jako\u015bci sk\u0142adnik\u00f3w i s\u0105 dost\u0119pne w formacie mini, zaprojektowanym tak, aby wygodnie mie\u015bci\u0142 si\u0119 pod g\u00f3rn\u0105 warg\u0105. Ka\u017cda puszka zawiera 15 saszetek z zabezpieczeniem przed dzie\u0107mi, kt\u00f3re mo\u017cna otworzy\u0107, oferuj\u0105c moc nikotyny 3 mg na saszetk\u0119. Dla tych, kt\u00f3rzy szukaj\u0105 mocniejszej opcji, ten smak jest r\u00f3wnie\u017c dost\u0119pny w mocy 6 mg.<\/p>\n<p>ZYN jest jedn\u0105 z najpopularniejszych marek saszetek nikotynowych w USA, znan\u0105 z oferowania ca\u0142kowicie bezdymnych i niepluj\u0105cych dozna\u0144 nikotynowych.<\/p>\n<\/div>\n<h3 id=\"\" data-content-type=\"heading\" data-appearance=\"default\" data-element=\"main\">Przegl\u0105d ZYN<\/h3>\n<div data-content-type=\"text\" data-appearance=\"default\" data-id=\"\" data-name=\"\" data-creative=\"\" data-position=\"\" data-element=\"main\">\n<p>Woreczki ZYN s\u0105 przeznaczone dla doros\u0142ych u\u017cytkownik\u00f3w nikotyny w wieku 21 lat i starszych. Ich oferta obejmuje 10 smak\u00f3w i 2 st\u0119\u017cenia nikotyny: 3 mg i 6 mg.<\/p>\n<\/div>\n<\/div>\n<\/div>","protected":false},"excerpt":{"rendered":"<div class=\"leading-relaxed product-description text-mine-shaft prose mt-2\">\n<div class=\"leading-relaxed product-description text-mine-shaft prose mt-2\">\n<div class=\"leading-relaxed product-description text-mine-shaft prose mt-2\">\n<div class=\"leading-relaxed product-description text-mine-shaft prose mt-2\">\n<div class=\"leading-relaxed product-description text-mine-shaft prose mt-2\">ZYN Peppermint 3mg: ZYN pouches with a classic mint flavor blend.<\/div>\n<\/div>\n<form action=\"https:\/\/nicokick.com\/outofstock\/index\/createOosSubscription\" method=\"post\" data-mage-init=\"{'validation':{}}\"><\/form>\n<\/div>\n<form action=\"https:\/\/nicokick.com\/outofstock\/index\/createOosSubscription\" method=\"post\" data-mage-init=\"{'validation':{}}\"><\/form>\n<\/div>\n<\/div>\n<div><\/div>\n<div>\n<p><!-- wp:heading --><\/p>\n<h2 class=\"wp-block-heading\">Details<\/h2>\n<p><!-- \/wp:heading --> <!-- wp:table --><\/p>\n<figure class=\"wp-block-table\">\n<table class=\"has-fixed-layout\">\n<tbody>\n<tr>\n<td>Product Info<\/td>\n<td>\n<div class=\"flex min-w-max justify-between md:grid md:grid-cols-2 mb-2 border-b border-[#d8d6d4]\">\n<div class=\"flex flex-1 justify-end text-right md:text-left md:justify-start data pb-2 items-center product-attribute-value max-w-[200px]\" data-th=\"Product Info\">\n<div class=\"flex min-w-max justify-between md:grid md:grid-cols-2 mb-2 border-b border-[#d8d6d4]\">\n<div class=\"flex flex-1 justify-end text-right md:text-left md:justify-start data pb-2 items-center product-attribute-value max-w-[200px]\" data-th=\"Product Info\">\n<div class=\"flex min-w-max justify-between md:grid md:grid-cols-2 mb-2 border-b border-[#d8d6d4]\">\n<div class=\"flex flex-1 justify-end text-right md:text-left md:justify-start data pb-2 items-center product-attribute-value max-w-[200px]\" data-th=\"Product Info\">Flavored, Tobacco Free, All White, Mini<\/div>\n<\/div>\n<\/div>\n<\/div>\n<\/div>\n<\/div>\n<\/td>\n<\/tr>\n<tr>\n<td>Brand<\/td>\n<td>ZYN<\/td>\n<\/tr>\n<tr>\n<td>Strength<\/td>\n<td>3MG<\/td>\n<\/tr>\n<tr>\n<td>Flavor<\/td>\n<td>\n<div class=\"flex min-w-max justify-between md:grid md:grid-cols-2 mb-2 border-b border-[#d8d6d4]\">\n<div class=\"flex flex-1 justify-end text-right md:text-left md:justify-start data pb-2 items-center product-attribute-value max-w-[200px]\" data-th=\"Flavor\">Peppermint<\/div>\n<\/div>\n<\/td>\n<\/tr>\n<tr>\n<td>Nicotine<\/td>\n<td>3mg\/pouch<\/td>\n<\/tr>\n<tr>\n<td>Portion Weight (g)<\/td>\n<td>0.4<\/td>\n<\/tr>\n<tr>\n<td>Pouches\/can<\/td>\n<td>15<\/td>\n<\/tr>\n<tr>\n<td>Net Weight (g)<\/td>\n<td>6<\/td>\n<\/tr>\n<tr>\n<td>Net Weight (oz)<\/td>\n<td>0.21<\/td>\n<\/tr>\n<\/tbody>\n<\/table>\n<\/figure>\n<p><!-- \/wp:table --><\/p>\n<\/div>\n<form action=\"https:\/\/nicokick.com\/outofstock\/index\/createOosSubscription\" method=\"post\" data-mage-init=\"{'validation':{}}\"><\/form>\n","protected":false},"featured_media":1630,"comment_status":"open","ping_status":"closed","template":"","meta":[],"product_brand":[],"product_cat":[29],"product_tag":[],"class_list":{"0":"post-1629","1":"product","2":"type-product","3":"status-publish","4":"has-post-thumbnail","6":"product_cat-usa-zyn","8":"first","9":"instock","10":"taxable","11":"shipping-taxable","12":"product-type-simple"},"_links":{"self":[{"href":"https:\/\/snusoem.com\/pl\/wp-json\/wp\/v2\/product\/1629","targetHints":{"allow":["GET"]}}],"collection":[{"href":"https:\/\/snusoem.com\/pl\/wp-json\/wp\/v2\/product"}],"about":[{"href":"https:\/\/snusoem.com\/pl\/wp-json\/wp\/v2\/types\/product"}],"replies":[{"embeddable":true,"href":"https:\/\/snusoem.com\/pl\/wp-json\/wp\/v2\/comments?post=1629"}],"wp:featuredmedia":[{"embeddable":true,"href":"https:\/\/snusoem.com\/pl\/wp-json\/wp\/v2\/media\/1630"}],"wp:attachment":[{"href":"https:\/\/snusoem.com\/pl\/wp-json\/wp\/v2\/media?parent=1629"}],"wp:term":[{"taxonomy":"product_brand","embeddable":true,"href":"https:\/\/snusoem.com\/pl\/wp-json\/wp\/v2\/product_brand?post=1629"},{"taxonomy":"product_cat","embeddable":true,"href":"https:\/\/snusoem.com\/pl\/wp-json\/wp\/v2\/product_cat?post=1629"},{"taxonomy":"product_tag","embeddable":true,"href":"https:\/\/snusoem.com\/pl\/wp-json\/wp\/v2\/product_tag?post=1629"}],"curies":[{"name":"wp","href":"https:\/\/api.w.org\/{rel}","templated":true}]}}