{"id":1625,"date":"2025-04-27T09:27:23","date_gmt":"2025-04-27T09:27:23","guid":{"rendered":"https:\/\/snusoem.com\/?post_type=product&#038;p=1625"},"modified":"2025-04-27T09:29:38","modified_gmt":"2025-04-27T09:29:38","slug":"zyn-spearmint-3mg","status":"publish","type":"product","link":"https:\/\/snusoem.com\/pl\/product\/zyn-spearmint-3mg\/","title":{"rendered":"ZYN Spearmint 3MG"},"content":{"rendered":"<div class=\"product-tab border-b-2 block md:-top-6 w-full md:flex md:justify-around\">\n<div class=\"flex w-full md:w-auto flex-row md:mr-4\">\n<h2 id=\"\" data-content-type=\"heading\" data-appearance=\"default\" data-element=\"main\">Kluczowe cechy<\/h2>\n<div data-content-type=\"text\" data-appearance=\"default\" data-id=\"\" data-name=\"\" data-creative=\"\" data-position=\"\" data-element=\"main\">\n<ul>\n<li>Nieco s\u0142odszy mi\u0119towy smak<\/li>\n<li>Bez dymu, bez zapachu, bez plucia<\/li>\n<li>Od najlepiej sprzedaj\u0105cej si\u0119 marki saszetek z nikotyn\u0105<\/li>\n<li>\u0141atwy w u\u017cyciu w dowolnym momencie<\/li>\n<\/ul>\n<p>&nbsp;<\/p>\n<\/div>\n<h3 id=\"\" data-content-type=\"heading\" data-appearance=\"default\" data-element=\"main\">Explore ZYN Spearmint 3mg Nicotine Pouches<\/h3>\n<div data-content-type=\"text\" data-appearance=\"default\" data-id=\"\" data-name=\"\" data-creative=\"\" data-position=\"\" data-element=\"main\">\n<p>ZYN Spearmint 3mg pouches, from a leading nicotine pouch brand in the U.S., offer a slightly sweeter mint flavor and provide a tobacco leaf-free alternative to traditional oral tobacco products.<\/p>\n<p>Ka\u017cda puszka zawiera 15 ca\u0142kowicie bia\u0142ych, suchych saszetek w kszta\u0142cie mini prostok\u0105ta, zaprojektowanych do u\u017cycia w dowolnym miejscu i czasie. Ka\u017cda saszetka zawiera 3 mg nikotyny, a dla os\u00f3b poszukuj\u0105cych silniejszego poziomu nikotyny dost\u0119pna jest opcja o mocy 6 mg.<\/p>\n<\/div>\n<h3 id=\"\" data-content-type=\"heading\" data-appearance=\"default\" data-element=\"main\">Przegl\u0105d ZYN<\/h3>\n<div data-content-type=\"text\" data-appearance=\"default\" data-id=\"\" data-name=\"\" data-creative=\"\" data-position=\"\" data-element=\"main\">\n<p id=\"RPF36YI\">ZYN to jedna z najbardziej rozpoznawalnych marek saszetek nikotynowych w USA. Te niezawieraj\u0105ce li\u015bci tytoniu saszetki s\u0105 wykonane z wysokiej jako\u015bci sk\u0142adnik\u00f3w i s\u0105 dost\u0119pne w 10 smakach, ka\u017cdy oferowany w dw\u00f3ch mocach nikotyny - 3 mg i 6 mg.<\/p>\n<p>&nbsp;<\/p>\n<\/div>\n<\/div>\n<\/div>","protected":false},"excerpt":{"rendered":"<div class=\"leading-relaxed product-description text-mine-shaft prose mt-2\">\n<div class=\"leading-relaxed product-description text-mine-shaft prose mt-2\">\n<div class=\"leading-relaxed product-description text-mine-shaft prose mt-2\">\n<div class=\"leading-relaxed product-description text-mine-shaft prose mt-2\">ZYN Spearmint 3mg: ZYN pouches with a slightly sweeter mint flavor.<\/div>\n<form action=\"https:\/\/nicokick.com\/outofstock\/index\/createOosSubscription\" method=\"post\" data-mage-init=\"{'validation':{}}\"><\/form>\n<\/div>\n<form action=\"https:\/\/nicokick.com\/outofstock\/index\/createOosSubscription\" method=\"post\" data-mage-init=\"{'validation':{}}\"><\/form>\n<\/div>\n<\/div>\n<div><\/div>\n<div>\n<p><!-- wp:heading --><\/p>\n<h2 class=\"wp-block-heading\">Details<\/h2>\n<p><!-- \/wp:heading --> <!-- wp:table --><\/p>\n<figure class=\"wp-block-table\">\n<table class=\"has-fixed-layout\">\n<tbody>\n<tr>\n<td>Product Info<\/td>\n<td>\n<div class=\"flex min-w-max justify-between md:grid md:grid-cols-2 mb-2 border-b border-[#d8d6d4]\">\n<div class=\"flex flex-1 justify-end text-right md:text-left md:justify-start data pb-2 items-center product-attribute-value max-w-[200px]\" data-th=\"Product Info\">\n<div class=\"flex min-w-max justify-between md:grid md:grid-cols-2 mb-2 border-b border-[#d8d6d4]\">\n<div class=\"flex flex-1 justify-end text-right md:text-left md:justify-start data pb-2 items-center product-attribute-value max-w-[200px]\" data-th=\"Product Info\">\n<div class=\"flex min-w-max justify-between md:grid md:grid-cols-2 mb-2 border-b border-[#d8d6d4]\">\n<div class=\"flex flex-1 justify-end text-right md:text-left md:justify-start data pb-2 items-center product-attribute-value max-w-[200px]\" data-th=\"Product Info\">Flavored, Tobacco Free, All White, Mini<\/div>\n<\/div>\n<\/div>\n<\/div>\n<\/div>\n<\/div>\n<\/td>\n<\/tr>\n<tr>\n<td>Brand<\/td>\n<td>ZYN<\/td>\n<\/tr>\n<tr>\n<td>Strength<\/td>\n<td>3MG<\/td>\n<\/tr>\n<tr>\n<td>Flavor<\/td>\n<td>\n<div class=\"flex min-w-max justify-between md:grid md:grid-cols-2 mb-2 border-b border-[#d8d6d4]\">\n<div class=\"flex flex-1 justify-end text-right md:text-left md:justify-start data pb-2 items-center product-attribute-value max-w-[200px]\" data-th=\"Flavor\">Spearmint<\/div>\n<\/div>\n<\/td>\n<\/tr>\n<tr>\n<td>Nicotine<\/td>\n<td>3mg\/pouch<\/td>\n<\/tr>\n<tr>\n<td>Portion Weight (g)<\/td>\n<td>0.4<\/td>\n<\/tr>\n<tr>\n<td>Pouches\/can<\/td>\n<td>15<\/td>\n<\/tr>\n<tr>\n<td>Net Weight (g)<\/td>\n<td>6<\/td>\n<\/tr>\n<tr>\n<td>Net Weight (oz)<\/td>\n<td>0.21<\/td>\n<\/tr>\n<\/tbody>\n<\/table>\n<\/figure>\n<p><!-- \/wp:table --><\/p>\n<\/div>\n<form action=\"https:\/\/nicokick.com\/outofstock\/index\/createOosSubscription\" method=\"post\" data-mage-init=\"{'validation':{}}\"><\/form>\n","protected":false},"featured_media":1626,"comment_status":"open","ping_status":"closed","template":"","meta":[],"product_brand":[],"product_cat":[29],"product_tag":[],"class_list":{"0":"post-1625","1":"product","2":"type-product","3":"status-publish","4":"has-post-thumbnail","6":"product_cat-usa-zyn","8":"first","9":"instock","10":"taxable","11":"shipping-taxable","12":"product-type-simple"},"_links":{"self":[{"href":"https:\/\/snusoem.com\/pl\/wp-json\/wp\/v2\/product\/1625","targetHints":{"allow":["GET"]}}],"collection":[{"href":"https:\/\/snusoem.com\/pl\/wp-json\/wp\/v2\/product"}],"about":[{"href":"https:\/\/snusoem.com\/pl\/wp-json\/wp\/v2\/types\/product"}],"replies":[{"embeddable":true,"href":"https:\/\/snusoem.com\/pl\/wp-json\/wp\/v2\/comments?post=1625"}],"wp:featuredmedia":[{"embeddable":true,"href":"https:\/\/snusoem.com\/pl\/wp-json\/wp\/v2\/media\/1626"}],"wp:attachment":[{"href":"https:\/\/snusoem.com\/pl\/wp-json\/wp\/v2\/media?parent=1625"}],"wp:term":[{"taxonomy":"product_brand","embeddable":true,"href":"https:\/\/snusoem.com\/pl\/wp-json\/wp\/v2\/product_brand?post=1625"},{"taxonomy":"product_cat","embeddable":true,"href":"https:\/\/snusoem.com\/pl\/wp-json\/wp\/v2\/product_cat?post=1625"},{"taxonomy":"product_tag","embeddable":true,"href":"https:\/\/snusoem.com\/pl\/wp-json\/wp\/v2\/product_tag?post=1625"}],"curies":[{"name":"wp","href":"https:\/\/api.w.org\/{rel}","templated":true}]}}