{"id":1614,"date":"2025-04-27T09:02:04","date_gmt":"2025-04-27T09:02:04","guid":{"rendered":"https:\/\/snusoem.com\/?post_type=product&#038;p=1614"},"modified":"2025-04-27T09:16:36","modified_gmt":"2025-04-27T09:16:36","slug":"zyn-coffee-6mg","status":"publish","type":"product","link":"https:\/\/snusoem.com\/pl\/product\/zyn-coffee-6mg\/","title":{"rendered":"ZYN Coffee 6MG"},"content":{"rendered":"<div class=\"product-tab border-b-2 block md:-top-6 w-full md:flex md:justify-around\">\n<div class=\"flex w-full md:w-auto flex-row md:mr-4\">\n<h2 id=\"\" data-content-type=\"heading\" data-appearance=\"default\" data-element=\"main\">Kluczowe cechy<\/h2>\n<div data-content-type=\"text\" data-appearance=\"default\" data-id=\"\" data-name=\"\" data-creative=\"\" data-position=\"\" data-element=\"main\">\n<ul>\n<li>Uchwy\u0107 ciep\u0142e, bogate nuty zaparzonej mokki<\/li>\n<li>Bez dymu, bez zapachu, bez plucia<\/li>\n<li>Od najlepiej sprzedaj\u0105cej si\u0119 marki saszetek z nikotyn\u0105<\/li>\n<li>Ciesz si\u0119 w dowolnym miejscu i czasie<\/li>\n<\/ul>\n<p>&nbsp;<\/p>\n<\/div>\n<h3 id=\"\" data-content-type=\"heading\" data-appearance=\"default\" data-element=\"main\">Poznaj woreczki z nikotyn\u0105 ZYN Coffee 6 mg<\/h3>\n<div data-content-type=\"text\" data-appearance=\"default\" data-id=\"\" data-name=\"\" data-creative=\"\" data-position=\"\" data-element=\"main\">\n<p>Woreczki z nikotyn\u0105 ZYN Coffee 6 mg stanowi\u0105 pozbawion\u0105 li\u015bci tytoniu alternatyw\u0119 dla tradycyjnych doustnych wyrob\u00f3w tytoniowych. Jako jedna z najlepiej sprzedaj\u0105cych si\u0119 marek w USA, te ca\u0142kowicie bia\u0142e saszetki s\u0105 wykonane z wysokiej jako\u015bci sk\u0142adnik\u00f3w i s\u0105 dost\u0119pne w formacie mini, przeznaczonym do umieszczenia pod g\u00f3rn\u0105 warg\u0105. Puszka posiada zabezpieczenie przed otwarciem przez dzieci i mie\u015bci 15 saszetek, z kt\u00f3rych ka\u017cda zawiera 6 mg nikotyny. Dla tych, kt\u00f3rzy wol\u0105 mniej intensywn\u0105 moc, smak Coffee jest r\u00f3wnie\u017c dost\u0119pny w dawce 3 mg.<\/p>\n<\/div>\n<h3 id=\"\" data-content-type=\"heading\" data-appearance=\"default\" data-element=\"main\">Przegl\u0105d ZYN<\/h3>\n<div data-content-type=\"text\" data-appearance=\"default\" data-id=\"\" data-name=\"\" data-creative=\"\" data-position=\"\" data-element=\"main\">\n<p>Oferuj\u0105 ca\u0142kowicie wolne od dymu i plucia doznania nikotynowe. Asortyment saszetek obejmuje dziesi\u0119\u0107 smak\u00f3w i dwie mocne dawki nikotyny do wyboru.<\/p>\n<p>&nbsp;<\/p>\n<\/div>\n<\/div>\n<\/div>","protected":false},"excerpt":{"rendered":"<div class=\"leading-relaxed product-description text-mine-shaft prose mt-2\">\n<div class=\"leading-relaxed product-description text-mine-shaft prose mt-2\">ZYN Coffee 6mg: ZYN pouches that capture the warm, rich notes of brewed mocha.<\/div>\n<\/div>\n<div><\/div>\n<div>\n<p><!-- wp:heading --><\/p>\n<h2 class=\"wp-block-heading\">Details<\/h2>\n<p><!-- \/wp:heading --> <!-- wp:table --><\/p>\n<figure class=\"wp-block-table\">\n<table class=\"has-fixed-layout\">\n<tbody>\n<tr>\n<td>Product Info<\/td>\n<td>\n<div class=\"flex min-w-max justify-between md:grid md:grid-cols-2 mb-2 border-b border-[#d8d6d4]\">\n<div class=\"flex flex-1 justify-end text-right md:text-left md:justify-start data pb-2 items-center product-attribute-value max-w-[200px]\" data-th=\"Product Info\">Flavored, Tobacco Free, All White, Mini<\/div>\n<\/div>\n<\/td>\n<\/tr>\n<tr>\n<td>Brand<\/td>\n<td>ZYN<\/td>\n<\/tr>\n<tr>\n<td>Strength<\/td>\n<td>\u00a06MG<\/td>\n<\/tr>\n<tr>\n<td>Flavor<\/td>\n<td>Coffee<\/td>\n<\/tr>\n<tr>\n<td>Nicotine<\/td>\n<td>6mg\/pouch<\/td>\n<\/tr>\n<tr>\n<td>Portion Weight (g)<\/td>\n<td>0.4<\/td>\n<\/tr>\n<tr>\n<td>Pouches\/can<\/td>\n<td>15<\/td>\n<\/tr>\n<tr>\n<td>Net Weight (g)<\/td>\n<td>6<\/td>\n<\/tr>\n<tr>\n<td>Net Weight (oz)<\/td>\n<td>0.21<\/td>\n<\/tr>\n<\/tbody>\n<\/table>\n<\/figure>\n<p><!-- \/wp:table --><\/p>\n<\/div>\n<form action=\"https:\/\/nicokick.com\/outofstock\/index\/createOosSubscription\" method=\"post\" data-mage-init=\"{'validation':{}}\"><\/form>\n","protected":false},"featured_media":1619,"comment_status":"open","ping_status":"closed","template":"","meta":[],"product_brand":[],"product_cat":[29],"product_tag":[],"class_list":{"0":"post-1614","1":"product","2":"type-product","3":"status-publish","4":"has-post-thumbnail","6":"product_cat-usa-zyn","8":"first","9":"instock","10":"taxable","11":"shipping-taxable","12":"product-type-simple"},"_links":{"self":[{"href":"https:\/\/snusoem.com\/pl\/wp-json\/wp\/v2\/product\/1614","targetHints":{"allow":["GET"]}}],"collection":[{"href":"https:\/\/snusoem.com\/pl\/wp-json\/wp\/v2\/product"}],"about":[{"href":"https:\/\/snusoem.com\/pl\/wp-json\/wp\/v2\/types\/product"}],"replies":[{"embeddable":true,"href":"https:\/\/snusoem.com\/pl\/wp-json\/wp\/v2\/comments?post=1614"}],"wp:featuredmedia":[{"embeddable":true,"href":"https:\/\/snusoem.com\/pl\/wp-json\/wp\/v2\/media\/1619"}],"wp:attachment":[{"href":"https:\/\/snusoem.com\/pl\/wp-json\/wp\/v2\/media?parent=1614"}],"wp:term":[{"taxonomy":"product_brand","embeddable":true,"href":"https:\/\/snusoem.com\/pl\/wp-json\/wp\/v2\/product_brand?post=1614"},{"taxonomy":"product_cat","embeddable":true,"href":"https:\/\/snusoem.com\/pl\/wp-json\/wp\/v2\/product_cat?post=1614"},{"taxonomy":"product_tag","embeddable":true,"href":"https:\/\/snusoem.com\/pl\/wp-json\/wp\/v2\/product_tag?post=1614"}],"curies":[{"name":"wp","href":"https:\/\/api.w.org\/{rel}","templated":true}]}}