{"id":2093,"date":"2025-05-07T01:42:47","date_gmt":"2025-05-07T01:42:47","guid":{"rendered":"https:\/\/snusoem.com\/?post_type=product&#038;p=2093"},"modified":"2025-05-07T01:45:54","modified_gmt":"2025-05-07T01:45:54","slug":"zyn-cool-blueberry-strong-11-mg","status":"publish","type":"product","link":"https:\/\/snusoem.com\/it\/product\/zyn-cool-blueberry-strong-11-mg\/","title":{"rendered":"ZYN Mirtillo fresco forte 11 MG"},"content":{"rendered":"<div class=\"product-tab border-b-2 block md:-top-6 w-full md:flex md:justify-around\">\n<div class=\"flex w-full md:w-auto flex-row md:mr-4\">\n<div class=\"product-tab border-b-2 block md:-top-6 w-full md:flex md:justify-around\">\n<div class=\"flex w-full md:w-auto flex-row md:mr-4\">\n<div id=\"station-tabs-tabpanel_ht-i0-t7\" class=\"station-tabs-tabpanel is-active\" role=\"region\" aria-labelledby=\"station-tabs-tab_ht-i0-t7\" aria-hidden=\"false\">\n<div class=\"station-tabs-tabcontent\">\n<h2><a href=\"https:\/\/snusoem.com\/it\/categoria-prodotto\/eu-zyn\/page\/2\/\">Acquistare le buste di nicotina ZYN Cool Blueberr\u00a0<\/a><\/h2>\n<p>Le buste di nicotina ICY blackcurrent di ZYN sono un'esplosione di sapori fruttati infusi con il gusto del ribes nero maturo. L'effetto agghiacciante \u00e8 esaltato dal sottofondo freddo, che contribuisce alla freschezza generale. Ogni busta \u00e8 stata realizzata con un'attenta cura dei dettagli, in modo da garantire un'erogazione costante e deliziosa della nicotina.<\/p>\n<h3><strong>CARATTERISTICHE PRINCIPALI:<\/strong><\/h3>\n<ul>\n<li>Le buste ZYN sono snus di alta qualit\u00e0, senza tabacco e con porzioni bianche. Ci\u00f2 significa che i denti non si macchiano o scoloriscono durante o dopo l'uso. La sottile busta \u00e8 della dimensione perfetta per un uso comodo e discreto, in modo da poter gustare lo ZYN ovunque e in qualsiasi momento.\n<p>&nbsp;<\/p>\n<p>Contenuto di nicotina - 18mg\/g | 11mg\/bustina.<\/p>\n<p>Prodotto in Svezia<\/p>\n<p>20 buste per barattolo<\/li>\n<\/ul>\n<\/div>\n<\/div>\n<\/div>\n<\/div>\n<\/div>\n<\/div>","protected":false},"excerpt":{"rendered":"<div class=\"leading-relaxed product-description text-mine-shaft prose mt-2\">\n<div class=\"leading-relaxed product-description text-mine-shaft prose mt-2\">\n<div class=\"leading-relaxed product-description text-mine-shaft prose mt-2\">\n<div class=\"leading-relaxed product-description text-mine-shaft prose mt-2\">\n<div class=\"leading-relaxed product-description text-mine-shaft prose mt-2\">\n<div class=\"leading-relaxed product-description text-mine-shaft prose mt-2\">\n<div class=\"leading-relaxed product-description text-mine-shaft prose mt-2\">\n<div class=\"leading-relaxed product-description text-mine-shaft prose mt-2\">\n<div class=\"leading-relaxed product-description text-mine-shaft prose mt-2\">\n<div class=\"leading-relaxed product-description text-mine-shaft prose mt-2\">\n<div class=\"leading-relaxed product-description text-mine-shaft prose mt-2\">\n<div class=\"leading-relaxed product-description prose\">\n<div class=\"leading-relaxed product-description prose\" style=\"text-align: left;\">\n<div class=\"leading-relaxed product-description prose\">\n<div class=\"leading-relaxed product-description prose\">\n<div class=\"leading-relaxed product-description text-mine-shaft prose mt-2\">\n<div class=\"leading-relaxed product-description text-mine-shaft prose mt-2\">\n<div class=\"leading-relaxed product-description text-mine-shaft prose mt-2\">\n<div class=\"leading-relaxed product-description text-mine-shaft prose mt-2\">\n<div class=\"leading-relaxed product-description text-mine-shaft prose mt-2\">\n<div class=\"leading-relaxed product-description text-mine-shaft prose mt-2\">\n<div class=\"leading-relaxed product-description text-mine-shaft prose mt-2\">\n<div class=\"leading-relaxed product-description text-mine-shaft prose mt-2\">\n<div class=\"leading-relaxed product-description text-mine-shaft prose mt-2\">\n<div class=\"leading-relaxed product-description text-mine-shaft prose mt-2\">\n<div class=\"leading-relaxed product-description text-mine-shaft prose mt-2\">\n<div class=\"leading-relaxed product-description prose\">\n<div class=\"leading-relaxed product-description prose\" style=\"text-align: left;\">\n<div class=\"leading-relaxed product-description prose\">\n<div class=\"leading-relaxed product-description prose\">\n<p>Cool Blueberry provides a burst fresh fruity blueberry flavours paired with a crisp cooling sensation.<\/p>\n<\/div>\n<div class=\"flex flex-col sm:flex-row justify-between my-4 sd-product-info-stock \"><\/div>\n<\/div>\n<\/div>\n<div><\/div>\n<\/div>\n<\/div>\n<\/div>\n<\/div>\n<\/div>\n<\/div>\n<\/div>\n<\/div>\n<\/div>\n<\/div>\n<\/div>\n<\/div>\n<div>\n<p><!-- \/wp:heading --> <!-- wp:table --><\/p>\n<figure class=\"wp-block-table\">\n<table class=\"has-fixed-layout\" style=\"height: 266px;\" width=\"386\">\n<tbody>\n<tr>\n<td>Product Info<\/td>\n<td>\n<div class=\"flex min-w-max justify-between md:grid md:grid-cols-2 mb-2 border-b border-[#d8d6d4]\">\n<div class=\"flex flex-1 justify-end text-right md:text-left md:justify-start data pb-2 items-center product-attribute-value max-w-[200px]\" data-th=\"Product Info\">\n<div class=\"flex min-w-max justify-between md:grid md:grid-cols-2 mb-2 border-b border-[#d8d6d4]\">\n<div class=\"flex flex-1 justify-end text-right md:text-left md:justify-start data pb-2 items-center product-attribute-value max-w-[200px]\" data-th=\"Product Info\">\n<div class=\"flex min-w-max justify-between md:grid md:grid-cols-2 mb-2 border-b border-[#d8d6d4]\">\n<div class=\"flex flex-1 justify-end text-right md:text-left md:justify-start data pb-2 items-center product-attribute-value max-w-[200px]\" data-th=\"Product Info\">Flavored, Tobacco Free, All White<\/div>\n<\/div>\n<\/div>\n<\/div>\n<\/div>\n<\/div>\n<\/td>\n<\/tr>\n<tr>\n<td>Brand<\/td>\n<td>ZYN<\/td>\n<\/tr>\n<tr>\n<td>Strength<\/td>\n<td>18MG<\/td>\n<\/tr>\n<tr>\n<td>Flavor<\/td>\n<td>Cool Blueberry<\/td>\n<\/tr>\n<tr>\n<td>Nicotine<\/td>\n<td>11\/pouch<\/td>\n<\/tr>\n<tr>\n<td>Portion Weight (g)<\/td>\n<td>0.8<\/td>\n<\/tr>\n<tr>\n<td>Pouches\/can<\/td>\n<td>20<\/td>\n<\/tr>\n<tr>\n<td>Net Weight (g)<\/td>\n<td>16<\/td>\n<\/tr>\n<tr>\n<td>Wet\/Dry<\/td>\n<td>Dry<\/td>\n<\/tr>\n<\/tbody>\n<\/table>\n<\/figure>\n<p><!-- \/wp:table --><\/p>\n<\/div>\n<form action=\"https:\/\/nicokick.com\/outofstock\/index\/createOosSubscription\" method=\"post\" data-mage-init=\"{'validation':{}}\"><\/form>\n<\/div>\n<\/div>\n<\/div>\n<\/div>\n<\/div>\n<\/div>\n<\/div>\n<\/div>\n<\/div>\n<\/div>\n<\/div>\n<\/div>\n<\/div>\n<\/div>\n<\/div>\n<div>\n<p><!-- \/wp:table --><\/p>\n<\/div>\n<form action=\"https:\/\/nicokick.com\/outofstock\/index\/createOosSubscription\" method=\"post\" data-mage-init=\"{'validation':{}}\"><\/form>\n","protected":false},"featured_media":2094,"comment_status":"open","ping_status":"closed","template":"","meta":[],"product_brand":[],"product_cat":[45],"product_tag":[],"class_list":{"0":"post-2093","1":"product","2":"type-product","3":"status-publish","4":"has-post-thumbnail","6":"product_cat-eu-zyn","8":"first","9":"instock","10":"taxable","11":"shipping-taxable","12":"product-type-simple"},"_links":{"self":[{"href":"https:\/\/snusoem.com\/it\/wp-json\/wp\/v2\/product\/2093","targetHints":{"allow":["GET"]}}],"collection":[{"href":"https:\/\/snusoem.com\/it\/wp-json\/wp\/v2\/product"}],"about":[{"href":"https:\/\/snusoem.com\/it\/wp-json\/wp\/v2\/types\/product"}],"replies":[{"embeddable":true,"href":"https:\/\/snusoem.com\/it\/wp-json\/wp\/v2\/comments?post=2093"}],"wp:featuredmedia":[{"embeddable":true,"href":"https:\/\/snusoem.com\/it\/wp-json\/wp\/v2\/media\/2094"}],"wp:attachment":[{"href":"https:\/\/snusoem.com\/it\/wp-json\/wp\/v2\/media?parent=2093"}],"wp:term":[{"taxonomy":"product_brand","embeddable":true,"href":"https:\/\/snusoem.com\/it\/wp-json\/wp\/v2\/product_brand?post=2093"},{"taxonomy":"product_cat","embeddable":true,"href":"https:\/\/snusoem.com\/it\/wp-json\/wp\/v2\/product_cat?post=2093"},{"taxonomy":"product_tag","embeddable":true,"href":"https:\/\/snusoem.com\/it\/wp-json\/wp\/v2\/product_tag?post=2093"}],"curies":[{"name":"wp","href":"https:\/\/api.w.org\/{rel}","templated":true}]}}