{"id":3045,"date":"2025-09-11T03:03:50","date_gmt":"2025-09-11T03:03:50","guid":{"rendered":"https:\/\/snusoem.com\/?post_type=product&#038;p=3045"},"modified":"2025-09-11T03:06:02","modified_gmt":"2025-09-11T03:06:02","slug":"cuba-watermelon-strong-43-mg","status":"publish","type":"product","link":"https:\/\/snusoem.com\/fr\/product\/cuba-watermelon-strong-43-mg\/","title":{"rendered":"CUBA Watermelon Strong 43 MG"},"content":{"rendered":"<div class=\"product-tab border-b-2 block md:-top-6 w-full md:flex md:justify-around\">\n<div class=\"flex w-full md:w-auto flex-row md:mr-4\">\n<div class=\"product-tab border-b-2 block md:-top-6 w-full md:flex md:justify-around\">\n<div class=\"flex w-full md:w-auto flex-row md:mr-4\">\n<div id=\"station-tabs-tabpanel_ht-i0-t7\" class=\"station-tabs-tabpanel is-active\" role=\"region\" aria-labelledby=\"station-tabs-tab_ht-i0-t7\" aria-hidden=\"false\">\n<div class=\"station-tabs-tabcontent\">\n<h5 class=\"s28 m10\"><\/h5>\n<div class=\"content\">\n<h1>Discover the Exhilarating Intensity of CUBA Watermelon Strong<\/h1>\n<p>Experience the ultimate fusion of flavor and strength with the\u00a0<a href=\"https:\/\/snusoem.com\/fr\/produit\/cuba-watermelon-strong-43-mg\/+%e2%80%8e\/\"><strong>CUBA Watermelon Strong<\/strong><\/a>, a premium selection from the renowned\u00a0<a href=\"https:\/\/snusoem.com\/fr\/cuba\/\">CUBA<\/a>\u00a0brand. This product is designed for those who seek a potent and invigorating nicotine experience without compromising on taste.<\/p>\n<h2>Unmatched Flavor Profile<\/h2>\n<p>Indulge in the luscious and refreshing taste of watermelon that defines the CUBA Watermelon Strong. Each slim pouch is crafted to deliver a burst of sweet, juicy watermelon flavor, creating a delightful sensory experience with every use.<\/p>\n<h2>Extreme Strength for the Bold<\/h2>\n<p>With an\u00a0<strong>extr\u00eamement solide<\/strong>\u00a0nicotine content, these pouches are tailored for the experienced user who desires an extra strong, impactful hit. The CUBA Watermelon Strong is part of the\u00a0<a href=\"https:\/\/snusoem.com\/fr\/produit\/cuba-watermelon-strong-43-mg\/+%e2%80%8e\/\">CUBA Nicotine Pouches<\/a>\u00a0category, ensuring a high-quality and intense experience.<\/p>\n<h2>\u00c9l\u00e9gant et discret<\/h2>\n<p>The slim format of the CUBA Watermelon Strong pouches ensures a discreet and comfortable fit under the lip. Each can contains 20 pouches, with each pouch weighing 0.65 grams, perfect for on-the-go usage without drawing attention.<\/p>\n<h2>Sp\u00e9cifications des produits<\/h2>\n<p>Every CUBA Watermelon Strong pouch is packed with 43 mg of nicotine, amounting to a staggering 66 mg of nicotine per gram, making it one of the most potent offerings in the market. The entire can holds 13 grams of product, ensuring you have enough to last through your most demanding days.<\/p>\n<\/div>\n<h2><strong>Comment utiliser<\/strong><\/h2>\n<ol>\n<li>Ouvrez une bo\u00eete et retirez un sachet.<\/li>\n<li>Placez le sachet entre la gencive et la l\u00e8vre sup\u00e9rieure.<\/li>\n<li>Profitez du l\u00e9ger picotement pendant 10 \u00e0 30 minutes pendant que la nicotine se lib\u00e8re.<\/li>\n<li>Jetez le sachet usag\u00e9 dans le compartiment du couvercle de la bo\u00eete ou dans une poubelle.<\/li>\n<\/ol>\n<\/div>\n<\/div>\n<\/div>\n<\/div>\n<\/div>\n<\/div>","protected":false},"excerpt":{"rendered":"<div class=\"leading-relaxed product-description text-mine-shaft prose mt-2\">\n<div class=\"leading-relaxed product-description text-mine-shaft prose mt-2\">\n<div class=\"leading-relaxed product-description text-mine-shaft prose mt-2\">\n<div class=\"leading-relaxed product-description text-mine-shaft prose mt-2\">\n<div class=\"leading-relaxed product-description text-mine-shaft prose mt-2\">\n<div class=\"leading-relaxed product-description text-mine-shaft prose mt-2\">\n<div class=\"leading-relaxed product-description text-mine-shaft prose mt-2\">\n<div class=\"leading-relaxed product-description text-mine-shaft prose mt-2\">\n<div class=\"leading-relaxed product-description text-mine-shaft prose mt-2\">\n<div class=\"leading-relaxed product-description text-mine-shaft prose mt-2\">\n<div class=\"leading-relaxed product-description text-mine-shaft prose mt-2\">\n<div class=\"leading-relaxed product-description prose\">\n<div class=\"leading-relaxed product-description prose\" style=\"text-align: left;\">\n<div class=\"leading-relaxed product-description prose\">\n<div class=\"leading-relaxed product-description prose\">\n<div class=\"leading-relaxed product-description text-mine-shaft prose mt-2\">\n<div class=\"leading-relaxed product-description text-mine-shaft prose mt-2\">\n<div class=\"leading-relaxed product-description text-mine-shaft prose mt-2\">\n<div class=\"leading-relaxed product-description text-mine-shaft prose mt-2\">\n<div class=\"leading-relaxed product-description text-mine-shaft prose mt-2\">\n<div class=\"leading-relaxed product-description text-mine-shaft prose mt-2\">\n<div class=\"leading-relaxed product-description text-mine-shaft prose mt-2\">\n<div class=\"leading-relaxed product-description text-mine-shaft prose mt-2\">\n<div class=\"leading-relaxed product-description text-mine-shaft prose mt-2\">\n<div class=\"leading-relaxed product-description text-mine-shaft prose mt-2\">\n<div class=\"leading-relaxed product-description text-mine-shaft prose mt-2\">\n<div class=\"leading-relaxed product-description prose\">\n<div class=\"leading-relaxed product-description prose\" style=\"text-align: left;\">\n<div class=\"leading-relaxed product-description prose\">\n<div class=\"leading-relaxed product-description prose\">\n<div class=\"description\">\n<div class=\"description\">\n<div class=\"description\">\n<div class=\"description\">\n<div class=\"description\">&#8220;Experience the intense flavor of CUBA Watermelon Strong nicotine pouches. A juicy watermelon explosion that will tickle your taste buds. Try it for yourself!&#8221;<\/div>\n<\/div>\n<\/div>\n<\/div>\n<div class=\"info-usps\">\n<p>&nbsp;<\/p>\n<\/div>\n<\/div>\n<\/div>\n<div class=\"flex flex-col sm:flex-row justify-between my-4 sd-product-info-stock \"><\/div>\n<\/div>\n<\/div>\n<div><\/div>\n<\/div>\n<\/div>\n<\/div>\n<\/div>\n<\/div>\n<\/div>\n<\/div>\n<\/div>\n<\/div>\n<\/div>\n<\/div>\n<\/div>\n<div>\n<p><!-- \/wp:heading --> <!-- wp:table --><\/p>\n<figure class=\"wp-block-table\">\n<table class=\"has-fixed-layout\" style=\"height: 266px;\" width=\"386\">\n<tbody>\n<tr>\n<td>STRENGTH<\/td>\n<td>\n<div class=\"flex min-w-max justify-between md:grid md:grid-cols-2 mb-2 border-b border-[#d8d6d4]\">\n<div class=\"flex flex-1 justify-end text-right md:text-left md:justify-start data pb-2 items-center product-attribute-value max-w-[200px]\" data-th=\"Product Info\">\n<div class=\"flex min-w-max justify-between md:grid md:grid-cols-2 mb-2 border-b border-[#d8d6d4]\">\n<div class=\"flex flex-1 justify-end text-right md:text-left md:justify-start data pb-2 items-center product-attribute-value max-w-[200px]\" data-th=\"Product Info\">\n<div class=\"flex min-w-max justify-between md:grid md:grid-cols-2 mb-2 border-b border-[#d8d6d4]\">\n<div class=\"flex flex-1 justify-end text-right md:text-left md:justify-start data pb-2 items-center product-attribute-value max-w-[200px]\" data-th=\"Product Info\">\n<p>CRAZY STRONG<\/p>\n<\/div>\n<\/div>\n<\/div>\n<\/div>\n<\/div>\n<\/div>\n<\/td>\n<\/tr>\n<tr>\n<td>Brand<\/td>\n<td>CUBA<\/td>\n<\/tr>\n<tr>\n<td>Strength<\/td>\n<td>43MG<\/td>\n<\/tr>\n<tr>\n<td>Flavor<\/td>\n<td>Watermelon<\/td>\n<\/tr>\n<tr>\n<td>NICOTINE (MG) PER POUCH<\/td>\n<td>43<\/td>\n<\/tr>\n<tr>\n<td>NICOTINE (MG) PER GRAM<\/td>\n<td>66<\/td>\n<\/tr>\n<tr>\n<td>Pouches\/can<\/td>\n<td>20<\/td>\n<\/tr>\n<tr>\n<td>WEIGHT PER POUCH (GRAM)<\/td>\n<td>0.65<\/td>\n<\/tr>\n<tr>\n<td>Wet\/Dry<\/td>\n<td>Dry<\/td>\n<\/tr>\n<\/tbody>\n<\/table>\n<\/figure>\n<p><!-- \/wp:table --><\/p>\n<\/div>\n<form action=\"https:\/\/nicokick.com\/outofstock\/index\/createOosSubscription\" method=\"post\" data-mage-init=\"{'validation':{}}\"><\/form>\n<\/div>\n<\/div>\n<\/div>\n<\/div>\n<\/div>\n<\/div>\n<\/div>\n<\/div>\n<\/div>\n<\/div>\n<\/div>\n<\/div>\n<\/div>\n<\/div>\n<\/div>\n<div>\n<p><!-- \/wp:table --><\/p>\n<\/div>\n<form action=\"https:\/\/nicokick.com\/outofstock\/index\/createOosSubscription\" method=\"post\" data-mage-init=\"{'validation':{}}\"><\/form>\n","protected":false},"featured_media":3046,"comment_status":"open","ping_status":"closed","template":"","meta":[],"product_brand":[],"product_cat":[61],"product_tag":[],"class_list":{"0":"post-3045","1":"product","2":"type-product","3":"status-publish","4":"has-post-thumbnail","6":"product_cat-cuba","8":"first","9":"instock","10":"taxable","11":"shipping-taxable","12":"product-type-simple"},"_links":{"self":[{"href":"https:\/\/snusoem.com\/fr\/wp-json\/wp\/v2\/product\/3045","targetHints":{"allow":["GET"]}}],"collection":[{"href":"https:\/\/snusoem.com\/fr\/wp-json\/wp\/v2\/product"}],"about":[{"href":"https:\/\/snusoem.com\/fr\/wp-json\/wp\/v2\/types\/product"}],"replies":[{"embeddable":true,"href":"https:\/\/snusoem.com\/fr\/wp-json\/wp\/v2\/comments?post=3045"}],"wp:featuredmedia":[{"embeddable":true,"href":"https:\/\/snusoem.com\/fr\/wp-json\/wp\/v2\/media\/3046"}],"wp:attachment":[{"href":"https:\/\/snusoem.com\/fr\/wp-json\/wp\/v2\/media?parent=3045"}],"wp:term":[{"taxonomy":"product_brand","embeddable":true,"href":"https:\/\/snusoem.com\/fr\/wp-json\/wp\/v2\/product_brand?post=3045"},{"taxonomy":"product_cat","embeddable":true,"href":"https:\/\/snusoem.com\/fr\/wp-json\/wp\/v2\/product_cat?post=3045"},{"taxonomy":"product_tag","embeddable":true,"href":"https:\/\/snusoem.com\/fr\/wp-json\/wp\/v2\/product_tag?post=3045"}],"curies":[{"name":"wp","href":"https:\/\/api.w.org\/{rel}","templated":true}]}}