{"id":1719,"date":"2025-04-28T03:48:05","date_gmt":"2025-04-28T03:48:05","guid":{"rendered":"https:\/\/snusoem.com\/?post_type=product&#038;p=1719"},"modified":"2025-04-28T03:50:10","modified_gmt":"2025-04-28T03:50:10","slug":"zyn-red-fruits-slim-strong-13mg","status":"publish","type":"product","link":"https:\/\/snusoem.com\/fr\/product\/zyn-red-fruits-slim-strong-13mg\/","title":{"rendered":"Zyn Red Fruits Slim Strong 13MG"},"content":{"rendered":"<div class=\"product-tab border-b-2 block md:-top-6 w-full md:flex md:justify-around\">\n<div class=\"flex w-full md:w-auto flex-row md:mr-4\">\n<div class=\"product-tab border-b-2 block md:-top-6 w-full md:flex md:justify-around\">\n<div class=\"flex w-full md:w-auto flex-row md:mr-4\">\n<p data-start=\"1425\" data-end=\"1744\">Pour ceux qui aiment\u00a0<strong data-start=\"1444\" data-end=\"1466\">saveurs de baies audacieuses<\/strong>\u00a0mais veulent un\u00a0<strong data-start=\"1478\" data-end=\"1510\">une exp\u00e9rience nicotinique plus forte<\/strong>,\u00a0<strong data-start=\"1512\" data-end=\"1542\">ZYN Fruits rouges Minceur forte<\/strong>\u00a0offre les m\u00eames d\u00e9licieux\u00a0<strong data-start=\"1569\" data-end=\"1588\">m\u00e9lange de fruits rouges<\/strong>\u00a0avec un coup de pouce suppl\u00e9mentaire. Cette pochette d\u00e9livre un\u00a0<strong data-start=\"1631\" data-end=\"1663\">m\u00e9lange de baies sucr\u00e9 et acidul\u00e9<\/strong>Le go\u00fbt de la nicotine est plus fort pour ceux qui recherchent un peu plus d'intensit\u00e9.<\/p>\n<p data-start=\"1746\" data-end=\"2010\">Chaque bo\u00eete contient\u00a0<strong data-start=\"1764\" data-end=\"1790\">20 pochettes de format r\u00e9duit<\/strong>con\u00e7u pour\u00a0<strong data-start=\"1805\" data-end=\"1837\">utilisation discr\u00e8te et confortable<\/strong>. Avec un\u00a0<strong data-start=\"1846\" data-end=\"1877\">une teneur en nicotine de 13 mg\/g<\/strong>Il fournit une\u00a0<strong data-start=\"1893\" data-end=\"1922\">impact perceptible mais doux<\/strong>Il est donc id\u00e9al pour les utilisateurs qui souhaitent un peu plus de force sans trop d'intensit\u00e9.<\/p>\n<p data-start=\"2012\" data-end=\"2273\">Le\u00a0<strong data-start=\"2016\" data-end=\"2030\">Fruits rouges<\/strong>\u00a0les combinaisons de saveurs\u00a0<strong data-start=\"2047\" data-end=\"2106\">des fraises m\u00fbres, des framboises acidul\u00e9es et des cerises juteuses<\/strong>, offrant une\u00a0<strong data-start=\"2119\" data-end=\"2148\">un go\u00fbt vibrant et vari\u00e9<\/strong>. Les\u00a0<strong data-start=\"2154\" data-end=\"2175\">conception d'une pochette mince<\/strong>\u00a0assure une\u00a0<strong data-start=\"2186\" data-end=\"2212\">s'ajuste parfaitement sous la l\u00e8vre<\/strong>La nicotine et les ar\u00f4mes sont lib\u00e9r\u00e9s de fa\u00e7on r\u00e9guli\u00e8re et durable.<\/p>\n<p data-start=\"2275\" data-end=\"2442\">Si vous \u00eates un fan de\u00a0<strong data-start=\"2294\" data-end=\"2312\">sachets fruit\u00e9s<\/strong>\u00a0mais veulent un\u00a0<strong data-start=\"2324\" data-end=\"2353\">profil de nicotine plus fort<\/strong>,\u00a0<strong data-start=\"2355\" data-end=\"2385\">ZYN Fruits rouges Minceur forte<\/strong>\u00a0offre un \u00e9quilibre parfait entre\u00a0<strong data-start=\"2418\" data-end=\"2441\">saveur et force<\/strong>.<\/p>\n<\/div>\n<\/div>\n<\/div>\n<\/div>","protected":false},"excerpt":{"rendered":"<div class=\"leading-relaxed product-description text-mine-shaft prose mt-2\">\n<div class=\"leading-relaxed product-description text-mine-shaft prose mt-2\">\n<div class=\"leading-relaxed product-description text-mine-shaft prose mt-2\">\n<div class=\"leading-relaxed product-description text-mine-shaft prose mt-2\">\n<div class=\"leading-relaxed product-description text-mine-shaft prose mt-2\">\n<div class=\"leading-relaxed product-description text-mine-shaft prose mt-2\">\n<div class=\"leading-relaxed product-description text-mine-shaft prose mt-2\">\n<div class=\"leading-relaxed product-description text-mine-shaft prose mt-2\">\n<div class=\"leading-relaxed product-description text-mine-shaft prose mt-2\">\n<div class=\"leading-relaxed product-description text-mine-shaft prose mt-2\">\n<div class=\"leading-relaxed product-description text-mine-shaft prose mt-2\">\n<div class=\"leading-relaxed product-description prose\">\n<div class=\"leading-relaxed product-description prose\" style=\"text-align: left;\">\n<div class=\"leading-relaxed product-description prose\">\n<div class=\"leading-relaxed product-description prose\">\n<div class=\"leading-relaxed product-description text-mine-shaft prose mt-2\">\n<div class=\"leading-relaxed product-description text-mine-shaft prose mt-2\">\n<div class=\"leading-relaxed product-description text-mine-shaft prose mt-2\">\n<div class=\"leading-relaxed product-description text-mine-shaft prose mt-2\">\n<div class=\"leading-relaxed product-description text-mine-shaft prose mt-2\">\n<div class=\"leading-relaxed product-description text-mine-shaft prose mt-2\">\n<div class=\"leading-relaxed product-description text-mine-shaft prose mt-2\">\n<div class=\"leading-relaxed product-description text-mine-shaft prose mt-2\">\n<div class=\"leading-relaxed product-description text-mine-shaft prose mt-2\">\n<div class=\"leading-relaxed product-description text-mine-shaft prose mt-2\">\n<div class=\"leading-relaxed product-description text-mine-shaft prose mt-2\">\n<div class=\"leading-relaxed product-description prose\">\n<div class=\"leading-relaxed product-description prose\" style=\"text-align: left;\">\n<div class=\"leading-relaxed product-description prose\">\n<div class=\"leading-relaxed product-description prose\">ZYN Red Fruits Slim Strong offers the same delicious red fruit blend with an extra kick<\/div>\n<div class=\"flex flex-col sm:flex-row justify-between my-4 sd-product-info-stock \"><\/div>\n<\/div>\n<\/div>\n<div><\/div>\n<\/div>\n<\/div>\n<\/div>\n<\/div>\n<\/div>\n<\/div>\n<\/div>\n<\/div>\n<\/div>\n<\/div>\n<\/div>\n<\/div>\n<div>\n<p><!-- \/wp:heading --> <!-- wp:table --><\/p>\n<figure class=\"wp-block-table\">\n<table class=\"has-fixed-layout\" style=\"height: 266px;\" width=\"386\">\n<tbody>\n<tr>\n<td>Product Info<\/td>\n<td>\n<div class=\"flex min-w-max justify-between md:grid md:grid-cols-2 mb-2 border-b border-[#d8d6d4]\">\n<div class=\"flex flex-1 justify-end text-right md:text-left md:justify-start data pb-2 items-center product-attribute-value max-w-[200px]\" data-th=\"Product Info\">\n<div class=\"flex min-w-max justify-between md:grid md:grid-cols-2 mb-2 border-b border-[#d8d6d4]\">\n<div class=\"flex flex-1 justify-end text-right md:text-left md:justify-start data pb-2 items-center product-attribute-value max-w-[200px]\" data-th=\"Product Info\">\n<div class=\"flex min-w-max justify-between md:grid md:grid-cols-2 mb-2 border-b border-[#d8d6d4]\">\n<div class=\"flex flex-1 justify-end text-right md:text-left md:justify-start data pb-2 items-center product-attribute-value max-w-[200px]\" data-th=\"Product Info\">Flavored, Tobacco Free, All White<\/div>\n<\/div>\n<\/div>\n<\/div>\n<\/div>\n<\/div>\n<\/td>\n<\/tr>\n<tr>\n<td>Brand<\/td>\n<td>ZYN<\/td>\n<\/tr>\n<tr>\n<td>Strength<\/td>\n<td>13MG<\/td>\n<\/tr>\n<tr>\n<td>Flavor<\/td>\n<td>Red Fruits<\/td>\n<\/tr>\n<tr>\n<td>Nicotine<\/td>\n<td>13g\/pouch<\/td>\n<\/tr>\n<tr>\n<td>Portion Weight (g)<\/td>\n<td>0.8<\/td>\n<\/tr>\n<tr>\n<td>Pouches\/can<\/td>\n<td>21<\/td>\n<\/tr>\n<tr>\n<td>Net Weight (g)<\/td>\n<td>16<\/td>\n<\/tr>\n<tr>\n<td>Wet\/Dry<\/td>\n<td>Dry<\/td>\n<\/tr>\n<\/tbody>\n<\/table>\n<\/figure>\n<p><!-- \/wp:table --><\/p>\n<\/div>\n<form action=\"https:\/\/nicokick.com\/outofstock\/index\/createOosSubscription\" method=\"post\" data-mage-init=\"{'validation':{}}\"><\/form>\n<\/div>\n<\/div>\n<\/div>\n<\/div>\n<\/div>\n<\/div>\n<\/div>\n<\/div>\n<\/div>\n<\/div>\n<\/div>\n<\/div>\n<\/div>\n<\/div>\n<\/div>\n<div>\n<p><!-- \/wp:table --><\/p>\n<\/div>\n<form action=\"https:\/\/nicokick.com\/outofstock\/index\/createOosSubscription\" method=\"post\" data-mage-init=\"{'validation':{}}\"><\/form>\n","protected":false},"featured_media":1720,"comment_status":"open","ping_status":"closed","template":"","meta":[],"product_brand":[],"product_cat":[45],"product_tag":[],"class_list":{"0":"post-1719","1":"product","2":"type-product","3":"status-publish","4":"has-post-thumbnail","6":"product_cat-eu-zyn","8":"first","9":"instock","10":"taxable","11":"shipping-taxable","12":"product-type-simple"},"_links":{"self":[{"href":"https:\/\/snusoem.com\/fr\/wp-json\/wp\/v2\/product\/1719","targetHints":{"allow":["GET"]}}],"collection":[{"href":"https:\/\/snusoem.com\/fr\/wp-json\/wp\/v2\/product"}],"about":[{"href":"https:\/\/snusoem.com\/fr\/wp-json\/wp\/v2\/types\/product"}],"replies":[{"embeddable":true,"href":"https:\/\/snusoem.com\/fr\/wp-json\/wp\/v2\/comments?post=1719"}],"wp:featuredmedia":[{"embeddable":true,"href":"https:\/\/snusoem.com\/fr\/wp-json\/wp\/v2\/media\/1720"}],"wp:attachment":[{"href":"https:\/\/snusoem.com\/fr\/wp-json\/wp\/v2\/media?parent=1719"}],"wp:term":[{"taxonomy":"product_brand","embeddable":true,"href":"https:\/\/snusoem.com\/fr\/wp-json\/wp\/v2\/product_brand?post=1719"},{"taxonomy":"product_cat","embeddable":true,"href":"https:\/\/snusoem.com\/fr\/wp-json\/wp\/v2\/product_cat?post=1719"},{"taxonomy":"product_tag","embeddable":true,"href":"https:\/\/snusoem.com\/fr\/wp-json\/wp\/v2\/product_tag?post=1719"}],"curies":[{"name":"wp","href":"https:\/\/api.w.org\/{rel}","templated":true}]}}