{"id":1702,"date":"2025-04-28T02:48:40","date_gmt":"2025-04-28T02:48:40","guid":{"rendered":"https:\/\/snusoem.com\/?post_type=product&#038;p=1702"},"modified":"2025-04-28T02:52:52","modified_gmt":"2025-04-28T02:52:52","slug":"zyn-apple-mint-3mg","status":"publish","type":"product","link":"https:\/\/snusoem.com\/fr\/product\/zyn-apple-mint-3mg\/","title":{"rendered":"ZYN Pomme Menthe 3MG"},"content":{"rendered":"<div class=\"product-tab border-b-2 block md:-top-6 w-full md:flex md:justify-around\">\n<div class=\"flex w-full md:w-auto flex-row md:mr-4\">\n<p>Si vous aimez le go\u00fbt sucr\u00e9 de la menthe, essayez\u00a0<strong>ZYN Mini Dry Apple Mint 3 mg<\/strong>. Avec des pommes croquantes et des notes rafra\u00eechissantes de menthe poivr\u00e9e, vous obtenez une exp\u00e9rience de d\u00e9gustation parfaitement \u00e9quilibr\u00e9e qui laisse une douceur subtile apport\u00e9e par des tons de menthe verte. Ce profil de saveur s'accompagne de 3 mg de nicotine par portion, ce qui conf\u00e8re \u00e0 ce sachet une force r\u00e9guli\u00e8re et en fait un candidat id\u00e9al pour les utilisateurs interm\u00e9diaires \u00e0 la recherche d'un produit \u00e0 utiliser tout au long de la journ\u00e9e.<\/p>\n<p>Comme son nom l'indique, ce sachet de nicotine est sec, c'est-\u00e0-dire qu'il a un faible taux d'humidit\u00e9, 2,7% pour \u00eatre exact, ce qui signifie que la lib\u00e9ration de la nicotine et de l'ar\u00f4me sera retard\u00e9e car le contenu doit \u00eatre humide pour que vous puissiez en r\u00e9colter les b\u00e9n\u00e9fices. Par cons\u00e9quent, si vous voulez un produit qui fasse durer cette exp\u00e9rience, vous devez l'ajouter \u00e0 votre rotation. De plus, la taille de ces portions est mini, ce qui vous permet de profiter de ce produit o\u00f9 et quand vous le souhaitez, car il privil\u00e9gie la discr\u00e9tion.<\/p>\n<\/div>\n<\/div>","protected":false},"excerpt":{"rendered":"<div class=\"leading-relaxed product-description text-mine-shaft prose mt-2\">\n<div class=\"leading-relaxed product-description text-mine-shaft prose mt-2\">\n<div class=\"leading-relaxed product-description text-mine-shaft prose mt-2\">\n<div class=\"leading-relaxed product-description text-mine-shaft prose mt-2\">\n<div class=\"leading-relaxed product-description text-mine-shaft prose mt-2\">\n<div class=\"leading-relaxed product-description text-mine-shaft prose mt-2\">\n<div class=\"leading-relaxed product-description text-mine-shaft prose mt-2\">\n<div class=\"leading-relaxed product-description text-mine-shaft prose mt-2\">\n<div class=\"leading-relaxed product-description text-mine-shaft prose mt-2\">\n<div class=\"leading-relaxed product-description text-mine-shaft prose mt-2\">\n<div class=\"leading-relaxed product-description text-mine-shaft prose mt-2\">\n<div class=\"leading-relaxed product-description prose\">\n<div class=\"leading-relaxed product-description prose\" style=\"text-align: left;\">\n<div class=\"leading-relaxed product-description prose\">\n<div class=\"leading-relaxed product-description prose\">ZYN Slim Apple Mint Strong is a whirl of sweet apple flavors, combined with an even sweeter nicotine kick of 9 mg per pouch.<\/div>\n<div class=\"flex flex-col sm:flex-row justify-between my-4 sd-product-info-stock \"><\/div>\n<\/div>\n<\/div>\n<div><\/div>\n<\/div>\n<\/div>\n<\/div>\n<\/div>\n<\/div>\n<\/div>\n<\/div>\n<\/div>\n<\/div>\n<\/div>\n<\/div>\n<\/div>\n<div>\n<p><!-- \/wp:heading --> <!-- wp:table --><\/p>\n<figure class=\"wp-block-table\">\n<table class=\"has-fixed-layout\" style=\"height: 266px;\" width=\"386\">\n<tbody>\n<tr>\n<td>Product Info<\/td>\n<td>\n<div class=\"flex min-w-max justify-between md:grid md:grid-cols-2 mb-2 border-b border-[#d8d6d4]\">\n<div class=\"flex flex-1 justify-end text-right md:text-left md:justify-start data pb-2 items-center product-attribute-value max-w-[200px]\" data-th=\"Product Info\">\n<div class=\"flex min-w-max justify-between md:grid md:grid-cols-2 mb-2 border-b border-[#d8d6d4]\">\n<div class=\"flex flex-1 justify-end text-right md:text-left md:justify-start data pb-2 items-center product-attribute-value max-w-[200px]\" data-th=\"Product Info\">\n<div class=\"flex min-w-max justify-between md:grid md:grid-cols-2 mb-2 border-b border-[#d8d6d4]\">\n<div class=\"flex flex-1 justify-end text-right md:text-left md:justify-start data pb-2 items-center product-attribute-value max-w-[200px]\" data-th=\"Product Info\">Flavored, Tobacco Free, All White<\/div>\n<\/div>\n<\/div>\n<\/div>\n<\/div>\n<\/div>\n<\/td>\n<\/tr>\n<tr>\n<td>Brand<\/td>\n<td>ZYN<\/td>\n<\/tr>\n<tr>\n<td>Strength<\/td>\n<td>3MG<\/td>\n<\/tr>\n<tr>\n<td>Flavor<\/td>\n<td>Apple Mint<\/td>\n<\/tr>\n<tr>\n<td>Nicotine<\/td>\n<td>3mg\/pouch<\/td>\n<\/tr>\n<tr>\n<td>Portion Weight (g)<\/td>\n<td>0.4<\/td>\n<\/tr>\n<tr>\n<td>Pouches\/can<\/td>\n<td>20<\/td>\n<\/tr>\n<tr>\n<td>Net Weight (g)<\/td>\n<td>14.7<\/td>\n<\/tr>\n<tr>\n<td>Moisture Content<\/td>\n<td>21%<\/td>\n<\/tr>\n<\/tbody>\n<\/table>\n<\/figure>\n<p><!-- \/wp:table --><\/p>\n<\/div>\n<form action=\"https:\/\/nicokick.com\/outofstock\/index\/createOosSubscription\" method=\"post\" data-mage-init=\"{'validation':{}}\"><\/form>\n","protected":false},"featured_media":1703,"comment_status":"open","ping_status":"closed","template":"","meta":[],"product_brand":[],"product_cat":[45],"product_tag":[],"class_list":{"0":"post-1702","1":"product","2":"type-product","3":"status-publish","4":"has-post-thumbnail","6":"product_cat-eu-zyn","8":"first","9":"instock","10":"taxable","11":"shipping-taxable","12":"product-type-simple"},"_links":{"self":[{"href":"https:\/\/snusoem.com\/fr\/wp-json\/wp\/v2\/product\/1702","targetHints":{"allow":["GET"]}}],"collection":[{"href":"https:\/\/snusoem.com\/fr\/wp-json\/wp\/v2\/product"}],"about":[{"href":"https:\/\/snusoem.com\/fr\/wp-json\/wp\/v2\/types\/product"}],"replies":[{"embeddable":true,"href":"https:\/\/snusoem.com\/fr\/wp-json\/wp\/v2\/comments?post=1702"}],"wp:featuredmedia":[{"embeddable":true,"href":"https:\/\/snusoem.com\/fr\/wp-json\/wp\/v2\/media\/1703"}],"wp:attachment":[{"href":"https:\/\/snusoem.com\/fr\/wp-json\/wp\/v2\/media?parent=1702"}],"wp:term":[{"taxonomy":"product_brand","embeddable":true,"href":"https:\/\/snusoem.com\/fr\/wp-json\/wp\/v2\/product_brand?post=1702"},{"taxonomy":"product_cat","embeddable":true,"href":"https:\/\/snusoem.com\/fr\/wp-json\/wp\/v2\/product_cat?post=1702"},{"taxonomy":"product_tag","embeddable":true,"href":"https:\/\/snusoem.com\/fr\/wp-json\/wp\/v2\/product_tag?post=1702"}],"curies":[{"name":"wp","href":"https:\/\/api.w.org\/{rel}","templated":true}]}}