{"id":1627,"date":"2025-04-27T09:30:46","date_gmt":"2025-04-27T09:30:46","guid":{"rendered":"https:\/\/snusoem.com\/?post_type=product&#038;p=1627"},"modified":"2025-04-27T09:32:34","modified_gmt":"2025-04-27T09:32:34","slug":"zyn-spearmint-6mg","status":"publish","type":"product","link":"https:\/\/snusoem.com\/fr\/product\/zyn-spearmint-6mg\/","title":{"rendered":"ZYN Menthe verte 6MG"},"content":{"rendered":"<div class=\"product-tab border-b-2 block md:-top-6 w-full md:flex md:justify-around\">\n<div class=\"flex w-full md:w-auto flex-row md:mr-4\">\n<h2 id=\"\" data-content-type=\"heading\" data-appearance=\"default\" data-element=\"main\">Caract\u00e9ristiques principales<\/h2>\n<div data-content-type=\"text\" data-appearance=\"default\" data-id=\"\" data-name=\"\" data-creative=\"\" data-position=\"\" data-element=\"main\">\n<ul>\n<li>Un go\u00fbt de menthe l\u00e9g\u00e8rement plus doux<\/li>\n<li>Pas de fum\u00e9e, pas d'odeur, pas de crachat<\/li>\n<li>D'une marque de sachets de nicotine \u00e0 succ\u00e8s<\/li>\n<li>Facile \u00e0 utiliser \u00e0 tout moment<\/li>\n<\/ul>\n<p>&nbsp;<\/p>\n<\/div>\n<h3 id=\"\" data-content-type=\"heading\" data-appearance=\"default\" data-element=\"main\">Explore ZYN Spearmint 6mg Nicotine Pouches<\/h3>\n<div data-content-type=\"text\" data-appearance=\"default\" data-id=\"\" data-name=\"\" data-creative=\"\" data-position=\"\" data-element=\"main\">\n<p>Les sachets ZYN Spearmint 6mg, d'une marque de sachets de nicotine leader aux \u00c9tats-Unis, offrent une saveur de menthe l\u00e9g\u00e8rement plus douce et constituent une alternative sans feuilles de tabac aux produits du tabac oraux traditionnels.<\/p>\n<p>Chaque bo\u00eete contient 15 sachets secs enti\u00e8rement blancs, de forme mini rectangulaire, con\u00e7us pour \u00eatre utilis\u00e9s \u00e0 tout moment et en tout lieu. Chaque sachet contient 3 mg de nicotine, avec une option de 6 mg pour ceux qui recherchent un taux de nicotine plus \u00e9lev\u00e9.<\/p>\n<\/div>\n<h3 id=\"\" data-content-type=\"heading\" data-appearance=\"default\" data-element=\"main\">ZYN Aper\u00e7u<\/h3>\n<div data-content-type=\"text\" data-appearance=\"default\" data-id=\"\" data-name=\"\" data-creative=\"\" data-position=\"\" data-element=\"main\">\n<p id=\"RPF36YI\">ZYN est l'une des marques de sachets de nicotine les plus reconnues aux \u00c9tats-Unis. Ces sachets sans feuilles de tabac sont fabriqu\u00e9s \u00e0 partir d'ingr\u00e9dients de haute qualit\u00e9 et sont disponibles en 10 ar\u00f4mes, chacun \u00e9tant propos\u00e9 en deux taux de nicotine : 3 mg et 6 mg.<\/p>\n<p>&nbsp;<\/p>\n<\/div>\n<\/div>\n<\/div>","protected":false},"excerpt":{"rendered":"<div class=\"leading-relaxed product-description text-mine-shaft prose mt-2\">\n<div class=\"leading-relaxed product-description text-mine-shaft prose mt-2\">\n<div class=\"leading-relaxed product-description text-mine-shaft prose mt-2\">\n<div class=\"leading-relaxed product-description text-mine-shaft prose mt-2\">ZYN Spearmint 6mg: ZYN pouches with a slightly sweeter mint flavor.<\/div>\n<form action=\"https:\/\/nicokick.com\/outofstock\/index\/createOosSubscription\" method=\"post\" data-mage-init=\"{'validation':{}}\"><\/form>\n<\/div>\n<form action=\"https:\/\/nicokick.com\/outofstock\/index\/createOosSubscription\" method=\"post\" data-mage-init=\"{'validation':{}}\"><\/form>\n<\/div>\n<\/div>\n<div><\/div>\n<div>\n<p><!-- wp:heading --><\/p>\n<h2 class=\"wp-block-heading\">Details<\/h2>\n<p><!-- \/wp:heading --> <!-- wp:table --><\/p>\n<figure class=\"wp-block-table\">\n<table class=\"has-fixed-layout\">\n<tbody>\n<tr>\n<td>Product Info<\/td>\n<td>\n<div class=\"flex min-w-max justify-between md:grid md:grid-cols-2 mb-2 border-b border-[#d8d6d4]\">\n<div class=\"flex flex-1 justify-end text-right md:text-left md:justify-start data pb-2 items-center product-attribute-value max-w-[200px]\" data-th=\"Product Info\">\n<div class=\"flex min-w-max justify-between md:grid md:grid-cols-2 mb-2 border-b border-[#d8d6d4]\">\n<div class=\"flex flex-1 justify-end text-right md:text-left md:justify-start data pb-2 items-center product-attribute-value max-w-[200px]\" data-th=\"Product Info\">\n<div class=\"flex min-w-max justify-between md:grid md:grid-cols-2 mb-2 border-b border-[#d8d6d4]\">\n<div class=\"flex flex-1 justify-end text-right md:text-left md:justify-start data pb-2 items-center product-attribute-value max-w-[200px]\" data-th=\"Product Info\">Flavored, Tobacco Free, All White, Mini<\/div>\n<\/div>\n<\/div>\n<\/div>\n<\/div>\n<\/div>\n<\/td>\n<\/tr>\n<tr>\n<td>Brand<\/td>\n<td>ZYN<\/td>\n<\/tr>\n<tr>\n<td>Strength<\/td>\n<td>6MG<\/td>\n<\/tr>\n<tr>\n<td>Flavor<\/td>\n<td>\n<div class=\"flex min-w-max justify-between md:grid md:grid-cols-2 mb-2 border-b border-[#d8d6d4]\">\n<div class=\"flex flex-1 justify-end text-right md:text-left md:justify-start data pb-2 items-center product-attribute-value max-w-[200px]\" data-th=\"Flavor\">Spearmint<\/div>\n<\/div>\n<\/td>\n<\/tr>\n<tr>\n<td>Nicotine<\/td>\n<td>6mg\/pouch<\/td>\n<\/tr>\n<tr>\n<td>Portion Weight (g)<\/td>\n<td>0.4<\/td>\n<\/tr>\n<tr>\n<td>Pouches\/can<\/td>\n<td>15<\/td>\n<\/tr>\n<tr>\n<td>Net Weight (g)<\/td>\n<td>6<\/td>\n<\/tr>\n<tr>\n<td>Net Weight (oz)<\/td>\n<td>0.21<\/td>\n<\/tr>\n<\/tbody>\n<\/table>\n<\/figure>\n<p><!-- \/wp:table --><\/p>\n<\/div>\n<form action=\"https:\/\/nicokick.com\/outofstock\/index\/createOosSubscription\" method=\"post\" data-mage-init=\"{'validation':{}}\"><\/form>\n","protected":false},"featured_media":1628,"comment_status":"open","ping_status":"closed","template":"","meta":[],"product_brand":[],"product_cat":[29],"product_tag":[],"class_list":{"0":"post-1627","1":"product","2":"type-product","3":"status-publish","4":"has-post-thumbnail","6":"product_cat-usa-zyn","8":"first","9":"instock","10":"taxable","11":"shipping-taxable","12":"product-type-simple"},"_links":{"self":[{"href":"https:\/\/snusoem.com\/fr\/wp-json\/wp\/v2\/product\/1627","targetHints":{"allow":["GET"]}}],"collection":[{"href":"https:\/\/snusoem.com\/fr\/wp-json\/wp\/v2\/product"}],"about":[{"href":"https:\/\/snusoem.com\/fr\/wp-json\/wp\/v2\/types\/product"}],"replies":[{"embeddable":true,"href":"https:\/\/snusoem.com\/fr\/wp-json\/wp\/v2\/comments?post=1627"}],"wp:featuredmedia":[{"embeddable":true,"href":"https:\/\/snusoem.com\/fr\/wp-json\/wp\/v2\/media\/1628"}],"wp:attachment":[{"href":"https:\/\/snusoem.com\/fr\/wp-json\/wp\/v2\/media?parent=1627"}],"wp:term":[{"taxonomy":"product_brand","embeddable":true,"href":"https:\/\/snusoem.com\/fr\/wp-json\/wp\/v2\/product_brand?post=1627"},{"taxonomy":"product_cat","embeddable":true,"href":"https:\/\/snusoem.com\/fr\/wp-json\/wp\/v2\/product_cat?post=1627"},{"taxonomy":"product_tag","embeddable":true,"href":"https:\/\/snusoem.com\/fr\/wp-json\/wp\/v2\/product_tag?post=1627"}],"curies":[{"name":"wp","href":"https:\/\/api.w.org\/{rel}","templated":true}]}}