{"id":1629,"date":"2025-04-27T09:33:24","date_gmt":"2025-04-27T09:33:24","guid":{"rendered":"https:\/\/snusoem.com\/?post_type=product&#038;p=1629"},"modified":"2025-04-27T09:35:36","modified_gmt":"2025-04-27T09:35:36","slug":"zyn-peppermint-3mg","status":"publish","type":"product","link":"https:\/\/snusoem.com\/es\/product\/zyn-peppermint-3mg\/","title":{"rendered":"ZYN Menta 3MG"},"content":{"rendered":"<div class=\"product-tab border-b-2 block md:-top-6 w-full md:flex md:justify-around\">\n<div class=\"flex w-full md:w-auto flex-row md:mr-4\">\n<h2 id=\"\" data-content-type=\"heading\" data-appearance=\"default\" data-element=\"main\">Caracter\u00edsticas principales<\/h2>\n<div data-content-type=\"text\" data-appearance=\"default\" data-id=\"\" data-name=\"\" data-creative=\"\" data-position=\"\" data-element=\"main\">\n<ul>\n<li>Una mezcla cl\u00e1sica de sabor a menta<\/li>\n<li>Sin humo, sin olor, sin saliva<\/li>\n<li>De una marca superventas de bolsitas de nicotina<\/li>\n<li>F\u00e1cil de usar en cualquier momento<\/li>\n<\/ul>\n<\/div>\n<h3 id=\"\" data-content-type=\"heading\" data-appearance=\"default\" data-element=\"main\">Explorar ZYN Peppermint 3mg Bolsitas de Nicotina<\/h3>\n<div data-content-type=\"text\" data-appearance=\"default\" data-id=\"\" data-name=\"\" data-creative=\"\" data-position=\"\" data-element=\"main\">\n<p id=\"NAR5Y7A\">Las bolsitas de nicotina ZYN Peppermint 3mg ofrecen un cl\u00e1sico sabor a menta y son una alternativa sin hojas de tabaco a los productos tradicionales de tabaco de uso oral. Estas bolsitas totalmente blancas est\u00e1n fabricadas con ingredientes de alta calidad y se presentan en un formato mini dise\u00f1ado para caber c\u00f3modamente bajo el labio superior. Cada lata contiene 15 bolsitas con un cierre a prueba de ni\u00f1os que se abre girando y ofrece una potencia de nicotina de 3 mg por bolsita. Para aquellos que buscan una opci\u00f3n m\u00e1s fuerte, este sabor tambi\u00e9n est\u00e1 disponible en una potencia de 6mg.<\/p>\n<p>ZYN es una de las marcas de bolsas de nicotina m\u00e1s populares en EE.UU., conocida por ofrecer una experiencia de nicotina completamente libre de humo y escupitajos.<\/p>\n<\/div>\n<h3 id=\"\" data-content-type=\"heading\" data-appearance=\"default\" data-element=\"main\">Visi\u00f3n general de ZYN<\/h3>\n<div data-content-type=\"text\" data-appearance=\"default\" data-id=\"\" data-name=\"\" data-creative=\"\" data-position=\"\" data-element=\"main\">\n<p>Las bolsas ZYN est\u00e1n dise\u00f1adas para consumidores adultos de nicotina mayores de 21 a\u00f1os. Su gama incluye 10 sabores y 2 concentraciones de nicotina: 3 mg y 6 mg.<\/p>\n<\/div>\n<\/div>\n<\/div>","protected":false},"excerpt":{"rendered":"<div class=\"leading-relaxed product-description text-mine-shaft prose mt-2\">\n<div class=\"leading-relaxed product-description text-mine-shaft prose mt-2\">\n<div class=\"leading-relaxed product-description text-mine-shaft prose mt-2\">\n<div class=\"leading-relaxed product-description text-mine-shaft prose mt-2\">\n<div class=\"leading-relaxed product-description text-mine-shaft prose mt-2\">ZYN Peppermint 3mg: ZYN pouches with a classic mint flavor blend.<\/div>\n<\/div>\n<form action=\"https:\/\/nicokick.com\/outofstock\/index\/createOosSubscription\" method=\"post\" data-mage-init=\"{'validation':{}}\"><\/form>\n<\/div>\n<form action=\"https:\/\/nicokick.com\/outofstock\/index\/createOosSubscription\" method=\"post\" data-mage-init=\"{'validation':{}}\"><\/form>\n<\/div>\n<\/div>\n<div><\/div>\n<div>\n<p><!-- wp:heading --><\/p>\n<h2 class=\"wp-block-heading\">Details<\/h2>\n<p><!-- \/wp:heading --> <!-- wp:table --><\/p>\n<figure class=\"wp-block-table\">\n<table class=\"has-fixed-layout\">\n<tbody>\n<tr>\n<td>Product Info<\/td>\n<td>\n<div class=\"flex min-w-max justify-between md:grid md:grid-cols-2 mb-2 border-b border-[#d8d6d4]\">\n<div class=\"flex flex-1 justify-end text-right md:text-left md:justify-start data pb-2 items-center product-attribute-value max-w-[200px]\" data-th=\"Product Info\">\n<div class=\"flex min-w-max justify-between md:grid md:grid-cols-2 mb-2 border-b border-[#d8d6d4]\">\n<div class=\"flex flex-1 justify-end text-right md:text-left md:justify-start data pb-2 items-center product-attribute-value max-w-[200px]\" data-th=\"Product Info\">\n<div class=\"flex min-w-max justify-between md:grid md:grid-cols-2 mb-2 border-b border-[#d8d6d4]\">\n<div class=\"flex flex-1 justify-end text-right md:text-left md:justify-start data pb-2 items-center product-attribute-value max-w-[200px]\" data-th=\"Product Info\">Flavored, Tobacco Free, All White, Mini<\/div>\n<\/div>\n<\/div>\n<\/div>\n<\/div>\n<\/div>\n<\/td>\n<\/tr>\n<tr>\n<td>Brand<\/td>\n<td>ZYN<\/td>\n<\/tr>\n<tr>\n<td>Strength<\/td>\n<td>3MG<\/td>\n<\/tr>\n<tr>\n<td>Flavor<\/td>\n<td>\n<div class=\"flex min-w-max justify-between md:grid md:grid-cols-2 mb-2 border-b border-[#d8d6d4]\">\n<div class=\"flex flex-1 justify-end text-right md:text-left md:justify-start data pb-2 items-center product-attribute-value max-w-[200px]\" data-th=\"Flavor\">Peppermint<\/div>\n<\/div>\n<\/td>\n<\/tr>\n<tr>\n<td>Nicotine<\/td>\n<td>3mg\/pouch<\/td>\n<\/tr>\n<tr>\n<td>Portion Weight (g)<\/td>\n<td>0.4<\/td>\n<\/tr>\n<tr>\n<td>Pouches\/can<\/td>\n<td>15<\/td>\n<\/tr>\n<tr>\n<td>Net Weight (g)<\/td>\n<td>6<\/td>\n<\/tr>\n<tr>\n<td>Net Weight (oz)<\/td>\n<td>0.21<\/td>\n<\/tr>\n<\/tbody>\n<\/table>\n<\/figure>\n<p><!-- \/wp:table --><\/p>\n<\/div>\n<form action=\"https:\/\/nicokick.com\/outofstock\/index\/createOosSubscription\" method=\"post\" data-mage-init=\"{'validation':{}}\"><\/form>\n","protected":false},"featured_media":1630,"comment_status":"open","ping_status":"closed","template":"","meta":[],"product_brand":[],"product_cat":[29],"product_tag":[],"class_list":{"0":"post-1629","1":"product","2":"type-product","3":"status-publish","4":"has-post-thumbnail","6":"product_cat-usa-zyn","8":"first","9":"instock","10":"taxable","11":"shipping-taxable","12":"product-type-simple"},"_links":{"self":[{"href":"https:\/\/snusoem.com\/es\/wp-json\/wp\/v2\/product\/1629","targetHints":{"allow":["GET"]}}],"collection":[{"href":"https:\/\/snusoem.com\/es\/wp-json\/wp\/v2\/product"}],"about":[{"href":"https:\/\/snusoem.com\/es\/wp-json\/wp\/v2\/types\/product"}],"replies":[{"embeddable":true,"href":"https:\/\/snusoem.com\/es\/wp-json\/wp\/v2\/comments?post=1629"}],"wp:featuredmedia":[{"embeddable":true,"href":"https:\/\/snusoem.com\/es\/wp-json\/wp\/v2\/media\/1630"}],"wp:attachment":[{"href":"https:\/\/snusoem.com\/es\/wp-json\/wp\/v2\/media?parent=1629"}],"wp:term":[{"taxonomy":"product_brand","embeddable":true,"href":"https:\/\/snusoem.com\/es\/wp-json\/wp\/v2\/product_brand?post=1629"},{"taxonomy":"product_cat","embeddable":true,"href":"https:\/\/snusoem.com\/es\/wp-json\/wp\/v2\/product_cat?post=1629"},{"taxonomy":"product_tag","embeddable":true,"href":"https:\/\/snusoem.com\/es\/wp-json\/wp\/v2\/product_tag?post=1629"}],"curies":[{"name":"wp","href":"https:\/\/api.w.org\/{rel}","templated":true}]}}