{"id":1723,"date":"2025-04-28T04:06:24","date_gmt":"2025-04-28T04:06:24","guid":{"rendered":"https:\/\/snusoem.com\/?post_type=product&#038;p=1723"},"modified":"2025-04-28T04:30:03","modified_gmt":"2025-04-28T04:30:03","slug":"zyn-dark-frost-11mg","status":"publish","type":"product","link":"https:\/\/snusoem.com\/de\/product\/zyn-dark-frost-11mg\/","title":{"rendered":"ZYN Dunkler Frost 11MG"},"content":{"rendered":"<div class=\"product-tab border-b-2 block md:-top-6 w-full md:flex md:justify-around\">\n<div class=\"flex w-full md:w-auto flex-row md:mr-4\">\n<div class=\"product-tab border-b-2 block md:-top-6 w-full md:flex md:justify-around\">\n<div class=\"flex w-full md:w-auto flex-row md:mr-4\">\n<div id=\"station-tabs-tabpanel_ht-i0-t7\" class=\"station-tabs-tabpanel is-active\" role=\"region\" aria-labelledby=\"station-tabs-tab_ht-i0-t7\" aria-hidden=\"false\">\n<div class=\"station-tabs-tabcontent\">\n<p><strong>ZYN DARK FROST SLIM EXTRA STRONG<\/strong>\u00a0kombiniert einen reichhaltigen und belebenden Geschmack von dunklen Beeren und Menthol mit einem komfortablen, schlanken Beutel. Der Beutel ist weich und leicht befeuchtet f\u00fcr ein angenehmes Mundgef\u00fchl und gew\u00e4hrleistet eine allm\u00e4hliche und kontrollierte Freisetzung von Geschmack und Nikotin. Mit einem extra starken Nikotingehalt von\u00a0<strong>11 mg pro Beutel<\/strong>Dieses Produkt ist perfekt f\u00fcr diejenigen, die ein intensiveres Nikotinerlebnis suchen.<\/p>\n<\/div>\n<\/div>\n<ul data-spread=\"false\">\n<li><strong>Format: Schlank<\/strong>\u00a0- Ein diskreter und bequemer, schlanker Beutel, der eine lang anhaltende Freisetzung von Geschmack und Nikotin bietet.<\/li>\n<li><strong>Tabakfrei:<\/strong>\u00a0Enth\u00e4lt keinen Tabak und ist damit eine ges\u00fcndere Alternative f\u00fcr alle, die Nikotin genie\u00dfen m\u00f6chten.<\/li>\n<li><strong>Extra stark:<\/strong>\u00a0Mit einem\u00a0<strong>St\u00e4rkestufe Extra Stark<\/strong>\u00a0und\u00a0<strong>11 mg Nikotin pro Beutel<\/strong>ZYN Dark Frost ist f\u00fcr Benutzer gedacht, die ein st\u00e4rkeres Nikotinerlebnis bevorzugen.<\/li>\n<li><strong>K\u00fchnes Aroma:<\/strong>\u00a0Eine einzigartige Mischung aus\u00a0<strong>dunkle Beeren, Fr\u00fcchte und Menthol<\/strong>\u00a0f\u00fcr ein erfrischendes und intensives Geschmackserlebnis.<\/li>\n<li><strong>Allm\u00e4hliche Freisetzung des Geschmacks:<\/strong>\u00a0Die Beutel sorgen f\u00fcr eine langsame und gleichm\u00e4\u00dfige Freisetzung von Geschmack und Nikotin und bieten so einen lang anhaltenden Rauchgenuss.<\/li>\n<\/ul>\n<\/div>\n<\/div>\n<\/div>\n<\/div>","protected":false},"excerpt":{"rendered":"<div class=\"leading-relaxed product-description text-mine-shaft prose mt-2\">\n<div class=\"leading-relaxed product-description text-mine-shaft prose mt-2\">\n<div class=\"leading-relaxed product-description text-mine-shaft prose mt-2\">\n<div class=\"leading-relaxed product-description text-mine-shaft prose mt-2\">\n<div class=\"leading-relaxed product-description text-mine-shaft prose mt-2\">\n<div class=\"leading-relaxed product-description text-mine-shaft prose mt-2\">\n<div class=\"leading-relaxed product-description text-mine-shaft prose mt-2\">\n<div class=\"leading-relaxed product-description text-mine-shaft prose mt-2\">\n<div class=\"leading-relaxed product-description text-mine-shaft prose mt-2\">\n<div class=\"leading-relaxed product-description text-mine-shaft prose mt-2\">\n<div class=\"leading-relaxed product-description text-mine-shaft prose mt-2\">\n<div class=\"leading-relaxed product-description prose\">\n<div class=\"leading-relaxed product-description prose\" style=\"text-align: left;\">\n<div class=\"leading-relaxed product-description prose\">\n<div class=\"leading-relaxed product-description prose\">\n<div class=\"leading-relaxed product-description text-mine-shaft prose mt-2\">\n<div class=\"leading-relaxed product-description text-mine-shaft prose mt-2\">\n<div class=\"leading-relaxed product-description text-mine-shaft prose mt-2\">\n<div class=\"leading-relaxed product-description text-mine-shaft prose mt-2\">\n<div class=\"leading-relaxed product-description text-mine-shaft prose mt-2\">\n<div class=\"leading-relaxed product-description text-mine-shaft prose mt-2\">\n<div class=\"leading-relaxed product-description text-mine-shaft prose mt-2\">\n<div class=\"leading-relaxed product-description text-mine-shaft prose mt-2\">\n<div class=\"leading-relaxed product-description text-mine-shaft prose mt-2\">\n<div class=\"leading-relaxed product-description text-mine-shaft prose mt-2\">\n<div class=\"leading-relaxed product-description text-mine-shaft prose mt-2\">\n<div class=\"leading-relaxed product-description prose\">\n<div class=\"leading-relaxed product-description prose\" style=\"text-align: left;\">\n<div class=\"leading-relaxed product-description prose\">\n<div class=\"leading-relaxed product-description prose\">Offers a flavor combination of rich, tangy blackberry, fruit and refreshing menthol<\/div>\n<div class=\"flex flex-col sm:flex-row justify-between my-4 sd-product-info-stock \"><\/div>\n<\/div>\n<\/div>\n<div><\/div>\n<\/div>\n<\/div>\n<\/div>\n<\/div>\n<\/div>\n<\/div>\n<\/div>\n<\/div>\n<\/div>\n<\/div>\n<\/div>\n<\/div>\n<div>\n<p><!-- \/wp:heading --> <!-- wp:table --><\/p>\n<figure class=\"wp-block-table\">\n<table class=\"has-fixed-layout\" style=\"height: 266px;\" width=\"386\">\n<tbody>\n<tr>\n<td>Product Info<\/td>\n<td>\n<div class=\"flex min-w-max justify-between md:grid md:grid-cols-2 mb-2 border-b border-[#d8d6d4]\">\n<div class=\"flex flex-1 justify-end text-right md:text-left md:justify-start data pb-2 items-center product-attribute-value max-w-[200px]\" data-th=\"Product Info\">\n<div class=\"flex min-w-max justify-between md:grid md:grid-cols-2 mb-2 border-b border-[#d8d6d4]\">\n<div class=\"flex flex-1 justify-end text-right md:text-left md:justify-start data pb-2 items-center product-attribute-value max-w-[200px]\" data-th=\"Product Info\">\n<div class=\"flex min-w-max justify-between md:grid md:grid-cols-2 mb-2 border-b border-[#d8d6d4]\">\n<div class=\"flex flex-1 justify-end text-right md:text-left md:justify-start data pb-2 items-center product-attribute-value max-w-[200px]\" data-th=\"Product Info\">Flavored, Tobacco Free, All White<\/div>\n<\/div>\n<\/div>\n<\/div>\n<\/div>\n<\/div>\n<\/td>\n<\/tr>\n<tr>\n<td>Brand<\/td>\n<td>ZYN<\/td>\n<\/tr>\n<tr>\n<td>Strength<\/td>\n<td>11MG<\/td>\n<\/tr>\n<tr>\n<td>Flavor<\/td>\n<td>DARK FROST<\/td>\n<\/tr>\n<tr>\n<td>Nicotine<\/td>\n<td>11g\/pouch<\/td>\n<\/tr>\n<tr>\n<td>Portion Weight (g)<\/td>\n<td>0.8<\/td>\n<\/tr>\n<tr>\n<td>Pouches\/can<\/td>\n<td>20<\/td>\n<\/tr>\n<tr>\n<td>Net Weight (g)<\/td>\n<td>16<\/td>\n<\/tr>\n<tr>\n<td>Wet\/Dry<\/td>\n<td>Dry<\/td>\n<\/tr>\n<\/tbody>\n<\/table>\n<\/figure>\n<p><!-- \/wp:table --><\/p>\n<\/div>\n<form action=\"https:\/\/nicokick.com\/outofstock\/index\/createOosSubscription\" method=\"post\" data-mage-init=\"{'validation':{}}\"><\/form>\n<\/div>\n<\/div>\n<\/div>\n<\/div>\n<\/div>\n<\/div>\n<\/div>\n<\/div>\n<\/div>\n<\/div>\n<\/div>\n<\/div>\n<\/div>\n<\/div>\n<\/div>\n<div>\n<p><!-- \/wp:table --><\/p>\n<\/div>\n<form action=\"https:\/\/nicokick.com\/outofstock\/index\/createOosSubscription\" method=\"post\" data-mage-init=\"{'validation':{}}\"><\/form>\n","protected":false},"featured_media":1734,"comment_status":"open","ping_status":"closed","template":"","meta":[],"product_brand":[],"product_cat":[45],"product_tag":[],"class_list":{"0":"post-1723","1":"product","2":"type-product","3":"status-publish","4":"has-post-thumbnail","6":"product_cat-eu-zyn","8":"first","9":"instock","10":"taxable","11":"shipping-taxable","12":"product-type-simple"},"_links":{"self":[{"href":"https:\/\/snusoem.com\/de\/wp-json\/wp\/v2\/product\/1723","targetHints":{"allow":["GET"]}}],"collection":[{"href":"https:\/\/snusoem.com\/de\/wp-json\/wp\/v2\/product"}],"about":[{"href":"https:\/\/snusoem.com\/de\/wp-json\/wp\/v2\/types\/product"}],"replies":[{"embeddable":true,"href":"https:\/\/snusoem.com\/de\/wp-json\/wp\/v2\/comments?post=1723"}],"wp:featuredmedia":[{"embeddable":true,"href":"https:\/\/snusoem.com\/de\/wp-json\/wp\/v2\/media\/1734"}],"wp:attachment":[{"href":"https:\/\/snusoem.com\/de\/wp-json\/wp\/v2\/media?parent=1723"}],"wp:term":[{"taxonomy":"product_brand","embeddable":true,"href":"https:\/\/snusoem.com\/de\/wp-json\/wp\/v2\/product_brand?post=1723"},{"taxonomy":"product_cat","embeddable":true,"href":"https:\/\/snusoem.com\/de\/wp-json\/wp\/v2\/product_cat?post=1723"},{"taxonomy":"product_tag","embeddable":true,"href":"https:\/\/snusoem.com\/de\/wp-json\/wp\/v2\/product_tag?post=1723"}],"curies":[{"name":"wp","href":"https:\/\/api.w.org\/{rel}","templated":true}]}}