{"id":1670,"date":"2025-04-28T01:01:01","date_gmt":"2025-04-28T01:01:01","guid":{"rendered":"https:\/\/snusoem.com\/?post_type=product&#038;p=1670"},"modified":"2025-04-28T01:30:04","modified_gmt":"2025-04-28T01:30:04","slug":"zyn-cool-mint-3mg-mini","status":"publish","type":"product","link":"https:\/\/snusoem.com\/de\/product\/zyn-cool-mint-3mg-mini\/","title":{"rendered":"ZYN K\u00fchle Minze 3MG Mini"},"content":{"rendered":"<div class=\"product-tab border-b-2 block md:-top-6 w-full md:flex md:justify-around\">\n<div class=\"flex w-full md:w-auto flex-row md:mr-4\">\n<h3>\u00a0 \u00a0 \u00a0 Produktspezifikationen<\/h3>\n<ul>\n<li>Format: Mini-Format f\u00fcr diskreten Komfort<\/li>\n<li>Art: Ganz-wei\u00dfe Portionen<\/li>\n<li>St\u00e4rke: 3 mg Nikotin<\/li>\n<li>Anzahl: 20 Beutel pro Dose<\/li>\n<li>Geschmack: K\u00fchle Minze<\/li>\n<li>\n<h3>Warum ZYN Mini Dry Cool Mint w\u00e4hlen?<\/h3>\n<ul>\n<li>Schlanke, bequeme Passform unter der Lippe<\/li>\n<li>Lang anhaltender Minzgeschmack<\/li>\n<li>Saubere, fleckenfreie Erfahrung<\/li>\n<li>Ideale Nikotinst\u00e4rke f\u00fcr moderate Konsumenten<\/li>\n<\/ul>\n<\/li>\n<\/ul>\n<div data-content-type=\"text\" data-appearance=\"default\" data-id=\"\" data-name=\"\" data-creative=\"\" data-position=\"\" data-element=\"main\">\n<ul>\n<li>Die\u00a0<strong>ZYN K\u00fchle Minze Mini<\/strong>\u00a0ist einer unserer beliebtesten Beutel f\u00fcr Nikotinkonsumenten, die ein erfrischendes Erlebnis suchen. Jeder Beutel enth\u00e4lt 3mg Nikotin, was vielleicht wenig klingt, aber die Portionen sind mit einer gro\u00dfen Dosis Pfefferminz- und Eukalyptus\u00f6l f\u00fcr einen belebenden Kick gef\u00fcllt. Der Geschmack ist intensiv und hinterl\u00e4sst einen k\u00fchlenden Effekt. Viele entscheiden sich f\u00fcr ZYN Cool Mint anstelle von herk\u00f6mmlichen Tabakprodukten, da der Inhalt wei\u00df ist und diskret verwendet werden kann - ein Vorteil der strahlend wei\u00dfen Farbe von ZYN Cool Mint Mini ist, dass man sich keine Sorgen um verf\u00e4rbte Z\u00e4hne oder \u00fcberm\u00e4\u00dfiges Tropfen machen muss, was das Erlebnis sauber und frisch macht. Das Miniformat bedeutet auch, dass die Beutel die perfekte Gr\u00f6\u00dfe f\u00fcr eine ultra-diskrete Verwendung haben, die von anderen nicht bemerkt wird. Aus diesen Gr\u00fcnden entscheiden sich viele f\u00fcr ZYN Cool Mint anstelle von herk\u00f6mmlichen Tabakprodukten.<\/li>\n<\/ul>\n<\/div>\n<div data-content-type=\"text\" data-appearance=\"default\" data-id=\"\" data-name=\"\" data-creative=\"\" data-position=\"\" data-element=\"main\">\n<p>&nbsp;<\/p>\n<\/div>\n<\/div>\n<\/div>","protected":false},"excerpt":{"rendered":"<div class=\"leading-relaxed product-description text-mine-shaft prose mt-2\">\n<div class=\"leading-relaxed product-description text-mine-shaft prose mt-2\">\n<div class=\"leading-relaxed product-description text-mine-shaft prose mt-2\">\n<div class=\"leading-relaxed product-description text-mine-shaft prose mt-2\">\n<div class=\"leading-relaxed product-description text-mine-shaft prose mt-2\">\n<div class=\"leading-relaxed product-description text-mine-shaft prose mt-2\">\n<div class=\"leading-relaxed product-description text-mine-shaft prose mt-2\">\n<div class=\"leading-relaxed product-description text-mine-shaft prose mt-2\">\n<div class=\"leading-relaxed product-description text-mine-shaft prose mt-2\">\n<div class=\"leading-relaxed product-description text-mine-shaft prose mt-2\">\n<div class=\"leading-relaxed product-description text-mine-shaft prose mt-2\">\n<div class=\"leading-relaxed product-description prose\">Witness the cooling power of mint in a compact 3 mg pouch with ZYN Cool Mint Mini Dry 3 mg. Let your taste buds taste antarctica.<\/div>\n<div class=\"flex flex-col sm:flex-row justify-between my-4 sd-product-info-stock \"><\/div>\n<\/div>\n<\/div>\n<\/div>\n<\/div>\n<\/div>\n<\/div>\n<\/div>\n<\/div>\n<\/div>\n<\/div>\n<\/div>\n<div>\n<p><!-- \/wp:heading --> <!-- wp:table --><\/p>\n<figure class=\"wp-block-table\">\n<table class=\"has-fixed-layout\" style=\"height: 266px;\" width=\"386\">\n<tbody>\n<tr>\n<td>Product Info<\/td>\n<td>\n<div class=\"flex min-w-max justify-between md:grid md:grid-cols-2 mb-2 border-b border-[#d8d6d4]\">\n<div class=\"flex flex-1 justify-end text-right md:text-left md:justify-start data pb-2 items-center product-attribute-value max-w-[200px]\" data-th=\"Product Info\">\n<div class=\"flex min-w-max justify-between md:grid md:grid-cols-2 mb-2 border-b border-[#d8d6d4]\">\n<div class=\"flex flex-1 justify-end text-right md:text-left md:justify-start data pb-2 items-center product-attribute-value max-w-[200px]\" data-th=\"Product Info\">\n<div class=\"flex min-w-max justify-between md:grid md:grid-cols-2 mb-2 border-b border-[#d8d6d4]\">\n<div class=\"flex flex-1 justify-end text-right md:text-left md:justify-start data pb-2 items-center product-attribute-value max-w-[200px]\" data-th=\"Product Info\">Flavored, Tobacco Free, All White<\/div>\n<\/div>\n<\/div>\n<\/div>\n<\/div>\n<\/div>\n<\/td>\n<\/tr>\n<tr>\n<td>Brand<\/td>\n<td>ZYN<\/td>\n<\/tr>\n<tr>\n<td>Strength<\/td>\n<td>3MG<\/td>\n<\/tr>\n<tr>\n<td>Flavor<\/td>\n<td>Cool Mint<\/td>\n<\/tr>\n<tr>\n<td>Nicotine<\/td>\n<td>3mg\/pouch<\/td>\n<\/tr>\n<tr>\n<td>Portion Weight (g)<\/td>\n<td>0.4<\/td>\n<\/tr>\n<tr>\n<td>Pouches\/can<\/td>\n<td>20<\/td>\n<\/tr>\n<tr>\n<td>Net Weight (g)<\/td>\n<td>8<\/td>\n<\/tr>\n<tr>\n<td>Moisture Content<\/td>\n<td>2.7%<\/td>\n<\/tr>\n<\/tbody>\n<\/table>\n<\/figure>\n<p><!-- \/wp:table --><\/p>\n<\/div>\n<form action=\"https:\/\/nicokick.com\/outofstock\/index\/createOosSubscription\" method=\"post\" data-mage-init=\"{'validation':{}}\"><\/form>\n","protected":false},"featured_media":1671,"comment_status":"open","ping_status":"closed","template":"","meta":[],"product_brand":[],"product_cat":[45],"product_tag":[],"class_list":{"0":"post-1670","1":"product","2":"type-product","3":"status-publish","4":"has-post-thumbnail","6":"product_cat-eu-zyn","8":"first","9":"instock","10":"taxable","11":"shipping-taxable","12":"product-type-simple"},"_links":{"self":[{"href":"https:\/\/snusoem.com\/de\/wp-json\/wp\/v2\/product\/1670","targetHints":{"allow":["GET"]}}],"collection":[{"href":"https:\/\/snusoem.com\/de\/wp-json\/wp\/v2\/product"}],"about":[{"href":"https:\/\/snusoem.com\/de\/wp-json\/wp\/v2\/types\/product"}],"replies":[{"embeddable":true,"href":"https:\/\/snusoem.com\/de\/wp-json\/wp\/v2\/comments?post=1670"}],"wp:featuredmedia":[{"embeddable":true,"href":"https:\/\/snusoem.com\/de\/wp-json\/wp\/v2\/media\/1671"}],"wp:attachment":[{"href":"https:\/\/snusoem.com\/de\/wp-json\/wp\/v2\/media?parent=1670"}],"wp:term":[{"taxonomy":"product_brand","embeddable":true,"href":"https:\/\/snusoem.com\/de\/wp-json\/wp\/v2\/product_brand?post=1670"},{"taxonomy":"product_cat","embeddable":true,"href":"https:\/\/snusoem.com\/de\/wp-json\/wp\/v2\/product_cat?post=1670"},{"taxonomy":"product_tag","embeddable":true,"href":"https:\/\/snusoem.com\/de\/wp-json\/wp\/v2\/product_tag?post=1670"}],"curies":[{"name":"wp","href":"https:\/\/api.w.org\/{rel}","templated":true}]}}