{"id":1636,"date":"2025-04-27T09:45:34","date_gmt":"2025-04-27T09:45:34","guid":{"rendered":"https:\/\/snusoem.com\/?post_type=product&#038;p=1636"},"modified":"2025-04-27T09:47:24","modified_gmt":"2025-04-27T09:47:24","slug":"zyn-cool-mint-6mg","status":"publish","type":"product","link":"https:\/\/snusoem.com\/de\/product\/zyn-cool-mint-6mg\/","title":{"rendered":"ZYN K\u00fchle Minze 6MG"},"content":{"rendered":"<div class=\"product-tab border-b-2 block md:-top-6 w-full md:flex md:justify-around\">\n<div class=\"flex w-full md:w-auto flex-row md:mr-4\">\n<h2 id=\"\" data-content-type=\"heading\" data-appearance=\"default\" data-element=\"main\">Wesentliche Merkmale<\/h2>\n<div data-content-type=\"text\" data-appearance=\"default\" data-id=\"\" data-name=\"\" data-creative=\"\" data-position=\"\" data-element=\"main\">\n<ul>\n<li>Ein eisiger Ausbruch von Minzgeschmack<\/li>\n<li>Kein Rauch, kein Geruch, keine Spucke<\/li>\n<li>Von einer der meistverkauften Nikotinbeutelmarken<\/li>\n<li>\u00dcberall und jederzeit genie\u00dfen<\/li>\n<\/ul>\n<p>&nbsp;<\/p>\n<\/div>\n<h3 id=\"\" data-content-type=\"heading\" data-appearance=\"default\" data-element=\"main\">Entdecken Sie ZYN Cool Mint 6mg Nikotin Beutel<\/h3>\n<div data-content-type=\"text\" data-appearance=\"default\" data-id=\"\" data-name=\"\" data-creative=\"\" data-position=\"\" data-element=\"main\">\n<p>Die ZYN Cool Mint 6mg-Beutel geh\u00f6ren zu einer der beliebtesten Nikotinbeutelmarken in den USA. Sie bieten einen kr\u00e4ftigen Minzgeschmack und sind eine tabakblattfreie Alternative zu herk\u00f6mmlichen oralen Tabakprodukten. Diese komplett wei\u00dfen Beutel werden aus hochwertigen Inhaltsstoffen hergestellt und in einem Miniformat geliefert, das unter der Oberlippe platziert werden kann. Die Dose verf\u00fcgt \u00fcber einen kindersicheren Verschluss, der sich aufdrehen l\u00e4sst, und enth\u00e4lt 15 Beutel mit je 6 mg Nikotin. Die Geschmacksrichtung Cool Mint ist auch in einer St\u00e4rke von 3 mg erh\u00e4ltlich, f\u00fcr diejenigen, die eine weniger intensive Alternative bevorzugen.<\/p>\n<\/div>\n<h3 id=\"\" data-content-type=\"heading\" data-appearance=\"default\" data-element=\"main\">ZYN \u00dcberblick<\/h3>\n<div data-content-type=\"text\" data-appearance=\"default\" data-id=\"\" data-name=\"\" data-creative=\"\" data-position=\"\" data-element=\"main\">\n<p>Die ZYN-Beutel sind f\u00fcr erwachsene Nikotinkonsumenten gedacht, die eine tabakblattfreie Alternative zu Snus und anderen oralen Tabakprodukten bevorzugen. Sie bieten ein v\u00f6llig rauch- und spuckfreies Nikotinerlebnis und sind in 10 Geschmacksrichtungen und 2 Nikotinst\u00e4rken erh\u00e4ltlich.<\/p>\n<p>&nbsp;<\/p>\n<\/div>\n<\/div>\n<\/div>","protected":false},"excerpt":{"rendered":"<div class=\"leading-relaxed product-description text-mine-shaft prose mt-2\">\n<div class=\"leading-relaxed product-description text-mine-shaft prose mt-2\">\n<div class=\"leading-relaxed product-description text-mine-shaft prose mt-2\">\n<div class=\"leading-relaxed product-description text-mine-shaft prose mt-2\">\n<div class=\"leading-relaxed product-description text-mine-shaft prose mt-2\">\n<div class=\"leading-relaxed product-description text-mine-shaft prose mt-2\">ZYN Cool Mint 6mg: ZYN pouches that have an icy burst of mint flavor<\/div>\n<\/div>\n<\/div>\n<form action=\"https:\/\/nicokick.com\/outofstock\/index\/createOosSubscription\" method=\"post\" data-mage-init=\"{'validation':{}}\"><\/form>\n<\/div>\n<form action=\"https:\/\/nicokick.com\/outofstock\/index\/createOosSubscription\" method=\"post\" data-mage-init=\"{'validation':{}}\"><\/form>\n<\/div>\n<\/div>\n<div><\/div>\n<div>\n<p><!-- wp:heading --><\/p>\n<h2 class=\"wp-block-heading\">Details<\/h2>\n<p><!-- \/wp:heading --> <!-- wp:table --><\/p>\n<figure class=\"wp-block-table\">\n<table class=\"has-fixed-layout\">\n<tbody>\n<tr>\n<td>Product Info<\/td>\n<td>\n<div class=\"flex min-w-max justify-between md:grid md:grid-cols-2 mb-2 border-b border-[#d8d6d4]\">\n<div class=\"flex flex-1 justify-end text-right md:text-left md:justify-start data pb-2 items-center product-attribute-value max-w-[200px]\" data-th=\"Product Info\">\n<div class=\"flex min-w-max justify-between md:grid md:grid-cols-2 mb-2 border-b border-[#d8d6d4]\">\n<div class=\"flex flex-1 justify-end text-right md:text-left md:justify-start data pb-2 items-center product-attribute-value max-w-[200px]\" data-th=\"Product Info\">\n<div class=\"flex min-w-max justify-between md:grid md:grid-cols-2 mb-2 border-b border-[#d8d6d4]\">\n<div class=\"flex flex-1 justify-end text-right md:text-left md:justify-start data pb-2 items-center product-attribute-value max-w-[200px]\" data-th=\"Product Info\">Flavored, Tobacco Free, All White<\/div>\n<\/div>\n<\/div>\n<\/div>\n<\/div>\n<\/div>\n<\/td>\n<\/tr>\n<tr>\n<td>Brand<\/td>\n<td>ZYN<\/td>\n<\/tr>\n<tr>\n<td>Strength<\/td>\n<td>6MG<\/td>\n<\/tr>\n<tr>\n<td>Flavor<\/td>\n<td>\n<div class=\"flex min-w-max justify-between md:grid md:grid-cols-2 mb-2 border-b border-[#d8d6d4]\">\n<div class=\"flex flex-1 justify-end text-right md:text-left md:justify-start data pb-2 items-center product-attribute-value max-w-[200px]\" data-th=\"Flavor\">Cool Mint<\/div>\n<\/div>\n<\/td>\n<\/tr>\n<tr>\n<td>Nicotine<\/td>\n<td>6mg\/pouch<\/td>\n<\/tr>\n<tr>\n<td>Portion Weight (g)<\/td>\n<td>0.4<\/td>\n<\/tr>\n<tr>\n<td>Pouches\/can<\/td>\n<td>15<\/td>\n<\/tr>\n<tr>\n<td>Net Weight (g)<\/td>\n<td>6<\/td>\n<\/tr>\n<tr>\n<td>Net Weight (oz)<\/td>\n<td>0.21<\/td>\n<\/tr>\n<\/tbody>\n<\/table>\n<\/figure>\n<p><!-- \/wp:table --><\/p>\n<\/div>\n<form action=\"https:\/\/nicokick.com\/outofstock\/index\/createOosSubscription\" method=\"post\" data-mage-init=\"{'validation':{}}\"><\/form>\n","protected":false},"featured_media":1637,"comment_status":"open","ping_status":"closed","template":"","meta":[],"product_brand":[],"product_cat":[29],"product_tag":[],"class_list":{"0":"post-1636","1":"product","2":"type-product","3":"status-publish","4":"has-post-thumbnail","6":"product_cat-usa-zyn","8":"first","9":"instock","10":"taxable","11":"shipping-taxable","12":"product-type-simple"},"_links":{"self":[{"href":"https:\/\/snusoem.com\/de\/wp-json\/wp\/v2\/product\/1636","targetHints":{"allow":["GET"]}}],"collection":[{"href":"https:\/\/snusoem.com\/de\/wp-json\/wp\/v2\/product"}],"about":[{"href":"https:\/\/snusoem.com\/de\/wp-json\/wp\/v2\/types\/product"}],"replies":[{"embeddable":true,"href":"https:\/\/snusoem.com\/de\/wp-json\/wp\/v2\/comments?post=1636"}],"wp:featuredmedia":[{"embeddable":true,"href":"https:\/\/snusoem.com\/de\/wp-json\/wp\/v2\/media\/1637"}],"wp:attachment":[{"href":"https:\/\/snusoem.com\/de\/wp-json\/wp\/v2\/media?parent=1636"}],"wp:term":[{"taxonomy":"product_brand","embeddable":true,"href":"https:\/\/snusoem.com\/de\/wp-json\/wp\/v2\/product_brand?post=1636"},{"taxonomy":"product_cat","embeddable":true,"href":"https:\/\/snusoem.com\/de\/wp-json\/wp\/v2\/product_cat?post=1636"},{"taxonomy":"product_tag","embeddable":true,"href":"https:\/\/snusoem.com\/de\/wp-json\/wp\/v2\/product_tag?post=1636"}],"curies":[{"name":"wp","href":"https:\/\/api.w.org\/{rel}","templated":true}]}}