{"id":1717,"date":"2025-04-28T03:43:15","date_gmt":"2025-04-28T03:43:15","guid":{"rendered":"https:\/\/snusoem.com\/?post_type=product&#038;p=1717"},"modified":"2025-04-28T03:45:32","modified_gmt":"2025-04-28T03:45:32","slug":"zyn-citrus-slim-extra-strong-15-7mg","status":"publish","type":"product","link":"https:\/\/snusoem.com\/da\/product\/zyn-citrus-slim-extra-strong-15-7mg\/","title":{"rendered":"ZYN Citrus Slim Ekstra St\u00e6rk 15,7MG"},"content":{"rendered":"<div class=\"product-tab border-b-2 block md:-top-6 w-full md:flex md:justify-around\">\n<div class=\"flex w-full md:w-auto flex-row md:mr-4\">\n<div class=\"product-tab border-b-2 block md:-top-6 w-full md:flex md:justify-around\">\n<div class=\"flex w-full md:w-auto flex-row md:mr-4\">\n<p data-start=\"4473\" data-end=\"4740\"><strong data-start=\"4473\" data-end=\"4505\">ZYN Citrus Slim Ekstra St\u00e6rk<\/strong>\u00a0offers a\u00a0<strong data-start=\"4515\" data-end=\"4550\">levende og syrlig citrussmag<\/strong>, der leverer en forfriskende blanding af\u00a0<strong data-start=\"4585\" data-end=\"4609\">citron- og lime noter<\/strong>\u00a0med et subtilt strejf af s\u00f8dme. Denne pose er perfekt til brugere, der nyder\u00a0<strong data-start=\"4685\" data-end=\"4702\">pikante smage<\/strong>\u00a0med en spr\u00f8d og forfriskende finish.<\/p>\n<p data-start=\"4742\" data-end=\"5022\">Each can contains\u00a0<strong data-start=\"4760\" data-end=\"4779\">20 slanke poser<\/strong>, designed for\u00a0<strong data-start=\"4794\" data-end=\"4826\">discreet and comfortable use<\/strong>\u00a0hele dagen. Med et\u00a0<strong data-start=\"4854\" data-end=\"4887\">nikotinindhold p\u00e5 15,7 mg\/g<\/strong>, tilbyder denne pose et\u00a0<strong data-start=\"4909\" data-end=\"4944\">moderat til st\u00e6rkt nikotinhit<\/strong>, hvilket g\u00f8r den ideel til erfarne brugere, der s\u00f8ger b\u00e5de\u00a0<strong data-start=\"4997\" data-end=\"5021\">smag og intensitet<\/strong>.<\/p>\n<p data-start=\"5024\" data-end=\"5280\">Den\u00a0<strong data-start=\"5028\" data-end=\"5038\">Citrus<\/strong>\u00a0smag giver en skarp og frisk smag, afbalanceret med en let s\u00f8dme for at forhindre den i at v\u00e6re for syrlig. Den\u00a0<strong data-start=\"5155\" data-end=\"5170\">slim format<\/strong>\u00a0ensures a\u00a0<strong data-start=\"5181\" data-end=\"5206\">t\u00e6tte og diskrete pasform<\/strong>\u00a0under l\u00e6ben, hvilket giver en\u00a0<strong data-start=\"5237\" data-end=\"5279\">j\u00e6vn og ensartet nikotinfrigivelse<\/strong>.<\/p>\n<p data-start=\"5282\" data-end=\"5442\">Hvis du elsker\u00a0<strong data-start=\"5294\" data-end=\"5319\">lyse, syrlige smage<\/strong>\u00a0parret med et st\u00e6rkt spark,\u00a0<strong data-start=\"5347\" data-end=\"5379\">ZYN Citrus Slim Ekstra St\u00e6rk<\/strong>\u00a0delivers the perfect balance of\u00a0<strong data-start=\"5412\" data-end=\"5441\">forfriskning og intensitet<\/strong>.<\/p>\n<\/div>\n<\/div>\n<\/div>\n<\/div>","protected":false},"excerpt":{"rendered":"<div class=\"leading-relaxed product-description text-mine-shaft prose mt-2\">\n<div class=\"leading-relaxed product-description text-mine-shaft prose mt-2\">\n<div class=\"leading-relaxed product-description text-mine-shaft prose mt-2\">\n<div class=\"leading-relaxed product-description text-mine-shaft prose mt-2\">\n<div class=\"leading-relaxed product-description text-mine-shaft prose mt-2\">\n<div class=\"leading-relaxed product-description text-mine-shaft prose mt-2\">\n<div class=\"leading-relaxed product-description text-mine-shaft prose mt-2\">\n<div class=\"leading-relaxed product-description text-mine-shaft prose mt-2\">\n<div class=\"leading-relaxed product-description text-mine-shaft prose mt-2\">\n<div class=\"leading-relaxed product-description text-mine-shaft prose mt-2\">\n<div class=\"leading-relaxed product-description text-mine-shaft prose mt-2\">\n<div class=\"leading-relaxed product-description prose\">\n<div class=\"leading-relaxed product-description prose\" style=\"text-align: left;\">\n<div class=\"leading-relaxed product-description prose\">\n<div class=\"leading-relaxed product-description prose\">\n<div class=\"leading-relaxed product-description text-mine-shaft prose mt-2\">\n<div class=\"leading-relaxed product-description text-mine-shaft prose mt-2\">\n<div class=\"leading-relaxed product-description text-mine-shaft prose mt-2\">\n<div class=\"leading-relaxed product-description text-mine-shaft prose mt-2\">\n<div class=\"leading-relaxed product-description text-mine-shaft prose mt-2\">\n<div class=\"leading-relaxed product-description text-mine-shaft prose mt-2\">\n<div class=\"leading-relaxed product-description text-mine-shaft prose mt-2\">\n<div class=\"leading-relaxed product-description text-mine-shaft prose mt-2\">\n<div class=\"leading-relaxed product-description text-mine-shaft prose mt-2\">\n<div class=\"leading-relaxed product-description text-mine-shaft prose mt-2\">\n<div class=\"leading-relaxed product-description text-mine-shaft prose mt-2\">\n<div class=\"leading-relaxed product-description prose\">\n<div class=\"leading-relaxed product-description prose\" style=\"text-align: left;\">\n<div class=\"leading-relaxed product-description prose\">\n<div class=\"leading-relaxed product-description prose\">This pouch offers a taste bud tantalizing experience from the harmonious flavours of sour lemon and sweet orange<\/div>\n<div class=\"flex flex-col sm:flex-row justify-between my-4 sd-product-info-stock \"><\/div>\n<\/div>\n<\/div>\n<div><\/div>\n<\/div>\n<\/div>\n<\/div>\n<\/div>\n<\/div>\n<\/div>\n<\/div>\n<\/div>\n<\/div>\n<\/div>\n<\/div>\n<\/div>\n<div>\n<p><!-- \/wp:heading --> <!-- wp:table --><\/p>\n<figure class=\"wp-block-table\">\n<table class=\"has-fixed-layout\" style=\"height: 266px;\" width=\"386\">\n<tbody>\n<tr>\n<td>Product Info<\/td>\n<td>\n<div class=\"flex min-w-max justify-between md:grid md:grid-cols-2 mb-2 border-b border-[#d8d6d4]\">\n<div class=\"flex flex-1 justify-end text-right md:text-left md:justify-start data pb-2 items-center product-attribute-value max-w-[200px]\" data-th=\"Product Info\">\n<div class=\"flex min-w-max justify-between md:grid md:grid-cols-2 mb-2 border-b border-[#d8d6d4]\">\n<div class=\"flex flex-1 justify-end text-right md:text-left md:justify-start data pb-2 items-center product-attribute-value max-w-[200px]\" data-th=\"Product Info\">\n<div class=\"flex min-w-max justify-between md:grid md:grid-cols-2 mb-2 border-b border-[#d8d6d4]\">\n<div class=\"flex flex-1 justify-end text-right md:text-left md:justify-start data pb-2 items-center product-attribute-value max-w-[200px]\" data-th=\"Product Info\">Flavored, Tobacco Free, All White<\/div>\n<\/div>\n<\/div>\n<\/div>\n<\/div>\n<\/div>\n<\/td>\n<\/tr>\n<tr>\n<td>Brand<\/td>\n<td>ZYN<\/td>\n<\/tr>\n<tr>\n<td>Strength<\/td>\n<td>15.7MG<\/td>\n<\/tr>\n<tr>\n<td>Flavor<\/td>\n<td>Citrus<\/td>\n<\/tr>\n<tr>\n<td>Nicotine<\/td>\n<td>15.7g\/pouch<\/td>\n<\/tr>\n<tr>\n<td>Portion Weight (g)<\/td>\n<td>0.8<\/td>\n<\/tr>\n<tr>\n<td>Pouches\/can<\/td>\n<td>21<\/td>\n<\/tr>\n<tr>\n<td>Net Weight (g)<\/td>\n<td>16<\/td>\n<\/tr>\n<tr>\n<td>Wet\/Dry<\/td>\n<td>Dry<\/td>\n<\/tr>\n<\/tbody>\n<\/table>\n<\/figure>\n<p><!-- \/wp:table --><\/p>\n<\/div>\n<form action=\"https:\/\/nicokick.com\/outofstock\/index\/createOosSubscription\" method=\"post\" data-mage-init=\"{'validation':{}}\"><\/form>\n<\/div>\n<\/div>\n<\/div>\n<\/div>\n<\/div>\n<\/div>\n<\/div>\n<\/div>\n<\/div>\n<\/div>\n<\/div>\n<\/div>\n<\/div>\n<\/div>\n<\/div>\n<div>\n<p><!-- \/wp:table --><\/p>\n<\/div>\n<form action=\"https:\/\/nicokick.com\/outofstock\/index\/createOosSubscription\" method=\"post\" data-mage-init=\"{'validation':{}}\"><\/form>\n","protected":false},"featured_media":1718,"comment_status":"open","ping_status":"closed","template":"","meta":[],"product_brand":[],"product_cat":[45],"product_tag":[],"class_list":{"0":"post-1717","1":"product","2":"type-product","3":"status-publish","4":"has-post-thumbnail","6":"product_cat-eu-zyn","8":"first","9":"instock","10":"taxable","11":"shipping-taxable","12":"product-type-simple"},"_links":{"self":[{"href":"https:\/\/snusoem.com\/da\/wp-json\/wp\/v2\/product\/1717","targetHints":{"allow":["GET"]}}],"collection":[{"href":"https:\/\/snusoem.com\/da\/wp-json\/wp\/v2\/product"}],"about":[{"href":"https:\/\/snusoem.com\/da\/wp-json\/wp\/v2\/types\/product"}],"replies":[{"embeddable":true,"href":"https:\/\/snusoem.com\/da\/wp-json\/wp\/v2\/comments?post=1717"}],"wp:featuredmedia":[{"embeddable":true,"href":"https:\/\/snusoem.com\/da\/wp-json\/wp\/v2\/media\/1718"}],"wp:attachment":[{"href":"https:\/\/snusoem.com\/da\/wp-json\/wp\/v2\/media?parent=1717"}],"wp:term":[{"taxonomy":"product_brand","embeddable":true,"href":"https:\/\/snusoem.com\/da\/wp-json\/wp\/v2\/product_brand?post=1717"},{"taxonomy":"product_cat","embeddable":true,"href":"https:\/\/snusoem.com\/da\/wp-json\/wp\/v2\/product_cat?post=1717"},{"taxonomy":"product_tag","embeddable":true,"href":"https:\/\/snusoem.com\/da\/wp-json\/wp\/v2\/product_tag?post=1717"}],"curies":[{"name":"wp","href":"https:\/\/api.w.org\/{rel}","templated":true}]}}