{"id":1691,"date":"2025-04-28T02:23:49","date_gmt":"2025-04-28T02:23:49","guid":{"rendered":"https:\/\/snusoem.com\/?post_type=product&#038;p=1691"},"modified":"2025-04-28T02:37:06","modified_gmt":"2025-04-28T02:37:06","slug":"zyn-red-fruits-9-mg","status":"publish","type":"product","link":"https:\/\/snusoem.com\/da\/product\/zyn-red-fruits-9-mg\/","title":{"rendered":"ZYN R\u00f8de frugter 9 MG"},"content":{"rendered":"<div class=\"product-tab border-b-2 block md:-top-6 w-full md:flex md:justify-around\">\n<div class=\"flex w-full md:w-auto flex-row md:mr-4\">\n<h3>F\u00f8rsteklasses kvalitet og erfaring<\/h3>\n<p>Disse helt hvide pouches har en omhyggeligt afbalanceret smagsprofil af r\u00f8d frugt, der giver et forfriskende pust ved hver brug. Det slanke format sikrer maksimal komfort og diskretion og passer perfekt under l\u00e6ben, samtidig med at det giver en ensartet nikotinudl\u00f8sning.<\/p>\n<h3>Bekvemmelighed og v\u00e6rdi<\/h3>\n<p>Hver d\u00e5se indeholder 21 premium-poser, der er perfekt doseret til l\u00e6ngere tids brug. Den fugtoptimerede formel sikrer friskhed fra f\u00f8rste til sidste pose, mens den genlukkelige d\u00e5se bevarer produktkvaliteten, uanset hvor du g\u00e5r.<\/p>\n<\/div>\n<\/div>","protected":false},"excerpt":{"rendered":"<div class=\"leading-relaxed product-description text-mine-shaft prose mt-2\">\n<div class=\"leading-relaxed product-description text-mine-shaft prose mt-2\">\n<div class=\"leading-relaxed product-description text-mine-shaft prose mt-2\">\n<div class=\"leading-relaxed product-description text-mine-shaft prose mt-2\">\n<div class=\"leading-relaxed product-description text-mine-shaft prose mt-2\">\n<div class=\"leading-relaxed product-description text-mine-shaft prose mt-2\">\n<div class=\"leading-relaxed product-description text-mine-shaft prose mt-2\">\n<div class=\"leading-relaxed product-description text-mine-shaft prose mt-2\">\n<div class=\"leading-relaxed product-description text-mine-shaft prose mt-2\">\n<div class=\"leading-relaxed product-description text-mine-shaft prose mt-2\">\n<div class=\"leading-relaxed product-description text-mine-shaft prose mt-2\">\n<div class=\"leading-relaxed product-description prose\">\n<div class=\"leading-relaxed product-description prose\" style=\"text-align: left;\">\n<div class=\"leading-relaxed product-description prose\">The luscious berry notes are perfectly balanced by a crisp, cooling menthol finish. Lush, cool, and relentlessly refreshing, it\u2019s a punchy pick-me-up with serious flavour power.<\/div>\n<\/div>\n<div><\/div>\n<\/div>\n<\/div>\n<\/div>\n<\/div>\n<\/div>\n<\/div>\n<\/div>\n<\/div>\n<\/div>\n<\/div>\n<\/div>\n<\/div>\n<div>\n<p><!-- \/wp:heading --> <!-- wp:table --><\/p>\n<figure class=\"wp-block-table\">\n<table class=\"has-fixed-layout\" style=\"height: 266px;\" width=\"386\">\n<tbody>\n<tr>\n<td>Product Info<\/td>\n<td>\n<div class=\"flex min-w-max justify-between md:grid md:grid-cols-2 mb-2 border-b border-[#d8d6d4]\">\n<div class=\"flex flex-1 justify-end text-right md:text-left md:justify-start data pb-2 items-center product-attribute-value max-w-[200px]\" data-th=\"Product Info\">\n<div class=\"flex min-w-max justify-between md:grid md:grid-cols-2 mb-2 border-b border-[#d8d6d4]\">\n<div class=\"flex flex-1 justify-end text-right md:text-left md:justify-start data pb-2 items-center product-attribute-value max-w-[200px]\" data-th=\"Product Info\">\n<div class=\"flex min-w-max justify-between md:grid md:grid-cols-2 mb-2 border-b border-[#d8d6d4]\">\n<div class=\"flex flex-1 justify-end text-right md:text-left md:justify-start data pb-2 items-center product-attribute-value max-w-[200px]\" data-th=\"Product Info\">Flavored, Tobacco Free, All White<\/div>\n<\/div>\n<\/div>\n<\/div>\n<\/div>\n<\/div>\n<\/td>\n<\/tr>\n<tr>\n<td>Brand<\/td>\n<td>ZYN<\/td>\n<\/tr>\n<tr>\n<td>Strength<\/td>\n<td>9MG<\/td>\n<\/tr>\n<tr>\n<td>Flavor<\/td>\n<td>Red Fruits<\/td>\n<\/tr>\n<tr>\n<td>Nicotine<\/td>\n<td>9mg\/pouch<\/td>\n<\/tr>\n<tr>\n<td>Portion Weight (g)<\/td>\n<td>0.7<\/td>\n<\/tr>\n<tr>\n<td>Pouches\/can<\/td>\n<td>21<\/td>\n<\/tr>\n<tr>\n<td>Net Weight (g)<\/td>\n<td>14.7<\/td>\n<\/tr>\n<tr>\n<td>Moisture Content<\/td>\n<td>39%<\/td>\n<\/tr>\n<\/tbody>\n<\/table>\n<\/figure>\n<p><!-- \/wp:table --><\/p>\n<\/div>\n<form action=\"https:\/\/nicokick.com\/outofstock\/index\/createOosSubscription\" method=\"post\" data-mage-init=\"{'validation':{}}\"><\/form>\n","protected":false},"featured_media":1698,"comment_status":"open","ping_status":"closed","template":"","meta":[],"product_brand":[],"product_cat":[45],"product_tag":[],"class_list":{"0":"post-1691","1":"product","2":"type-product","3":"status-publish","4":"has-post-thumbnail","6":"product_cat-eu-zyn","8":"first","9":"instock","10":"taxable","11":"shipping-taxable","12":"product-type-simple"},"_links":{"self":[{"href":"https:\/\/snusoem.com\/da\/wp-json\/wp\/v2\/product\/1691","targetHints":{"allow":["GET"]}}],"collection":[{"href":"https:\/\/snusoem.com\/da\/wp-json\/wp\/v2\/product"}],"about":[{"href":"https:\/\/snusoem.com\/da\/wp-json\/wp\/v2\/types\/product"}],"replies":[{"embeddable":true,"href":"https:\/\/snusoem.com\/da\/wp-json\/wp\/v2\/comments?post=1691"}],"wp:featuredmedia":[{"embeddable":true,"href":"https:\/\/snusoem.com\/da\/wp-json\/wp\/v2\/media\/1698"}],"wp:attachment":[{"href":"https:\/\/snusoem.com\/da\/wp-json\/wp\/v2\/media?parent=1691"}],"wp:term":[{"taxonomy":"product_brand","embeddable":true,"href":"https:\/\/snusoem.com\/da\/wp-json\/wp\/v2\/product_brand?post=1691"},{"taxonomy":"product_cat","embeddable":true,"href":"https:\/\/snusoem.com\/da\/wp-json\/wp\/v2\/product_cat?post=1691"},{"taxonomy":"product_tag","embeddable":true,"href":"https:\/\/snusoem.com\/da\/wp-json\/wp\/v2\/product_tag?post=1691"}],"curies":[{"name":"wp","href":"https:\/\/api.w.org\/{rel}","templated":true}]}}