{"id":1646,"date":"2025-04-27T09:58:24","date_gmt":"2025-04-27T09:58:24","guid":{"rendered":"https:\/\/snusoem.com\/?post_type=product&#038;p=1646"},"modified":"2025-04-27T10:01:02","modified_gmt":"2025-04-27T10:01:02","slug":"zyn-menthol-3mg","status":"publish","type":"product","link":"https:\/\/snusoem.com\/da\/product\/zyn-menthol-3mg\/","title":{"rendered":"ZYN Menthol 3MG"},"content":{"rendered":"<div class=\"product-tab border-b-2 block md:-top-6 w-full md:flex md:justify-around\">\n<div class=\"flex w-full md:w-auto flex-row md:mr-4\">\n<h2 id=\"\" data-content-type=\"heading\" data-appearance=\"default\" data-element=\"main\">Vigtige funktioner<\/h2>\n<div data-content-type=\"text\" data-appearance=\"default\" data-id=\"\" data-name=\"\" data-creative=\"\" data-position=\"\" data-element=\"main\">\n<ul>\n<li>Et k\u00f8ligt udbrud af mynteagtige undertoner<\/li>\n<li>Ingen r\u00f8g, ingen lugt, ingen spyt<\/li>\n<li>Fra et bedst s\u00e6lgende nikotin pouch-m\u00e6rke<\/li>\n<li>Nyd hvor som helst, n\u00e5r som helst<\/li>\n<\/ul>\n<p>&nbsp;<\/p>\n<\/div>\n<h3 id=\"\" data-content-type=\"heading\" data-appearance=\"default\" data-element=\"main\">Udforsk ZYN Menthol 3mg Nikotinposer<\/h3>\n<div data-content-type=\"text\" data-appearance=\"default\" data-id=\"\" data-name=\"\" data-creative=\"\" data-position=\"\" data-element=\"main\">\n<p>ZYN Menthol 3mg-poser, fra et f\u00f8rende nikotinposem\u00e6rke i USA, giver et k\u00f8ligt udbrud af mynteagtige undertoner og fungerer som et tobaksbladfrit alternativ til traditionelle orale tobaksprodukter.<\/p>\n<p>Hver d\u00e5se indeholder 15 helt hvide, t\u00f8rre poser i en mini rektangul\u00e6r form, designet til brug n\u00e5r som helst, hvor som helst. Hver pose indeholder 3 mg nikotin, med en 6 mg styrke mulighed tilg\u00e6ngelig for dem, der foretr\u00e6kker et h\u00f8jere nikotinniveau.<\/p>\n<\/div>\n<h3 id=\"\" data-content-type=\"heading\" data-appearance=\"default\" data-element=\"main\">Oversigt over ZYN<\/h3>\n<div data-content-type=\"text\" data-appearance=\"default\" data-id=\"\" data-name=\"\" data-creative=\"\" data-position=\"\" data-element=\"main\">\n<p id=\"O71KLE2\">ZYN er et af de mest anerkendte m\u00e6rker inden for nikotin pouches i USA. Disse pouches uden tobaksblade er fremstillet af ingredienser af h\u00f8j kvalitet og f\u00e5s i 10 smagsvarianter, som hver is\u00e6r tilbydes i to nikotinstyrker - 3 mg og 6 mg.<\/p>\n<\/div>\n<\/div>\n<\/div>","protected":false},"excerpt":{"rendered":"<div class=\"leading-relaxed product-description text-mine-shaft prose mt-2\">\n<div class=\"leading-relaxed product-description text-mine-shaft prose mt-2\">\n<div class=\"leading-relaxed product-description text-mine-shaft prose mt-2\">\n<div class=\"leading-relaxed product-description text-mine-shaft prose mt-2\">\n<div class=\"leading-relaxed product-description text-mine-shaft prose mt-2\">\n<div class=\"leading-relaxed product-description text-mine-shaft prose mt-2\">\n<div class=\"leading-relaxed product-description text-mine-shaft prose mt-2\">\n<div class=\"leading-relaxed product-description text-mine-shaft prose mt-2\">\n<div class=\"leading-relaxed product-description text-mine-shaft prose mt-2\">ZYN Menthol 3mg: ZYN pouches with a cool burst of minty undertones.<\/div>\n<\/div>\n<form action=\"https:\/\/nicokick.com\/outofstock\/index\/createOosSubscription\" method=\"post\" data-mage-init=\"{'validation':{}}\"><\/form>\n<\/div>\n<form action=\"https:\/\/nicokick.com\/outofstock\/index\/createOosSubscription\" method=\"post\" data-mage-init=\"{'validation':{}}\"><\/form>\n<\/div>\n<\/div>\n<\/div>\n<form action=\"https:\/\/nicokick.com\/outofstock\/index\/createOosSubscription\" method=\"post\" data-mage-init=\"{'validation':{}}\"><\/form>\n<\/div>\n<form action=\"https:\/\/nicokick.com\/outofstock\/index\/createOosSubscription\" method=\"post\" data-mage-init=\"{'validation':{}}\"><\/form>\n<\/div>\n<\/div>\n<div><\/div>\n<div>\n<p><!-- wp:heading --><\/p>\n<h2 class=\"wp-block-heading\">Details<\/h2>\n<p><!-- \/wp:heading --> <!-- wp:table --><\/p>\n<figure class=\"wp-block-table\">\n<table class=\"has-fixed-layout\">\n<tbody>\n<tr>\n<td>Product Info<\/td>\n<td>\n<div class=\"flex min-w-max justify-between md:grid md:grid-cols-2 mb-2 border-b border-[#d8d6d4]\">\n<div class=\"flex flex-1 justify-end text-right md:text-left md:justify-start data pb-2 items-center product-attribute-value max-w-[200px]\" data-th=\"Product Info\">\n<div class=\"flex min-w-max justify-between md:grid md:grid-cols-2 mb-2 border-b border-[#d8d6d4]\">\n<div class=\"flex flex-1 justify-end text-right md:text-left md:justify-start data pb-2 items-center product-attribute-value max-w-[200px]\" data-th=\"Product Info\">\n<div class=\"flex min-w-max justify-between md:grid md:grid-cols-2 mb-2 border-b border-[#d8d6d4]\">\n<div class=\"flex flex-1 justify-end text-right md:text-left md:justify-start data pb-2 items-center product-attribute-value max-w-[200px]\" data-th=\"Product Info\">Flavored, Tobacco Free, All White, Mini<\/div>\n<\/div>\n<\/div>\n<\/div>\n<\/div>\n<\/div>\n<\/td>\n<\/tr>\n<tr>\n<td>Brand<\/td>\n<td>ZYN<\/td>\n<\/tr>\n<tr>\n<td>Strength<\/td>\n<td>3MG<\/td>\n<\/tr>\n<tr>\n<td>Flavor<\/td>\n<td>Menthol<\/td>\n<\/tr>\n<tr>\n<td>Nicotine<\/td>\n<td>3mg\/pouch<\/td>\n<\/tr>\n<tr>\n<td>Portion Weight (g)<\/td>\n<td>0.4<\/td>\n<\/tr>\n<tr>\n<td>Pouches\/can<\/td>\n<td>15<\/td>\n<\/tr>\n<tr>\n<td>Net Weight (g)<\/td>\n<td>6<\/td>\n<\/tr>\n<tr>\n<td>Net Weight (oz)<\/td>\n<td>0.21<\/td>\n<\/tr>\n<\/tbody>\n<\/table>\n<\/figure>\n<p><!-- \/wp:table --><\/p>\n<\/div>\n<form action=\"https:\/\/nicokick.com\/outofstock\/index\/createOosSubscription\" method=\"post\" data-mage-init=\"{'validation':{}}\"><\/form>\n","protected":false},"featured_media":1647,"comment_status":"open","ping_status":"closed","template":"","meta":[],"product_brand":[],"product_cat":[29],"product_tag":[],"class_list":{"0":"post-1646","1":"product","2":"type-product","3":"status-publish","4":"has-post-thumbnail","6":"product_cat-usa-zyn","8":"first","9":"instock","10":"taxable","11":"shipping-taxable","12":"product-type-simple"},"_links":{"self":[{"href":"https:\/\/snusoem.com\/da\/wp-json\/wp\/v2\/product\/1646","targetHints":{"allow":["GET"]}}],"collection":[{"href":"https:\/\/snusoem.com\/da\/wp-json\/wp\/v2\/product"}],"about":[{"href":"https:\/\/snusoem.com\/da\/wp-json\/wp\/v2\/types\/product"}],"replies":[{"embeddable":true,"href":"https:\/\/snusoem.com\/da\/wp-json\/wp\/v2\/comments?post=1646"}],"wp:featuredmedia":[{"embeddable":true,"href":"https:\/\/snusoem.com\/da\/wp-json\/wp\/v2\/media\/1647"}],"wp:attachment":[{"href":"https:\/\/snusoem.com\/da\/wp-json\/wp\/v2\/media?parent=1646"}],"wp:term":[{"taxonomy":"product_brand","embeddable":true,"href":"https:\/\/snusoem.com\/da\/wp-json\/wp\/v2\/product_brand?post=1646"},{"taxonomy":"product_cat","embeddable":true,"href":"https:\/\/snusoem.com\/da\/wp-json\/wp\/v2\/product_cat?post=1646"},{"taxonomy":"product_tag","embeddable":true,"href":"https:\/\/snusoem.com\/da\/wp-json\/wp\/v2\/product_tag?post=1646"}],"curies":[{"name":"wp","href":"https:\/\/api.w.org\/{rel}","templated":true}]}}