{"id":378,"date":"2024-05-29T07:18:49","date_gmt":"2024-05-29T07:18:49","guid":{"rendered":"https:\/\/startersites.io\/blocksy\/furniture\/?post_type=product&#038;p=378"},"modified":"2025-04-27T09:18:16","modified_gmt":"2025-04-27T09:18:16","slug":"zyn-coffee-3mg","status":"publish","type":"product","link":"https:\/\/snusoem.com\/cs\/product\/zyn-coffee-3mg\/","title":{"rendered":"ZYN Coffee 3MG"},"content":{"rendered":"<div class=\"product-tab border-b-2 block md:-top-6 w-full md:flex md:justify-around\">\n<div class=\"flex w-full md:w-auto flex-row md:mr-4\">\n<h2 id=\"\" data-content-type=\"heading\" data-appearance=\"default\" data-element=\"main\">Kl\u00ed\u010dov\u00e9 vlastnosti<\/h2>\n<div data-content-type=\"text\" data-appearance=\"default\" data-id=\"\" data-name=\"\" data-creative=\"\" data-position=\"\" data-element=\"main\">\n<ul>\n<li>Zachy\u0165te h\u0159ejiv\u00e9, bohat\u00e9 t\u00f3ny va\u0159en\u00e9ho moka.<\/li>\n<li>\u017d\u00e1dn\u00fd kou\u0159, \u017e\u00e1dn\u00fd z\u00e1pach, \u017e\u00e1dn\u00e9 sliny<\/li>\n<li>Od nejprod\u00e1van\u011bj\u0161\u00ed zna\u010dky nikotinov\u00fdch s\u00e1\u010dk\u016f<\/li>\n<li>Snadn\u00e9 pou\u017eit\u00ed kdykoli<\/li>\n<\/ul>\n<p>&nbsp;<\/p>\n<\/div>\n<h3 id=\"\" data-content-type=\"heading\" data-appearance=\"default\" data-element=\"main\">Prozkoumat ZYN Coffee 3mg nikotinov\u00e9 s\u00e1\u010dky<\/h3>\n<div data-content-type=\"text\" data-appearance=\"default\" data-id=\"\" data-name=\"\" data-creative=\"\" data-position=\"\" data-element=\"main\">\n<p>Nikotinov\u00e9 s\u00e1\u010dky ZYN Coffee 3 mg od jedn\u00e9 z nejprod\u00e1van\u011bj\u0161\u00edch zna\u010dek nikotinov\u00fdch s\u00e1\u010dk\u016f v USA nab\u00edzej\u00ed beztab\u00e1kovou alternativu k tradi\u010dn\u00edm tab\u00e1kov\u00fdm v\u00fdrobk\u016fm pro or\u00e1ln\u00ed u\u017eit\u00ed. Tyto celob\u00edl\u00e9 s\u00e1\u010dky jsou vyrobeny z vysoce kvalitn\u00edch slo\u017eek a dod\u00e1vaj\u00ed se v miniaturn\u00edm form\u00e1tu ur\u010den\u00e9m k um\u00edst\u011bn\u00ed pod horn\u00ed ret. Ka\u017ed\u00e1 plechovka je opat\u0159ena t\u011bsn\u011bn\u00edm chr\u00e1n\u011bn\u00fdm p\u0159ed d\u011btmi, kter\u00e9 se ot\u00e1\u010d\u00ed a obsahuje 15 s\u00e1\u010dk\u016f, z nich\u017e ka\u017ed\u00fd obsahuje 3 mg nikotinu. Pro ty, kte\u0159\u00ed hledaj\u00ed siln\u011bj\u0161\u00ed variantu, je k dispozici tak\u00e9 s\u00edla 6 mg.<\/p>\n<p>P\u0159i n\u00e1kupu s\u00e1\u010dk\u016f ZYN p\u0159es Nicokick m\u016f\u017eete sb\u00edrat body ZYN Rewards a z\u00e1rove\u0148 vyu\u017e\u00edvat v\u00fdhod rychl\u00e9 dopravy a pohodln\u00e9ho doru\u010den\u00ed.<\/p>\n<\/div>\n<h3 id=\"\" data-content-type=\"heading\" data-appearance=\"default\" data-element=\"main\">P\u0159ehled ZYN<\/h3>\n<div data-content-type=\"text\" data-appearance=\"default\" data-id=\"\" data-name=\"\" data-creative=\"\" data-position=\"\" data-element=\"main\">\n<p><a href=\"https:\/\/snusoem.com\/cs\/produkt\/zyn-coffee-3mg\/\">Vaky ZYN<\/a>\u00a0jsou ur\u010deny dosp\u011bl\u00fdm u\u017eivatel\u016fm nikotinu, kte\u0159\u00ed hledaj\u00ed alternativu ke \u0161\u0148upac\u00edmu tab\u00e1ku a jin\u00fdm tab\u00e1kov\u00fdm v\u00fdrobk\u016fm pro peror\u00e1ln\u00ed u\u017eit\u00ed bez tab\u00e1kov\u00fdch list\u016f. Nab\u00edzej\u00ed nikotinov\u00fd z\u00e1\u017eitek zcela bez kou\u0159e a pliv\u00e1n\u00ed a jsou k dispozici v 10 p\u0159\u00edchut\u00edch a 2 sil\u00e1ch nikotinu.<\/p>\n<p>&nbsp;<\/p>\n<\/div>\n<\/div>\n<\/div>","protected":false},"excerpt":{"rendered":"<div class=\"leading-relaxed product-description text-mine-shaft prose mt-2\">ZYN Coffee 3mg: ZYN pouches that capture the warm, rich notes of brewed mocha.<\/div>\n<div>\n<div class=\"flex min-w-max justify-between md:grid md:grid-cols-2 mb-2 border-b border-[#d8d6d4]\">\n<div class=\"flex flex-1 justify-end text-right md:text-left md:justify-start data pb-2 items-center product-attribute-value max-w-[200px]\" data-th=\"Product Info\">\n<p><!-- wp:heading --><\/p>\n<h2 class=\"wp-block-heading\">Details<\/h2>\n<p><!-- \/wp:heading --> <!-- wp:table --><\/p>\n<figure class=\"wp-block-table\">\n<table class=\"has-fixed-layout\">\n<tbody>\n<tr>\n<td>Product Info<\/td>\n<td>Flavored, Tobacco Free, All White<\/td>\n<\/tr>\n<tr>\n<td>Brand<\/td>\n<td>ZYN<\/td>\n<\/tr>\n<tr>\n<td>Strength<\/td>\n<td>3 MG<\/td>\n<\/tr>\n<tr>\n<td>Flavor<\/td>\n<td>Coffee<\/td>\n<\/tr>\n<tr>\n<td>Nicotine<\/td>\n<td>3mg\/pouch<\/td>\n<\/tr>\n<tr>\n<td>Portion Weight (g)<\/td>\n<td>0.4<\/td>\n<\/tr>\n<tr>\n<td>Pouches\/can<\/td>\n<td>15<\/td>\n<\/tr>\n<tr>\n<td>Net Weight (g)<\/td>\n<td>6<\/td>\n<\/tr>\n<tr>\n<td>Net Weight (oz)<\/td>\n<td>0.21<\/td>\n<\/tr>\n<\/tbody>\n<\/table>\n<\/figure>\n<p><!-- \/wp:table --><\/p>\n<\/div>\n<\/div>\n<div class=\"flex min-w-max justify-between md:grid md:grid-cols-2 mb-2 border-b border-[#d8d6d4]\"><\/div>\n<\/div>\n<form action=\"https:\/\/nicokick.com\/outofstock\/index\/createOosSubscription\" method=\"post\" data-mage-init=\"{'validation':{}}\"><\/form>\n","protected":false},"featured_media":1620,"comment_status":"open","ping_status":"closed","template":"","meta":[],"product_brand":[],"product_cat":[29],"product_tag":[],"class_list":{"0":"post-378","1":"product","2":"type-product","3":"status-publish","4":"has-post-thumbnail","6":"product_cat-usa-zyn","8":"first","9":"instock","10":"taxable","11":"shipping-taxable","12":"product-type-simple"},"_links":{"self":[{"href":"https:\/\/snusoem.com\/cs\/wp-json\/wp\/v2\/product\/378","targetHints":{"allow":["GET"]}}],"collection":[{"href":"https:\/\/snusoem.com\/cs\/wp-json\/wp\/v2\/product"}],"about":[{"href":"https:\/\/snusoem.com\/cs\/wp-json\/wp\/v2\/types\/product"}],"replies":[{"embeddable":true,"href":"https:\/\/snusoem.com\/cs\/wp-json\/wp\/v2\/comments?post=378"}],"wp:featuredmedia":[{"embeddable":true,"href":"https:\/\/snusoem.com\/cs\/wp-json\/wp\/v2\/media\/1620"}],"wp:attachment":[{"href":"https:\/\/snusoem.com\/cs\/wp-json\/wp\/v2\/media?parent=378"}],"wp:term":[{"taxonomy":"product_brand","embeddable":true,"href":"https:\/\/snusoem.com\/cs\/wp-json\/wp\/v2\/product_brand?post=378"},{"taxonomy":"product_cat","embeddable":true,"href":"https:\/\/snusoem.com\/cs\/wp-json\/wp\/v2\/product_cat?post=378"},{"taxonomy":"product_tag","embeddable":true,"href":"https:\/\/snusoem.com\/cs\/wp-json\/wp\/v2\/product_tag?post=378"}],"curies":[{"name":"wp","href":"https:\/\/api.w.org\/{rel}","templated":true}]}}