{"id":2982,"date":"2025-08-11T09:18:49","date_gmt":"2025-08-11T09:18:49","guid":{"rendered":"https:\/\/snusoem.com\/?post_type=product&#038;p=2982"},"modified":"2025-08-11T09:27:43","modified_gmt":"2025-08-11T09:27:43","slug":"best-caffeine-pouches-factory-orange-blast-80mg-caffeine-pouches","status":"publish","type":"product","link":"https:\/\/snusoem.com\/cs\/product\/best-caffeine-pouches-factory-orange-blast-80mg-caffeine-pouches\/","title":{"rendered":"Nejlep\u0161\u00ed tov\u00e1rna na kofeinov\u00e9 s\u00e1\u010dky Pomeran\u010dov\u00e1 exploze-80MG Kofeinov\u00e9 S\u00e1\u010dky"},"content":{"rendered":"<div class=\"product-tab border-b-2 block md:-top-6 w-full md:flex md:justify-around\">\n<div class=\"flex w-full md:w-auto flex-row md:mr-4\">\n<div class=\"product-tab border-b-2 block md:-top-6 w-full md:flex md:justify-around\">\n<div class=\"flex w-full md:w-auto flex-row md:mr-4\">\n<div id=\"station-tabs-tabpanel_ht-i0-t7\" class=\"station-tabs-tabpanel is-active\" role=\"region\" aria-labelledby=\"station-tabs-tab_ht-i0-t7\" aria-hidden=\"false\">\n<div class=\"station-tabs-tabcontent\">\n<h2><a href=\"https:\/\/snusoem.com\/cs\/produkt\/best-caffeine-pouches-factory-orange-blast-80mg-caffeine-pouches\/\">Buy Mint <\/a><a href=\"https:\/\/snusoem.com\/cs\/produkt\/best-caffeine-pouches-factory-mint-80mg-caffeine-pouches\/\">Kofeinov\u00e9 s\u00e1\u010dky<\/a><a href=\"https:\/\/snusoem.com\/cs\/produkt\/best-caffeine-pouches-factory-orange-blast-80mg-caffeine-pouches\/\">-80MG\u00a0<\/a><\/h2>\n<p>Na\u0161e spole\u010dnost byla zalo\u017eena s jedin\u00fdm c\u00edlem: vytvo\u0159it lep\u0161\u00ed zp\u016fsob, jak dodat energii. P\u0159i na\u0161\u00ed snaze o vyv\u00e1\u017eenou energii jsme si uv\u011bdomili nev\u00fdhody tradi\u010dn\u00edch kofeinov\u00fdch produkt\u016f, jako jsou energetick\u00e9 n\u00e1poje a k\u00e1va \u2013 vysok\u00fd obsah cukru, nadm\u011brn\u00e9 kalorie a plnidla, nep\u0159ehledn\u00e9 balen\u00ed a p\u0159emr\u0161t\u011bn\u00e9 ceny. Po rozs\u00e1hl\u00e9m v\u00fdzkumu a v\u00fdvoji produkt\u016f jsme vytvo\u0159ili vzru\u0161uj\u00edc\u00ed a pohodln\u00e9 \u0159e\u0161en\u00ed, kter\u00e9 v\u00e1m pom\u016f\u017ee z\u00edskat pot\u0159ebn\u00e9 soust\u0159ed\u011bn\u00ed a energii. V\u0161echna tato s\u00edla je zabalena do mal\u00e9ho balen\u00ed. Energetick\u00e9 bal\u00ed\u010dky a dal\u0161\u00ed bezd\u00fdmn\u00e9 produkty si m\u016f\u017eete zakoupit zde.<\/p>\n<h3>Jak pou\u017e\u00edvat<\/h3>\n<ol>\n<li>Otev\u0159ete plechovku a vyjm\u011bte jeden s\u00e1\u010dek.<\/li>\n<li>Vlo\u017ete s\u00e1\u010dek mezi d\u00e1se\u0148 a horn\u00ed ret.<\/li>\n<li>Vychutnejte si jemn\u00e9 brn\u011bn\u00ed po dobu 10\u201330 minut, jak se uvol\u0148uje kofein.<\/li>\n<li>Pou\u017eit\u00fd s\u00e1\u010dek zlikvidujte v p\u0159ihr\u00e1dce v\u00ed\u010dka plechovky nebo v odpadkov\u00e9m ko\u0161i.<\/li>\n<\/ol>\n<\/div>\n<\/div>\n<\/div>\n<\/div>\n<\/div>\n<\/div>","protected":false},"excerpt":{"rendered":"<div class=\"leading-relaxed product-description text-mine-shaft prose mt-2\">\n<div class=\"leading-relaxed product-description text-mine-shaft prose mt-2\">\n<div class=\"leading-relaxed product-description text-mine-shaft prose mt-2\">\n<div class=\"leading-relaxed product-description text-mine-shaft prose mt-2\">\n<div class=\"leading-relaxed product-description text-mine-shaft prose mt-2\">\n<div class=\"leading-relaxed product-description text-mine-shaft prose mt-2\">\n<div class=\"leading-relaxed product-description text-mine-shaft prose mt-2\">\n<div class=\"leading-relaxed product-description text-mine-shaft prose mt-2\">\n<div class=\"leading-relaxed product-description text-mine-shaft prose mt-2\">\n<div class=\"leading-relaxed product-description text-mine-shaft prose mt-2\">\n<div class=\"leading-relaxed product-description text-mine-shaft prose mt-2\">\n<div class=\"leading-relaxed product-description prose\">\n<div class=\"leading-relaxed product-description prose\" style=\"text-align: left;\">\n<div class=\"leading-relaxed product-description prose\">\n<div class=\"leading-relaxed product-description prose\">\n<div class=\"leading-relaxed product-description text-mine-shaft prose mt-2\">\n<div class=\"leading-relaxed product-description text-mine-shaft prose mt-2\">\n<div class=\"leading-relaxed product-description text-mine-shaft prose mt-2\">\n<div class=\"leading-relaxed product-description text-mine-shaft prose mt-2\">\n<div class=\"leading-relaxed product-description text-mine-shaft prose mt-2\">\n<div class=\"leading-relaxed product-description text-mine-shaft prose mt-2\">\n<div class=\"leading-relaxed product-description text-mine-shaft prose mt-2\">\n<div class=\"leading-relaxed product-description text-mine-shaft prose mt-2\">\n<div class=\"leading-relaxed product-description text-mine-shaft prose mt-2\">\n<div class=\"leading-relaxed product-description text-mine-shaft prose mt-2\">\n<div class=\"leading-relaxed product-description text-mine-shaft prose mt-2\">\n<div class=\"leading-relaxed product-description prose\">\n<div class=\"leading-relaxed product-description prose\" style=\"text-align: left;\">\n<div class=\"leading-relaxed product-description prose\">\n<div class=\"leading-relaxed product-description prose\">\n<p>Orange Blast is the perfect way to boost your energy and focus throughout the day. Each pouch contains 80mg natural caffeine plus powerful adaptogens, providing you with key nutrients for balanced performance. Enjoy a flavourful and refreshing citrus flavour with 20 pouches per can.<\/p>\n<p>&nbsp;<\/p>\n<p>&nbsp;<\/p>\n<p>&nbsp;<\/p>\n<\/div>\n<div class=\"flex flex-col sm:flex-row justify-between my-4 sd-product-info-stock \"><\/div>\n<\/div>\n<\/div>\n<div><\/div>\n<\/div>\n<\/div>\n<\/div>\n<\/div>\n<\/div>\n<\/div>\n<\/div>\n<\/div>\n<\/div>\n<\/div>\n<\/div>\n<\/div>\n<div>\n<p><!-- \/wp:heading --> <!-- wp:table --><\/p>\n<figure class=\"wp-block-table\">\n<table class=\"has-fixed-layout\" style=\"height: 266px;\" width=\"386\">\n<tbody>\n<tr>\n<td>Product Info<\/td>\n<td>\n<div class=\"flex min-w-max justify-between md:grid md:grid-cols-2 mb-2 border-b border-[#d8d6d4]\">\n<div class=\"flex flex-1 justify-end text-right md:text-left md:justify-start data pb-2 items-center product-attribute-value max-w-[200px]\" data-th=\"Product Info\">\n<div class=\"flex min-w-max justify-between md:grid md:grid-cols-2 mb-2 border-b border-[#d8d6d4]\">\n<div class=\"flex flex-1 justify-end text-right md:text-left md:justify-start data pb-2 items-center product-attribute-value max-w-[200px]\" data-th=\"Product Info\">\n<div class=\"flex min-w-max justify-between md:grid md:grid-cols-2 mb-2 border-b border-[#d8d6d4]\">\n<div class=\"flex flex-1 justify-end text-right md:text-left md:justify-start data pb-2 items-center product-attribute-value max-w-[200px]\" data-th=\"Product Info\">Caffeine Pouch<\/div>\n<\/div>\n<\/div>\n<\/div>\n<\/div>\n<\/div>\n<\/td>\n<\/tr>\n<tr>\n<td>Brand<\/td>\n<td>OEM\/ODM<\/td>\n<\/tr>\n<tr>\n<td>Strength<\/td>\n<td>80MG<\/td>\n<\/tr>\n<tr>\n<td>Flavor<\/td>\n<td>Orange Blast<\/td>\n<\/tr>\n<tr>\n<td>Nicotine<\/td>\n<td>80\/pouch<\/td>\n<\/tr>\n<tr>\n<td>Portion Weight (g)<\/td>\n<td>0.8<\/td>\n<\/tr>\n<tr>\n<td>Pouches\/can<\/td>\n<td>20<\/td>\n<\/tr>\n<tr>\n<td>Net Weight (g)<\/td>\n<td>16<\/td>\n<\/tr>\n<tr>\n<td>Wet\/Dry<\/td>\n<td>Dry<\/td>\n<\/tr>\n<\/tbody>\n<\/table>\n<\/figure>\n<p><!-- \/wp:table --><\/p>\n<\/div>\n<form action=\"https:\/\/nicokick.com\/outofstock\/index\/createOosSubscription\" method=\"post\" data-mage-init=\"{'validation':{}}\"><\/form>\n<\/div>\n<\/div>\n<\/div>\n<\/div>\n<\/div>\n<\/div>\n<\/div>\n<\/div>\n<\/div>\n<\/div>\n<\/div>\n<\/div>\n<\/div>\n<\/div>\n<\/div>\n<div>\n<p><!-- \/wp:table --><\/p>\n<\/div>\n<form action=\"https:\/\/nicokick.com\/outofstock\/index\/createOosSubscription\" method=\"post\" data-mage-init=\"{'validation':{}}\"><\/form>\n","protected":false},"featured_media":2987,"comment_status":"open","ping_status":"closed","template":"","meta":[],"product_brand":[],"product_cat":[60],"product_tag":[],"class_list":{"0":"post-2982","1":"product","2":"type-product","3":"status-publish","4":"has-post-thumbnail","6":"product_cat-caffeine-pouches","8":"first","9":"instock","10":"taxable","11":"shipping-taxable","12":"product-type-simple"},"_links":{"self":[{"href":"https:\/\/snusoem.com\/cs\/wp-json\/wp\/v2\/product\/2982","targetHints":{"allow":["GET"]}}],"collection":[{"href":"https:\/\/snusoem.com\/cs\/wp-json\/wp\/v2\/product"}],"about":[{"href":"https:\/\/snusoem.com\/cs\/wp-json\/wp\/v2\/types\/product"}],"replies":[{"embeddable":true,"href":"https:\/\/snusoem.com\/cs\/wp-json\/wp\/v2\/comments?post=2982"}],"wp:featuredmedia":[{"embeddable":true,"href":"https:\/\/snusoem.com\/cs\/wp-json\/wp\/v2\/media\/2987"}],"wp:attachment":[{"href":"https:\/\/snusoem.com\/cs\/wp-json\/wp\/v2\/media?parent=2982"}],"wp:term":[{"taxonomy":"product_brand","embeddable":true,"href":"https:\/\/snusoem.com\/cs\/wp-json\/wp\/v2\/product_brand?post=2982"},{"taxonomy":"product_cat","embeddable":true,"href":"https:\/\/snusoem.com\/cs\/wp-json\/wp\/v2\/product_cat?post=2982"},{"taxonomy":"product_tag","embeddable":true,"href":"https:\/\/snusoem.com\/cs\/wp-json\/wp\/v2\/product_tag?post=2982"}],"curies":[{"name":"wp","href":"https:\/\/api.w.org\/{rel}","templated":true}]}}