{"id":2325,"date":"2025-05-11T06:28:10","date_gmt":"2025-05-11T06:28:10","guid":{"rendered":"https:\/\/snusoem.com\/?post_type=product&#038;p=2325"},"modified":"2025-05-20T06:21:13","modified_gmt":"2025-05-20T06:21:13","slug":"killa-pineapple-16-mg","status":"publish","type":"product","link":"https:\/\/snusoem.com\/cs\/product\/killa-pineapple-16-mg\/","title":{"rendered":"KILLA Ananas 16 MG"},"content":{"rendered":"<div class=\"product-tab border-b-2 block md:-top-6 w-full md:flex md:justify-around\">\n<div class=\"flex w-full md:w-auto flex-row md:mr-4\">\n<div class=\"product-tab border-b-2 block md:-top-6 w-full md:flex md:justify-around\">\n<div class=\"flex w-full md:w-auto flex-row md:mr-4\">\n<div id=\"station-tabs-tabpanel_ht-i0-t7\" class=\"station-tabs-tabpanel is-active\" role=\"region\" aria-labelledby=\"station-tabs-tab_ht-i0-t7\" aria-hidden=\"false\">\n<div class=\"station-tabs-tabcontent\">\n<h1>KILLA Ananas: Osv\u011b\u017euj\u00edc\u00ed zm\u011bna v nikotinov\u00fdch s\u00e1\u010dc\u00edch<\/h1>\n<p>Objevte osv\u011b\u017euj\u00edc\u00ed chu\u0165\u00a0<a href=\"https:\/\/snusoem.com\/cs\/kategorie-produktu\/killa\/\">KILLA<\/a>\u00a0Ananas, v\u00fdzna\u010dn\u00fd produkt ve sv\u011bt\u011b\u00a0<a href=\"https:\/\/snusoem.com\/cs\/produkt\/killa-pineapple-16-mg\/\">NIKOTINOV\u00c9 S\u00c1\u010cKY<\/a>. Tato v\u00fdjime\u010dn\u00e1 nab\u00eddka od\u00a0<a href=\"https:\/\/snusoem.com\/cs\/kategorie-produktu\/killa\/\">KILLA<\/a>\u00a0kombinuje tropickou sladkost ananasu s uspokojiv\u00fdm nikotinem a poskytuje tak jedine\u010dn\u00fd a p\u0159\u00edjemn\u00fd z\u00e1\u017eitek jak zku\u0161en\u00fdm u\u017eivatel\u016fm, tak nov\u00e1\u010dk\u016fm.<\/p>\n<h2>Pro\u010d si vybrat ananas KILLA?<\/h2>\n<p>Pokud jde o nikotinov\u00e9 s\u00e1\u010dky, KILLA Pineapple vynik\u00e1 v\u00fdraznou chut\u00ed a vysoce kvalitn\u00edm slo\u017een\u00edm. Zde je d\u016fvod, pro\u010d byste m\u011bli zv\u00e1\u017eit p\u0159id\u00e1n\u00ed tohoto v\u00fdrobku do sv\u00e9 sb\u00edrky:<\/p>\n<ul>\n<li><strong>Jedine\u010dn\u00fd profil chuti:<\/strong>\u00a0Osv\u011b\u017euj\u00edc\u00ed p\u0159\u00edchu\u0165 ananasu nab\u00edz\u00ed sladkou a pikantn\u00ed chu\u0165, kter\u00e1 je osv\u011b\u017euj\u00edc\u00ed a uspokojuj\u00edc\u00ed.<\/li>\n<li><strong>Dokonal\u00e1 s\u00edla:<\/strong>\u00a0S 11,2 mg nikotinu v jednom s\u00e1\u010dku nab\u00edz\u00ed tento v\u00fdrobek vyv\u00e1\u017een\u00fd a \u00fa\u010dinn\u00fd nikotinov\u00fd z\u00e1sah, kter\u00fd je klasifikov\u00e1n jako siln\u00fd, ale ne ohromuj\u00edc\u00ed.<\/li>\n<li><strong>Pohodln\u00fd form\u00e1t:<\/strong>\u00a0\u0160t\u00edhl\u00fd form\u00e1t zaji\u0161\u0165uje diskr\u00e9tn\u00ed a pohodln\u00e9 no\u0161en\u00ed, tak\u017ee jej lze snadno pou\u017e\u00edvat kdykoli a kdekoli.<\/li>\n<li><strong>Zaji\u0161t\u011bn\u00ed kvality:<\/strong> M\u016f\u017eete se spolehnout na pravost a vynikaj\u00edc\u00ed kvalitu ananasu KILLA.<\/li>\n<\/ul>\n<\/div>\n<\/div>\n<\/div>\n<\/div>\n<\/div>\n<\/div>","protected":false},"excerpt":{"rendered":"<div class=\"leading-relaxed product-description text-mine-shaft prose mt-2\">\n<div class=\"leading-relaxed product-description text-mine-shaft prose mt-2\">\n<div class=\"leading-relaxed product-description text-mine-shaft prose mt-2\">\n<div class=\"leading-relaxed product-description text-mine-shaft prose mt-2\">\n<div class=\"leading-relaxed product-description text-mine-shaft prose mt-2\">\n<div class=\"leading-relaxed product-description text-mine-shaft prose mt-2\">\n<div class=\"leading-relaxed product-description text-mine-shaft prose mt-2\">\n<div class=\"leading-relaxed product-description text-mine-shaft prose mt-2\">\n<div class=\"leading-relaxed product-description text-mine-shaft prose mt-2\">\n<div class=\"leading-relaxed product-description text-mine-shaft prose mt-2\">\n<div class=\"leading-relaxed product-description text-mine-shaft prose mt-2\">\n<div class=\"leading-relaxed product-description prose\">\n<div class=\"leading-relaxed product-description prose\" style=\"text-align: left;\">\n<div class=\"leading-relaxed product-description prose\">\n<div class=\"leading-relaxed product-description prose\">\n<div class=\"leading-relaxed product-description text-mine-shaft prose mt-2\">\n<div class=\"leading-relaxed product-description text-mine-shaft prose mt-2\">\n<div class=\"leading-relaxed product-description text-mine-shaft prose mt-2\">\n<div class=\"leading-relaxed product-description text-mine-shaft prose mt-2\">\n<div class=\"leading-relaxed product-description text-mine-shaft prose mt-2\">\n<div class=\"leading-relaxed product-description text-mine-shaft prose mt-2\">\n<div class=\"leading-relaxed product-description text-mine-shaft prose mt-2\">\n<div class=\"leading-relaxed product-description text-mine-shaft prose mt-2\">\n<div class=\"leading-relaxed product-description text-mine-shaft prose mt-2\">\n<div class=\"leading-relaxed product-description text-mine-shaft prose mt-2\">\n<div class=\"leading-relaxed product-description text-mine-shaft prose mt-2\">\n<div class=\"leading-relaxed product-description prose\">\n<div class=\"leading-relaxed product-description prose\" style=\"text-align: left;\">\n<div class=\"leading-relaxed product-description prose\">\n<div class=\"leading-relaxed product-description prose\">\n<div class=\"description\">\n<div class=\"description\">\n<div class=\"description\">Experience the refreshing taste of KILLA Pineapple nicotine pouches! Enjoy a sweet, tangy flavor with a satisfying 11.2 mg nicotine hit.<\/div>\n<\/div>\n<\/div>\n<\/div>\n<\/div>\n<\/div>\n<div><\/div>\n<\/div>\n<\/div>\n<\/div>\n<\/div>\n<\/div>\n<\/div>\n<\/div>\n<\/div>\n<\/div>\n<\/div>\n<\/div>\n<\/div>\n<div>\n<p><!-- \/wp:heading --> <!-- wp:table --><\/p>\n<figure class=\"wp-block-table\">\n<table class=\"has-fixed-layout\" style=\"height: 266px;\" width=\"386\">\n<tbody>\n<tr>\n<td>STRENGTH<\/td>\n<td>\n<div class=\"flex min-w-max justify-between md:grid md:grid-cols-2 mb-2 border-b border-[#d8d6d4]\">\n<div class=\"flex flex-1 justify-end text-right md:text-left md:justify-start data pb-2 items-center product-attribute-value max-w-[200px]\" data-th=\"Product Info\">\n<div class=\"flex min-w-max justify-between md:grid md:grid-cols-2 mb-2 border-b border-[#d8d6d4]\">\n<div class=\"flex flex-1 justify-end text-right md:text-left md:justify-start data pb-2 items-center product-attribute-value max-w-[200px]\" data-th=\"Product Info\">\n<div class=\"flex min-w-max justify-between md:grid md:grid-cols-2 mb-2 border-b border-[#d8d6d4]\">\n<div class=\"flex flex-1 justify-end text-right md:text-left md:justify-start data pb-2 items-center product-attribute-value max-w-[200px]\" data-th=\"Product Info\">NORMAL<\/div>\n<\/div>\n<\/div>\n<\/div>\n<\/div>\n<\/div>\n<\/td>\n<\/tr>\n<tr>\n<td>Brand<\/td>\n<td>KILLA<\/td>\n<\/tr>\n<tr>\n<td>Strength<\/td>\n<td>16MG<\/td>\n<\/tr>\n<tr>\n<td>Flavor<\/td>\n<td>Pineapple<\/td>\n<\/tr>\n<tr>\n<td>Nicotine<\/td>\n<td>11.2\/pouch<\/td>\n<\/tr>\n<tr>\n<td>Portion Weight (g)<\/td>\n<td>0.7<\/td>\n<\/tr>\n<tr>\n<td>Pouches\/can<\/td>\n<td>20<\/td>\n<\/tr>\n<tr>\n<td>Net Weight (g)<\/td>\n<td>14<\/td>\n<\/tr>\n<tr>\n<td>FORMAT<\/td>\n<td>SLIM<\/td>\n<\/tr>\n<\/tbody>\n<\/table>\n<\/figure>\n<p><!-- \/wp:table --><\/p>\n<\/div>\n<form action=\"https:\/\/nicokick.com\/outofstock\/index\/createOosSubscription\" method=\"post\" data-mage-init=\"{'validation':{}}\"><\/form>\n<\/div>\n<\/div>\n<\/div>\n<\/div>\n<\/div>\n<\/div>\n<\/div>\n<\/div>\n<\/div>\n<\/div>\n<\/div>\n<\/div>\n<\/div>\n<\/div>\n<\/div>\n<div>\n<p><!-- \/wp:table --><\/p>\n<\/div>\n<form action=\"https:\/\/nicokick.com\/outofstock\/index\/createOosSubscription\" method=\"post\" data-mage-init=\"{'validation':{}}\"><\/form>\n","protected":false},"featured_media":2619,"comment_status":"open","ping_status":"closed","template":"","meta":[],"product_brand":[],"product_cat":[58],"product_tag":[],"class_list":{"0":"post-2325","1":"product","2":"type-product","3":"status-publish","4":"has-post-thumbnail","6":"product_cat-killa","8":"first","9":"instock","10":"taxable","11":"shipping-taxable","12":"product-type-simple"},"_links":{"self":[{"href":"https:\/\/snusoem.com\/cs\/wp-json\/wp\/v2\/product\/2325","targetHints":{"allow":["GET"]}}],"collection":[{"href":"https:\/\/snusoem.com\/cs\/wp-json\/wp\/v2\/product"}],"about":[{"href":"https:\/\/snusoem.com\/cs\/wp-json\/wp\/v2\/types\/product"}],"replies":[{"embeddable":true,"href":"https:\/\/snusoem.com\/cs\/wp-json\/wp\/v2\/comments?post=2325"}],"wp:featuredmedia":[{"embeddable":true,"href":"https:\/\/snusoem.com\/cs\/wp-json\/wp\/v2\/media\/2619"}],"wp:attachment":[{"href":"https:\/\/snusoem.com\/cs\/wp-json\/wp\/v2\/media?parent=2325"}],"wp:term":[{"taxonomy":"product_brand","embeddable":true,"href":"https:\/\/snusoem.com\/cs\/wp-json\/wp\/v2\/product_brand?post=2325"},{"taxonomy":"product_cat","embeddable":true,"href":"https:\/\/snusoem.com\/cs\/wp-json\/wp\/v2\/product_cat?post=2325"},{"taxonomy":"product_tag","embeddable":true,"href":"https:\/\/snusoem.com\/cs\/wp-json\/wp\/v2\/product_tag?post=2325"}],"curies":[{"name":"wp","href":"https:\/\/api.w.org\/{rel}","templated":true}]}}