{"id":1839,"date":"2025-05-06T01:36:43","date_gmt":"2025-05-06T01:36:43","guid":{"rendered":"https:\/\/snusoem.com\/?post_type=product&#038;p=1839"},"modified":"2025-05-06T01:38:55","modified_gmt":"2025-05-06T01:38:55","slug":"pablo-exclusive-pear-30-mg","status":"publish","type":"product","link":"https:\/\/snusoem.com\/cs\/product\/pablo-exclusive-pear-30-mg\/","title":{"rendered":"PABLO Exclusive Pear 30 MG"},"content":{"rendered":"<div class=\"product-tab border-b-2 block md:-top-6 w-full md:flex md:justify-around\">\n<div class=\"flex w-full md:w-auto flex-row md:mr-4\">\n<div class=\"product-tab border-b-2 block md:-top-6 w-full md:flex md:justify-around\">\n<div class=\"flex w-full md:w-auto flex-row md:mr-4\">\n<div id=\"station-tabs-tabpanel_ht-i0-t7\" class=\"station-tabs-tabpanel is-active\" role=\"region\" aria-labelledby=\"station-tabs-tab_ht-i0-t7\" aria-hidden=\"false\">\n<div class=\"station-tabs-tabcontent\">\n<div class=\"product-tab border-b-2 block md:-top-6 w-full md:flex md:justify-around\">\n<div class=\"flex w-full md:w-auto flex-row md:mr-4\">\n<div class=\"product-tab border-b-2 block md:-top-6 w-full md:flex md:justify-around\">\n<div class=\"flex w-full md:w-auto flex-row md:mr-4\">\n<div id=\"station-tabs-tabpanel_ht-i0-t7\" class=\"station-tabs-tabpanel is-active\" role=\"region\" aria-labelledby=\"station-tabs-tab_ht-i0-t7\" aria-hidden=\"false\">\n<div class=\"station-tabs-tabcontent\">\n<div class=\"product-tab border-b-2 block md:-top-6 w-full md:flex md:justify-around\">\n<div class=\"flex w-full md:w-auto flex-row md:mr-4\">\n<div class=\"product-tab border-b-2 block md:-top-6 w-full md:flex md:justify-around\">\n<div class=\"flex w-full md:w-auto flex-row md:mr-4\">\n<div id=\"station-tabs-tabpanel_ht-i0-t7\" class=\"station-tabs-tabpanel is-active\" role=\"region\" aria-labelledby=\"station-tabs-tab_ht-i0-t7\" aria-hidden=\"false\">\n<div class=\"station-tabs-tabcontent\">\n<div class=\"product-tab border-b-2 block md:-top-6 w-full md:flex md:justify-around\">\n<div class=\"flex w-full md:w-auto flex-row md:mr-4\">\n<div class=\"product-tab border-b-2 block md:-top-6 w-full md:flex md:justify-around\">\n<div class=\"flex w-full md:w-auto flex-row md:mr-4\">\n<div id=\"station-tabs-tabpanel_ht-i0-t7\" class=\"station-tabs-tabpanel is-active\" role=\"region\" aria-labelledby=\"station-tabs-tab_ht-i0-t7\" aria-hidden=\"false\">\n<div class=\"station-tabs-tabcontent\">\n<h5 class=\"s28 m10\">Popis produktu<\/h5>\n<div class=\"content\">\n<h1>Objevte intenzitu exkluzivn\u00edch hru\u0161kov\u00fdch nikotinov\u00fdch s\u00e1\u010dk\u016f PABLO<\/h1>\n<p>Vydejte se na cestu robustn\u00ed chuti a bezkonkuren\u010dn\u00ed s\u00edly s k\u00e1vovarem.\u00a0<strong>PABLO Exclusive Pear<\/strong>\u00a0nikotinov\u00e9 s\u00e1\u010dky. Tyto tenk\u00e9 s\u00e1\u010dky jsou ur\u010deny pro ty, kte\u0159\u00ed hledaj\u00ed siln\u00fd a povzbuzuj\u00edc\u00ed z\u00e1\u017eitek, a jsou d\u016fkazem inovativn\u00edho ducha zna\u010dky PABLO, kter\u00e1 je ve sv\u011bt\u011b nikotinov\u00fdch s\u00e1\u010dk\u016f synonymem kvality a intenzity.<\/p>\n<h2>Bezkonkuren\u010dn\u00ed s\u00edla pro odv\u00e1\u017en\u00e9<\/h2>\n<p>PABLO Exclusive Pear je ur\u010deno pro zku\u0161en\u00e9 u\u017eivatele a nen\u00ed pro slab\u00e9 povahy. Jeho\u00a0<strong>extr\u00e9mn\u011b siln\u00fd<\/strong>\u00a0obsah nikotinu, jeho\u017e hodnota je ohromuj\u00edc\u00ed.\u00a0<strong>30 mg v jednom s\u00e1\u010dku<\/strong>\u00a0a\u00a0<strong>50 mg nikotinu na gram<\/strong>, nab\u00edz\u00ed siln\u00fd n\u00e1boj, kter\u00fd uspokoj\u00ed i ty nejn\u00e1ro\u010dn\u011bj\u0161\u00ed milovn\u00edky nikotinu. Pokud hled\u00e1te v\u00fdrobek, kter\u00fd v\u00e1m poskytne siln\u00fd \u00fader, nehledejte nic jin\u00e9ho ne\u017e doporu\u010den\u00ed s\u00edly v \u0159ad\u011b PABLO EXCLUSIVE.<\/p>\n<\/div>\n<\/div>\n<\/div>\n<\/div>\n<\/div>\n<\/div>\n<\/div>\n<\/div>\n<\/div>\n<\/div>\n<\/div>\n<\/div>\n<\/div>\n<\/div>\n<\/div>\n<\/div>\n<\/div>\n<\/div>\n<\/div>\n<\/div>\n<\/div>\n<\/div>\n<\/div>\n<\/div>\n<\/div>","protected":false},"excerpt":{"rendered":"<div class=\"leading-relaxed product-description text-mine-shaft prose mt-2\">\n<div class=\"leading-relaxed product-description text-mine-shaft prose mt-2\">\n<div class=\"leading-relaxed product-description text-mine-shaft prose mt-2\">\n<div class=\"leading-relaxed product-description text-mine-shaft prose mt-2\">\n<div class=\"leading-relaxed product-description text-mine-shaft prose mt-2\">\n<div class=\"leading-relaxed product-description text-mine-shaft prose mt-2\">\n<div class=\"leading-relaxed product-description text-mine-shaft prose mt-2\">\n<div class=\"leading-relaxed product-description text-mine-shaft prose mt-2\">\n<div class=\"leading-relaxed product-description text-mine-shaft prose mt-2\">\n<div class=\"leading-relaxed product-description text-mine-shaft prose mt-2\">\n<div class=\"leading-relaxed product-description text-mine-shaft prose mt-2\">\n<div class=\"leading-relaxed product-description prose\">\n<div class=\"leading-relaxed product-description prose\" style=\"text-align: left;\">\n<div class=\"leading-relaxed product-description prose\">\n<div class=\"leading-relaxed product-description prose\">\n<div class=\"leading-relaxed product-description text-mine-shaft prose mt-2\">\n<div class=\"leading-relaxed product-description text-mine-shaft prose mt-2\">\n<div class=\"leading-relaxed product-description text-mine-shaft prose mt-2\">\n<div class=\"leading-relaxed product-description text-mine-shaft prose mt-2\">\n<div class=\"leading-relaxed product-description text-mine-shaft prose mt-2\">\n<div class=\"leading-relaxed product-description text-mine-shaft prose mt-2\">\n<div class=\"leading-relaxed product-description text-mine-shaft prose mt-2\">\n<div class=\"leading-relaxed product-description text-mine-shaft prose mt-2\">\n<div class=\"leading-relaxed product-description text-mine-shaft prose mt-2\">\n<div class=\"leading-relaxed product-description text-mine-shaft prose mt-2\">\n<div class=\"leading-relaxed product-description text-mine-shaft prose mt-2\">\n<div class=\"leading-relaxed product-description prose\">\n<div class=\"leading-relaxed product-description prose\" style=\"text-align: left;\">\n<div class=\"leading-relaxed product-description prose\">\n<div class=\"leading-relaxed product-description prose\">\n<div class=\"elementor-element elementor-element-f3c2fc7 elementor-widget elementor-widget-woocommerce-product-short-description\" data-id=\"f3c2fc7\" data-element_type=\"widget\" data-widget_type=\"woocommerce-product-short-description.default\">\n<div class=\"elementor-widget-container\">\n<div class=\"woocommerce-product-details__short-description\">\n<div class=\"leading-relaxed product-description text-mine-shaft prose mt-2\">\n<div class=\"leading-relaxed product-description text-mine-shaft prose mt-2\">\n<div class=\"leading-relaxed product-description text-mine-shaft prose mt-2\">\n<div class=\"leading-relaxed product-description text-mine-shaft prose mt-2\">\n<div class=\"leading-relaxed product-description text-mine-shaft prose mt-2\">\n<div class=\"leading-relaxed product-description text-mine-shaft prose mt-2\">\n<div class=\"leading-relaxed product-description text-mine-shaft prose mt-2\">\n<div class=\"leading-relaxed product-description text-mine-shaft prose mt-2\">\n<div class=\"leading-relaxed product-description text-mine-shaft prose mt-2\">\n<div class=\"leading-relaxed product-description text-mine-shaft prose mt-2\">\n<div class=\"leading-relaxed product-description text-mine-shaft prose mt-2\">\n<div class=\"leading-relaxed product-description prose\">\n<div class=\"leading-relaxed product-description prose\" style=\"text-align: left;\">\n<div class=\"leading-relaxed product-description prose\">\n<div class=\"leading-relaxed product-description prose\">\n<div class=\"leading-relaxed product-description text-mine-shaft prose mt-2\">\n<div class=\"leading-relaxed product-description text-mine-shaft prose mt-2\">\n<div class=\"leading-relaxed product-description text-mine-shaft prose mt-2\">\n<div class=\"leading-relaxed product-description text-mine-shaft prose mt-2\">\n<div class=\"leading-relaxed product-description text-mine-shaft prose mt-2\">\n<div class=\"leading-relaxed product-description text-mine-shaft prose mt-2\">\n<div class=\"leading-relaxed product-description text-mine-shaft prose mt-2\">\n<div class=\"leading-relaxed product-description text-mine-shaft prose mt-2\">\n<div class=\"leading-relaxed product-description text-mine-shaft prose mt-2\">\n<div class=\"leading-relaxed product-description text-mine-shaft prose mt-2\">\n<div class=\"leading-relaxed product-description text-mine-shaft prose mt-2\">\n<div class=\"leading-relaxed product-description prose\">\n<div class=\"leading-relaxed product-description prose\" style=\"text-align: left;\">\n<div class=\"leading-relaxed product-description prose\">\n<div class=\"leading-relaxed product-description prose\">\n<div class=\"elementor-element elementor-element-f3c2fc7 elementor-widget elementor-widget-woocommerce-product-short-description\" data-id=\"f3c2fc7\" data-element_type=\"widget\" data-widget_type=\"woocommerce-product-short-description.default\">\n<div class=\"elementor-widget-container\">\n<div class=\"woocommerce-product-details__short-description\">\n<div class=\"elementor-element elementor-element-f3c2fc7 elementor-widget elementor-widget-woocommerce-product-short-description\" data-id=\"f3c2fc7\" data-element_type=\"widget\" data-widget_type=\"woocommerce-product-short-description.default\">\n<div class=\"elementor-widget-container\">\n<div class=\"woocommerce-product-details__short-description\">\n<div class=\"elementor-element elementor-element-f3c2fc7 elementor-widget elementor-widget-woocommerce-product-short-description\" data-id=\"f3c2fc7\" data-element_type=\"widget\" data-widget_type=\"woocommerce-product-short-description.default\">\n<div class=\"elementor-widget-container\">\n<div class=\"woocommerce-product-details__short-description\">\n<div class=\"elementor-element elementor-element-f3c2fc7 elementor-widget elementor-widget-woocommerce-product-short-description\" data-id=\"f3c2fc7\" data-element_type=\"widget\" data-widget_type=\"woocommerce-product-short-description.default\">\n<div class=\"elementor-widget-container\">\n<div class=\"woocommerce-product-details__short-description\">\n<div class=\"elementor-element elementor-element-f3c2fc7 elementor-widget elementor-widget-woocommerce-product-short-description\" data-id=\"f3c2fc7\" data-element_type=\"widget\" data-widget_type=\"woocommerce-product-short-description.default\">\n<div class=\"elementor-widget-container\">\n<div class=\"woocommerce-product-details__short-description\">\n<div class=\"elementor-element elementor-element-f3c2fc7 elementor-widget elementor-widget-woocommerce-product-short-description\" data-id=\"f3c2fc7\" data-element_type=\"widget\" data-widget_type=\"woocommerce-product-short-description.default\">\n<div class=\"elementor-widget-container\">\n<div class=\"woocommerce-product-details__short-description\">\n<div class=\"description\">\n<div class=\"description\">\n<div class=\"description\">Get ready for a &#8216;peary&#8217; fun experience with Pablo&#8217;s exclusive Pear Nicotine pouches. Let your taste buds dance to the juicy notes of pear. But beware, these sassy pears can be addictive<\/div>\n<\/div>\n<\/div>\n<\/div>\n<\/div>\n<\/div>\n<\/div>\n<\/div>\n<\/div>\n<\/div>\n<\/div>\n<\/div>\n<\/div>\n<\/div>\n<\/div>\n<\/div>\n<\/div>\n<\/div>\n<\/div>\n<\/div>\n<\/div>\n<\/div>\n<\/div>\n<\/div>\n<div><\/div>\n<\/div>\n<\/div>\n<\/div>\n<\/div>\n<\/div>\n<\/div>\n<\/div>\n<\/div>\n<\/div>\n<\/div>\n<\/div>\n<\/div>\n<div>\n<p><!-- \/wp:heading --> <!-- wp:table --><\/p>\n<figure class=\"wp-block-table\">\n<table class=\"has-fixed-layout\" style=\"height: 266px;\" width=\"386\">\n<tbody>\n<tr>\n<td>STRENGTH<\/td>\n<td>\n<div class=\"flex min-w-max justify-between md:grid md:grid-cols-2 mb-2 border-b border-[#d8d6d4]\">\n<div class=\"flex flex-1 justify-end text-right md:text-left md:justify-start data pb-2 items-center product-attribute-value max-w-[200px]\" data-th=\"Product Info\">\n<div class=\"flex min-w-max justify-between md:grid md:grid-cols-2 mb-2 border-b border-[#d8d6d4]\">\n<div class=\"flex flex-1 justify-end text-right md:text-left md:justify-start data pb-2 items-center product-attribute-value max-w-[200px]\" data-th=\"Product Info\">\n<div class=\"flex min-w-max justify-between md:grid md:grid-cols-2 mb-2 border-b border-[#d8d6d4]\">\n<div class=\"flex flex-1 justify-end text-right md:text-left md:justify-start data pb-2 items-center product-attribute-value max-w-[200px]\" data-th=\"Product Info\">\n<p>EXTREMELY STRONG<\/p>\n<\/div>\n<\/div>\n<\/div>\n<\/div>\n<\/div>\n<\/div>\n<\/td>\n<\/tr>\n<tr>\n<td>Brand<\/td>\n<td>Pablo<\/td>\n<\/tr>\n<tr>\n<td>NICOTINE PER GRAM<\/td>\n<td>50MG<\/td>\n<\/tr>\n<tr>\n<td>Flavor<\/td>\n<td>PEAR<\/td>\n<\/tr>\n<tr>\n<td>Nicotine<\/td>\n<td>30\/pouch<\/td>\n<\/tr>\n<tr>\n<td>Portion Weight (g)<\/td>\n<td>0.6<\/td>\n<\/tr>\n<tr>\n<td>Pouches\/can<\/td>\n<td>20<\/td>\n<\/tr>\n<tr>\n<td>Net Weight (g)<\/td>\n<td>12<\/td>\n<\/tr>\n<tr>\n<td>Wet\/Dry<\/td>\n<td>Dry<\/td>\n<\/tr>\n<\/tbody>\n<\/table>\n<\/figure>\n<p><!-- \/wp:table --><\/p>\n<\/div>\n<form action=\"https:\/\/nicokick.com\/outofstock\/index\/createOosSubscription\" method=\"post\" data-mage-init=\"{'validation':{}}\"><\/form>\n<\/div>\n<\/div>\n<\/div>\n<\/div>\n<\/div>\n<\/div>\n<\/div>\n<\/div>\n<\/div>\n<\/div>\n<\/div>\n<\/div>\n<\/div>\n<\/div>\n<\/div>\n<div>\n<p><!-- \/wp:table --><\/p>\n<\/div>\n<form action=\"https:\/\/nicokick.com\/outofstock\/index\/createOosSubscription\" method=\"post\" data-mage-init=\"{'validation':{}}\"><\/form>\n<\/div>\n<\/div>\n<\/div>\n<\/div>\n<\/div>\n<\/div>\n<\/div>\n<\/div>\n<\/div>\n<\/div>\n<\/div>\n<\/div>\n<\/div>\n<\/div>\n<\/div>\n<\/div>\n<\/div>\n<\/div>\n<div>\n<p><!-- \/wp:table --><\/p>\n<\/div>\n<form action=\"https:\/\/nicokick.com\/outofstock\/index\/createOosSubscription\" method=\"post\" data-mage-init=\"{'validation':{}}\"><\/form>\n<\/div>\n<\/div>\n<\/div>\n<\/div>\n<\/div>\n<\/div>\n<\/div>\n<\/div>\n<\/div>\n<\/div>\n<\/div>\n<\/div>\n<\/div>\n<\/div>\n<\/div>\n<div>\n<p><!-- \/wp:table --><\/p>\n<\/div>\n<form action=\"https:\/\/nicokick.com\/outofstock\/index\/createOosSubscription\" method=\"post\" data-mage-init=\"{'validation':{}}\"><\/form>\n","protected":false},"featured_media":1840,"comment_status":"open","ping_status":"closed","template":"","meta":[],"product_brand":[],"product_cat":[44],"product_tag":[],"class_list":{"0":"post-1839","1":"product","2":"type-product","3":"status-publish","4":"has-post-thumbnail","6":"product_cat-pablo","8":"first","9":"instock","10":"taxable","11":"shipping-taxable","12":"product-type-simple"},"_links":{"self":[{"href":"https:\/\/snusoem.com\/cs\/wp-json\/wp\/v2\/product\/1839","targetHints":{"allow":["GET"]}}],"collection":[{"href":"https:\/\/snusoem.com\/cs\/wp-json\/wp\/v2\/product"}],"about":[{"href":"https:\/\/snusoem.com\/cs\/wp-json\/wp\/v2\/types\/product"}],"replies":[{"embeddable":true,"href":"https:\/\/snusoem.com\/cs\/wp-json\/wp\/v2\/comments?post=1839"}],"wp:featuredmedia":[{"embeddable":true,"href":"https:\/\/snusoem.com\/cs\/wp-json\/wp\/v2\/media\/1840"}],"wp:attachment":[{"href":"https:\/\/snusoem.com\/cs\/wp-json\/wp\/v2\/media?parent=1839"}],"wp:term":[{"taxonomy":"product_brand","embeddable":true,"href":"https:\/\/snusoem.com\/cs\/wp-json\/wp\/v2\/product_brand?post=1839"},{"taxonomy":"product_cat","embeddable":true,"href":"https:\/\/snusoem.com\/cs\/wp-json\/wp\/v2\/product_cat?post=1839"},{"taxonomy":"product_tag","embeddable":true,"href":"https:\/\/snusoem.com\/cs\/wp-json\/wp\/v2\/product_tag?post=1839"}],"curies":[{"name":"wp","href":"https:\/\/api.w.org\/{rel}","templated":true}]}}