{"id":1710,"date":"2025-04-28T03:13:56","date_gmt":"2025-04-28T03:13:56","guid":{"rendered":"https:\/\/snusoem.com\/?post_type=product&#038;p=1710"},"modified":"2025-04-28T03:19:59","modified_gmt":"2025-04-28T03:19:59","slug":"zyn-cool-watermelon-strong-11mg","status":"publish","type":"product","link":"https:\/\/snusoem.com\/cs\/product\/zyn-cool-watermelon-strong-11mg\/","title":{"rendered":"Zyn Cool Watermelon Strong 11MG"},"content":{"rendered":"<div class=\"product-tab border-b-2 block md:-top-6 w-full md:flex md:justify-around\">\n<div class=\"flex w-full md:w-auto flex-row md:mr-4\">\n<h4>\u010cerstv\u00e1 chu\u0165 melounu v nejlep\u0161\u00ed kondici<\/h4>\n<p>ZYN Watermelon Strong p\u0159in\u00e1\u0161\u00ed osv\u011b\u017euj\u00edc\u00ed chu\u0165 \u0161\u0165avnat\u00e9ho vodn\u00edho melounu v praktick\u00e9m tenk\u00e9m s\u00e1\u010dku. P\u0159irozen\u00e1 sladkost a k\u0159upavost vodn\u00edho melounu jsou dokonale zachyceny a poskytuj\u00ed chu\u0165ov\u00fd profil, kter\u00fd je \u017eiv\u00fd a uspokojiv\u00fd. A\u0165 u\u017e je hork\u00fd letn\u00ed den, nebo m\u00e1te prost\u011b jen chu\u0165 na n\u011bco ovocn\u00e9ho, tento snus je osv\u011b\u017euj\u00edc\u00ed volbou.<\/p>\n<h4>Siln\u00fd a p\u0159esto vyv\u00e1\u017een\u00fd<\/h4>\n<p>S obsahem nikotinu 11 mg v jedn\u00e9 porci nab\u00edz\u00ed ZYN Watermelon Strong st\u0159edn\u00ed s\u00edlu, kter\u00e1 poskytuje znateln\u00fd \u0161luk a z\u00e1rove\u0148 je hladk\u00e1 a p\u0159\u00edjemn\u00e1. Ka\u017ed\u00e1 plechovka obsahuje 20 s\u00e1\u010dk\u016f tenk\u00e9ho form\u00e1tu, kter\u00e9 zaji\u0161\u0165uj\u00ed pohodln\u00e9 no\u0161en\u00ed a diskr\u00e9tn\u00ed pou\u017eit\u00ed. ZYN Watermelon Strong je ide\u00e1ln\u00ed pro milovn\u00edky v\u00fdrazn\u00fdch p\u0159\u00edchut\u00ed se spr\u00e1vnou d\u00e1vkou nakopnut\u00ed a je chu\u0165ov\u011b v\u00fdrazn\u00fdm spole\u010dn\u00edkem pro ka\u017edou p\u0159\u00edle\u017eitost.<\/p>\n<\/div>\n<\/div>","protected":false},"excerpt":{"rendered":"<div class=\"leading-relaxed product-description text-mine-shaft prose mt-2\">\n<div class=\"leading-relaxed product-description text-mine-shaft prose mt-2\">\n<div class=\"leading-relaxed product-description text-mine-shaft prose mt-2\">\n<div class=\"leading-relaxed product-description text-mine-shaft prose mt-2\">\n<div class=\"leading-relaxed product-description text-mine-shaft prose mt-2\">\n<div class=\"leading-relaxed product-description text-mine-shaft prose mt-2\">\n<div class=\"leading-relaxed product-description text-mine-shaft prose mt-2\">\n<div class=\"leading-relaxed product-description text-mine-shaft prose mt-2\">\n<div class=\"leading-relaxed product-description text-mine-shaft prose mt-2\">\n<div class=\"leading-relaxed product-description text-mine-shaft prose mt-2\">\n<div class=\"leading-relaxed product-description text-mine-shaft prose mt-2\">\n<div class=\"leading-relaxed product-description prose\">\n<div class=\"leading-relaxed product-description prose\" style=\"text-align: left;\">\n<div class=\"leading-relaxed product-description prose\">\n<div class=\"leading-relaxed product-description prose\">The natural sweetness and crispness of watermelon are perfectly captured, providing a flavor profile that\u2019s both vibrant and satisfying.<\/div>\n<div class=\"flex flex-col sm:flex-row justify-between my-4 sd-product-info-stock \"><\/div>\n<\/div>\n<\/div>\n<div><\/div>\n<\/div>\n<\/div>\n<\/div>\n<\/div>\n<\/div>\n<\/div>\n<\/div>\n<\/div>\n<\/div>\n<\/div>\n<\/div>\n<\/div>\n<div>\n<p><!-- \/wp:heading --> <!-- wp:table --><\/p>\n<figure class=\"wp-block-table\">\n<table class=\"has-fixed-layout\" style=\"height: 266px;\" width=\"386\">\n<tbody>\n<tr>\n<td>Product Info<\/td>\n<td>\n<div class=\"flex min-w-max justify-between md:grid md:grid-cols-2 mb-2 border-b border-[#d8d6d4]\">\n<div class=\"flex flex-1 justify-end text-right md:text-left md:justify-start data pb-2 items-center product-attribute-value max-w-[200px]\" data-th=\"Product Info\">\n<div class=\"flex min-w-max justify-between md:grid md:grid-cols-2 mb-2 border-b border-[#d8d6d4]\">\n<div class=\"flex flex-1 justify-end text-right md:text-left md:justify-start data pb-2 items-center product-attribute-value max-w-[200px]\" data-th=\"Product Info\">\n<div class=\"flex min-w-max justify-between md:grid md:grid-cols-2 mb-2 border-b border-[#d8d6d4]\">\n<div class=\"flex flex-1 justify-end text-right md:text-left md:justify-start data pb-2 items-center product-attribute-value max-w-[200px]\" data-th=\"Product Info\">Flavored, Tobacco Free, All White<\/div>\n<\/div>\n<\/div>\n<\/div>\n<\/div>\n<\/div>\n<\/td>\n<\/tr>\n<tr>\n<td>Brand<\/td>\n<td>ZYN<\/td>\n<\/tr>\n<tr>\n<td>Strength<\/td>\n<td>11MG<\/td>\n<\/tr>\n<tr>\n<td>Flavor<\/td>\n<td>Watermelon<\/td>\n<\/tr>\n<tr>\n<td>Nicotine<\/td>\n<td>11mg\/pouch<\/td>\n<\/tr>\n<tr>\n<td>Portion Weight (g)<\/td>\n<td>0.4<\/td>\n<\/tr>\n<tr>\n<td>Pouches\/can<\/td>\n<td>20<\/td>\n<\/tr>\n<tr>\n<td>Net Weight (g)<\/td>\n<td>14.7<\/td>\n<\/tr>\n<tr>\n<td>Wet\/Dry<\/td>\n<td>Dry<\/td>\n<\/tr>\n<\/tbody>\n<\/table>\n<\/figure>\n<p><!-- \/wp:table --><\/p>\n<\/div>\n<form action=\"https:\/\/nicokick.com\/outofstock\/index\/createOosSubscription\" method=\"post\" data-mage-init=\"{'validation':{}}\"><\/form>\n","protected":false},"featured_media":1711,"comment_status":"open","ping_status":"closed","template":"","meta":[],"product_brand":[],"product_cat":[45],"product_tag":[],"class_list":{"0":"post-1710","1":"product","2":"type-product","3":"status-publish","4":"has-post-thumbnail","6":"product_cat-eu-zyn","8":"first","9":"instock","10":"taxable","11":"shipping-taxable","12":"product-type-simple"},"_links":{"self":[{"href":"https:\/\/snusoem.com\/cs\/wp-json\/wp\/v2\/product\/1710","targetHints":{"allow":["GET"]}}],"collection":[{"href":"https:\/\/snusoem.com\/cs\/wp-json\/wp\/v2\/product"}],"about":[{"href":"https:\/\/snusoem.com\/cs\/wp-json\/wp\/v2\/types\/product"}],"replies":[{"embeddable":true,"href":"https:\/\/snusoem.com\/cs\/wp-json\/wp\/v2\/comments?post=1710"}],"wp:featuredmedia":[{"embeddable":true,"href":"https:\/\/snusoem.com\/cs\/wp-json\/wp\/v2\/media\/1711"}],"wp:attachment":[{"href":"https:\/\/snusoem.com\/cs\/wp-json\/wp\/v2\/media?parent=1710"}],"wp:term":[{"taxonomy":"product_brand","embeddable":true,"href":"https:\/\/snusoem.com\/cs\/wp-json\/wp\/v2\/product_brand?post=1710"},{"taxonomy":"product_cat","embeddable":true,"href":"https:\/\/snusoem.com\/cs\/wp-json\/wp\/v2\/product_cat?post=1710"},{"taxonomy":"product_tag","embeddable":true,"href":"https:\/\/snusoem.com\/cs\/wp-json\/wp\/v2\/product_tag?post=1710"}],"curies":[{"name":"wp","href":"https:\/\/api.w.org\/{rel}","templated":true}]}}