{"id":1670,"date":"2025-04-28T01:01:01","date_gmt":"2025-04-28T01:01:01","guid":{"rendered":"https:\/\/snusoem.com\/?post_type=product&#038;p=1670"},"modified":"2025-04-28T01:30:04","modified_gmt":"2025-04-28T01:30:04","slug":"zyn-cool-mint-3mg-mini","status":"publish","type":"product","link":"https:\/\/snusoem.com\/cs\/product\/zyn-cool-mint-3mg-mini\/","title":{"rendered":"ZYN Cool Mint 3MG Mini"},"content":{"rendered":"<div class=\"product-tab border-b-2 block md:-top-6 w-full md:flex md:justify-around\">\n<div class=\"flex w-full md:w-auto flex-row md:mr-4\">\n<h3>\u00a0 \u00a0 \u00a0 Specifikace produktu<\/h3>\n<ul>\n<li>Form\u00e1t: Miniaturn\u00ed velikost pro diskr\u00e9tn\u00ed pohodl\u00ed<\/li>\n<li>Typ: Celob\u00edl\u00e9 porce<\/li>\n<li>S\u00edla: 3 mg nikotinu<\/li>\n<li>Po\u010det: 20 s\u00e1\u010dk\u016f v plechovce<\/li>\n<li>Chu\u0165: Cool Mint<\/li>\n<li>\n<h3>Pro\u010d si vybrat ZYN Mini Dry Cool Mint<\/h3>\n<ul>\n<li>Tenk\u00e9, pohodln\u00e9 uchycen\u00ed pod rty<\/li>\n<li>Dlouhotrvaj\u00edc\u00ed m\u00e1tov\u00e1 p\u0159\u00edchu\u0165<\/li>\n<li>\u010cistota beze skvrn<\/li>\n<li>Ide\u00e1ln\u00ed s\u00edla nikotinu pro m\u00edrn\u00e9 u\u017eivatele<\/li>\n<\/ul>\n<\/li>\n<\/ul>\n<div data-content-type=\"text\" data-appearance=\"default\" data-id=\"\" data-name=\"\" data-creative=\"\" data-position=\"\" data-element=\"main\">\n<ul>\n<li>Na str\u00e1nk\u00e1ch\u00a0<strong>ZYN Cool Mint Mini<\/strong>\u00a0je jedn\u00edm z na\u0161ich nejobl\u00edben\u011bj\u0161\u00edch s\u00e1\u010dk\u016f pro u\u017eivatele nikotinu, kte\u0159\u00ed hledaj\u00ed osv\u011b\u017euj\u00edc\u00ed z\u00e1\u017eitek. Ka\u017ed\u00fd s\u00e1\u010dek obsahuje 3 mg nikotinu, co\u017e se m\u016f\u017ee zd\u00e1t m\u00e1lo, ale porce jsou nabit\u00e9 velkou d\u00e1vkou m\u00e1tov\u00e9ho a eukalyptov\u00e9ho oleje pro povzbuzuj\u00edc\u00ed n\u00e1boj. Chu\u0165 je intenzivn\u00ed a zanech\u00e1v\u00e1 chladiv\u00fd efekt. Mnoz\u00ed vol\u00ed ZYN Cool Mint m\u00edsto b\u011b\u017en\u00fdch tab\u00e1kov\u00fdch v\u00fdrobk\u016f d\u00edky b\u00edl\u00e9mu obsahu a diskr\u00e9tn\u00edmu pou\u017eit\u00ed. v\u00fdhodou z\u00e1\u0159iv\u011b b\u00edl\u00e9 barvy ZYN Cool Mint Mini je, \u017ee se nemus\u00edte ob\u00e1vat zabarven\u00fdch zub\u016f nebo nadm\u011brn\u00e9ho kap\u00e1n\u00ed, tak\u017ee z\u00e1\u017eitek je \u010dist\u00fd a sv\u011b\u017e\u00ed. Form\u00e1t mini nav\u00edc znamen\u00e1, \u017ee s\u00e1\u010dky maj\u00ed ide\u00e1ln\u00ed velikost pro velmi diskr\u00e9tn\u00ed pou\u017eit\u00ed, kter\u00e9ho si ostatn\u00ed nev\u0161imnou. Z t\u011bchto d\u016fvod\u016f mnoz\u00ed vol\u00ed ZYN Cool Mint m\u00edsto b\u011b\u017en\u00fdch tab\u00e1kov\u00fdch v\u00fdrobk\u016f.<\/li>\n<\/ul>\n<\/div>\n<div data-content-type=\"text\" data-appearance=\"default\" data-id=\"\" data-name=\"\" data-creative=\"\" data-position=\"\" data-element=\"main\">\n<p>&nbsp;<\/p>\n<\/div>\n<\/div>\n<\/div>","protected":false},"excerpt":{"rendered":"<div class=\"leading-relaxed product-description text-mine-shaft prose mt-2\">\n<div class=\"leading-relaxed product-description text-mine-shaft prose mt-2\">\n<div class=\"leading-relaxed product-description text-mine-shaft prose mt-2\">\n<div class=\"leading-relaxed product-description text-mine-shaft prose mt-2\">\n<div class=\"leading-relaxed product-description text-mine-shaft prose mt-2\">\n<div class=\"leading-relaxed product-description text-mine-shaft prose mt-2\">\n<div class=\"leading-relaxed product-description text-mine-shaft prose mt-2\">\n<div class=\"leading-relaxed product-description text-mine-shaft prose mt-2\">\n<div class=\"leading-relaxed product-description text-mine-shaft prose mt-2\">\n<div class=\"leading-relaxed product-description text-mine-shaft prose mt-2\">\n<div class=\"leading-relaxed product-description text-mine-shaft prose mt-2\">\n<div class=\"leading-relaxed product-description prose\">Witness the cooling power of mint in a compact 3 mg pouch with ZYN Cool Mint Mini Dry 3 mg. Let your taste buds taste antarctica.<\/div>\n<div class=\"flex flex-col sm:flex-row justify-between my-4 sd-product-info-stock \"><\/div>\n<\/div>\n<\/div>\n<\/div>\n<\/div>\n<\/div>\n<\/div>\n<\/div>\n<\/div>\n<\/div>\n<\/div>\n<\/div>\n<div>\n<p><!-- \/wp:heading --> <!-- wp:table --><\/p>\n<figure class=\"wp-block-table\">\n<table class=\"has-fixed-layout\" style=\"height: 266px;\" width=\"386\">\n<tbody>\n<tr>\n<td>Product Info<\/td>\n<td>\n<div class=\"flex min-w-max justify-between md:grid md:grid-cols-2 mb-2 border-b border-[#d8d6d4]\">\n<div class=\"flex flex-1 justify-end text-right md:text-left md:justify-start data pb-2 items-center product-attribute-value max-w-[200px]\" data-th=\"Product Info\">\n<div class=\"flex min-w-max justify-between md:grid md:grid-cols-2 mb-2 border-b border-[#d8d6d4]\">\n<div class=\"flex flex-1 justify-end text-right md:text-left md:justify-start data pb-2 items-center product-attribute-value max-w-[200px]\" data-th=\"Product Info\">\n<div class=\"flex min-w-max justify-between md:grid md:grid-cols-2 mb-2 border-b border-[#d8d6d4]\">\n<div class=\"flex flex-1 justify-end text-right md:text-left md:justify-start data pb-2 items-center product-attribute-value max-w-[200px]\" data-th=\"Product Info\">Flavored, Tobacco Free, All White<\/div>\n<\/div>\n<\/div>\n<\/div>\n<\/div>\n<\/div>\n<\/td>\n<\/tr>\n<tr>\n<td>Brand<\/td>\n<td>ZYN<\/td>\n<\/tr>\n<tr>\n<td>Strength<\/td>\n<td>3MG<\/td>\n<\/tr>\n<tr>\n<td>Flavor<\/td>\n<td>Cool Mint<\/td>\n<\/tr>\n<tr>\n<td>Nicotine<\/td>\n<td>3mg\/pouch<\/td>\n<\/tr>\n<tr>\n<td>Portion Weight (g)<\/td>\n<td>0.4<\/td>\n<\/tr>\n<tr>\n<td>Pouches\/can<\/td>\n<td>20<\/td>\n<\/tr>\n<tr>\n<td>Net Weight (g)<\/td>\n<td>8<\/td>\n<\/tr>\n<tr>\n<td>Moisture Content<\/td>\n<td>2.7%<\/td>\n<\/tr>\n<\/tbody>\n<\/table>\n<\/figure>\n<p><!-- \/wp:table --><\/p>\n<\/div>\n<form action=\"https:\/\/nicokick.com\/outofstock\/index\/createOosSubscription\" method=\"post\" data-mage-init=\"{'validation':{}}\"><\/form>\n","protected":false},"featured_media":1671,"comment_status":"open","ping_status":"closed","template":"","meta":[],"product_brand":[],"product_cat":[45],"product_tag":[],"class_list":{"0":"post-1670","1":"product","2":"type-product","3":"status-publish","4":"has-post-thumbnail","6":"product_cat-eu-zyn","8":"first","9":"instock","10":"taxable","11":"shipping-taxable","12":"product-type-simple"},"_links":{"self":[{"href":"https:\/\/snusoem.com\/cs\/wp-json\/wp\/v2\/product\/1670","targetHints":{"allow":["GET"]}}],"collection":[{"href":"https:\/\/snusoem.com\/cs\/wp-json\/wp\/v2\/product"}],"about":[{"href":"https:\/\/snusoem.com\/cs\/wp-json\/wp\/v2\/types\/product"}],"replies":[{"embeddable":true,"href":"https:\/\/snusoem.com\/cs\/wp-json\/wp\/v2\/comments?post=1670"}],"wp:featuredmedia":[{"embeddable":true,"href":"https:\/\/snusoem.com\/cs\/wp-json\/wp\/v2\/media\/1671"}],"wp:attachment":[{"href":"https:\/\/snusoem.com\/cs\/wp-json\/wp\/v2\/media?parent=1670"}],"wp:term":[{"taxonomy":"product_brand","embeddable":true,"href":"https:\/\/snusoem.com\/cs\/wp-json\/wp\/v2\/product_brand?post=1670"},{"taxonomy":"product_cat","embeddable":true,"href":"https:\/\/snusoem.com\/cs\/wp-json\/wp\/v2\/product_cat?post=1670"},{"taxonomy":"product_tag","embeddable":true,"href":"https:\/\/snusoem.com\/cs\/wp-json\/wp\/v2\/product_tag?post=1670"}],"curies":[{"name":"wp","href":"https:\/\/api.w.org\/{rel}","templated":true}]}}