{"id":1655,"date":"2025-04-27T10:10:02","date_gmt":"2025-04-27T10:10:02","guid":{"rendered":"https:\/\/snusoem.com\/?post_type=product&#038;p=1655"},"modified":"2025-04-27T10:12:23","modified_gmt":"2025-04-27T10:12:23","slug":"zyn-chill-3mg","status":"publish","type":"product","link":"https:\/\/snusoem.com\/cs\/product\/zyn-chill-3mg\/","title":{"rendered":"ZYN Chill 3MG"},"content":{"rendered":"<div class=\"product-tab border-b-2 block md:-top-6 w-full md:flex md:justify-around\">\n<div class=\"flex w-full md:w-auto flex-row md:mr-4\">\n<h2 id=\"\" data-content-type=\"heading\" data-appearance=\"default\" data-element=\"main\">Kl\u00ed\u010dov\u00e9 vlastnosti<\/h2>\n<div data-content-type=\"text\" data-appearance=\"default\" data-id=\"\" data-name=\"\" data-creative=\"\" data-position=\"\" data-element=\"main\">\n<ul>\n<li>Osv\u011b\u017euj\u00edc\u00ed nikotinov\u00fd z\u00e1\u017eitek bez p\u0159\u00edchut\u011b.<\/li>\n<li>\u017d\u00e1dn\u00fd kou\u0159, \u017e\u00e1dn\u00fd z\u00e1pach, \u017e\u00e1dn\u00e9 sliny<\/li>\n<li>Od nejprod\u00e1van\u011bj\u0161\u00ed zna\u010dky nikotinov\u00fdch s\u00e1\u010dk\u016f<\/li>\n<li>Snadn\u00e9 pou\u017eit\u00ed kdykoli<\/li>\n<\/ul>\n<p>&nbsp;<\/p>\n<\/div>\n<h3 id=\"\" data-content-type=\"heading\" data-appearance=\"default\" data-element=\"main\">Prozkoumejte ZYN Chill 3mg nikotinov\u00e9 s\u00e1\u010dky<\/h3>\n<div data-content-type=\"text\" data-appearance=\"default\" data-id=\"\" data-name=\"\" data-creative=\"\" data-position=\"\" data-element=\"main\">\n<p>S\u00e1\u010dky ZYN Chill 3 mg nikotinu jsou bez p\u0159\u00edchut\u011b a p\u0159edstavuj\u00ed alternativu tradi\u010dn\u00edch tab\u00e1kov\u00fdch v\u00fdrobk\u016f pro or\u00e1ln\u00ed u\u017eit\u00ed bez tab\u00e1kov\u00fdch list\u016f. Jako jedna z nejuzn\u00e1van\u011bj\u0161\u00edch zna\u010dek nikotinov\u00fdch s\u00e1\u010dk\u016f v USA jsou tyto celob\u00edl\u00e9 s\u00e1\u010dky vyrobeny z vysoce kvalitn\u00edch ingredienc\u00ed a dod\u00e1vaj\u00ed se v miniaturn\u00edm form\u00e1tu ur\u010den\u00e9m k um\u00edst\u011bn\u00ed pod horn\u00ed ret. Plechovka je opat\u0159ena t\u011bsn\u011bn\u00edm chr\u00e1n\u011bn\u00fdm p\u0159ed d\u011btmi, kter\u00e9 se otv\u00edr\u00e1 oto\u010den\u00edm, a obsahuje 15 s\u00e1\u010dk\u016f, z nich\u017e ka\u017ed\u00fd obsahuje 3 mg nikotinu. Pro ty, kte\u0159\u00ed d\u00e1vaj\u00ed p\u0159ednost siln\u011bj\u0161\u00edmu obsahu, je ZYN Chill k dispozici tak\u00e9 v 6mg variant\u011b.<\/p>\n<\/div>\n<h3 id=\"\" data-content-type=\"heading\" data-appearance=\"default\" data-element=\"main\">P\u0159ehled ZYN<\/h3>\n<div data-content-type=\"text\" data-appearance=\"default\" data-id=\"\" data-name=\"\" data-creative=\"\" data-position=\"\" data-element=\"main\">\n<p>\u00a0Nab\u00edzej\u00ed nikotinov\u00fd z\u00e1\u017eitek zcela bez kou\u0159e a pliv\u00e1n\u00ed v 10 p\u0159\u00edchut\u00edch a 2 sil\u00e1ch nikotinu.<\/p>\n<p>&nbsp;<\/p>\n<\/div>\n<\/div>\n<\/div>","protected":false},"excerpt":{"rendered":"<div class=\"leading-relaxed product-description text-mine-shaft prose mt-2\">\n<div class=\"leading-relaxed product-description text-mine-shaft prose mt-2\">\n<div class=\"leading-relaxed product-description text-mine-shaft prose mt-2\">\n<div class=\"leading-relaxed product-description text-mine-shaft prose mt-2\">\n<div class=\"leading-relaxed product-description text-mine-shaft prose mt-2\">\n<div class=\"leading-relaxed product-description text-mine-shaft prose mt-2\">\n<div class=\"leading-relaxed product-description text-mine-shaft prose mt-2\">\n<div class=\"leading-relaxed product-description text-mine-shaft prose mt-2\">\n<div class=\"leading-relaxed product-description text-mine-shaft prose mt-2\">\n<div class=\"leading-relaxed product-description text-mine-shaft prose mt-2\">\n<div class=\"leading-relaxed product-description text-mine-shaft prose mt-2\">ZYN Chill 3mg: A refreshing, unflavored nicotine experience. Available in 3mg or 6mg, with 15 pouches per can.<\/div>\n<\/div>\n<\/div>\n<\/div>\n<\/div>\n<\/div>\n<\/div>\n<\/div>\n<\/div>\n<\/div>\n<\/div>\n<div>\n<p><!-- wp:heading --><\/p>\n<h2 class=\"wp-block-heading\">Details<\/h2>\n<p><!-- \/wp:heading --> <!-- wp:table --><\/p>\n<figure class=\"wp-block-table\">\n<table class=\"has-fixed-layout\">\n<tbody>\n<tr>\n<td>Product Info<\/td>\n<td>\n<div class=\"flex min-w-max justify-between md:grid md:grid-cols-2 mb-2 border-b border-[#d8d6d4]\">\n<div class=\"flex flex-1 justify-end text-right md:text-left md:justify-start data pb-2 items-center product-attribute-value max-w-[200px]\" data-th=\"Product Info\">\n<div class=\"flex min-w-max justify-between md:grid md:grid-cols-2 mb-2 border-b border-[#d8d6d4]\">\n<div class=\"flex flex-1 justify-end text-right md:text-left md:justify-start data pb-2 items-center product-attribute-value max-w-[200px]\" data-th=\"Product Info\">\n<div class=\"flex min-w-max justify-between md:grid md:grid-cols-2 mb-2 border-b border-[#d8d6d4]\">\n<div class=\"flex flex-1 justify-end text-right md:text-left md:justify-start data pb-2 items-center product-attribute-value max-w-[200px]\" data-th=\"Product Info\">Flavored, Tobacco Free, All White, Mini<\/div>\n<\/div>\n<\/div>\n<\/div>\n<\/div>\n<\/div>\n<\/td>\n<\/tr>\n<tr>\n<td>Brand<\/td>\n<td>ZYN<\/td>\n<\/tr>\n<tr>\n<td>Strength<\/td>\n<td>3MG<\/td>\n<\/tr>\n<tr>\n<td>Flavor<\/td>\n<td>Chill<\/td>\n<\/tr>\n<tr>\n<td>Nicotine<\/td>\n<td>3mg\/pouch<\/td>\n<\/tr>\n<tr>\n<td>Portion Weight (g)<\/td>\n<td>0.4<\/td>\n<\/tr>\n<tr>\n<td>Pouches\/can<\/td>\n<td>15<\/td>\n<\/tr>\n<tr>\n<td>Net Weight (g)<\/td>\n<td>6<\/td>\n<\/tr>\n<tr>\n<td>Net Weight (oz)<\/td>\n<td>0.21<\/td>\n<\/tr>\n<\/tbody>\n<\/table>\n<\/figure>\n<p><!-- \/wp:table --><\/p>\n<\/div>\n<form action=\"https:\/\/nicokick.com\/outofstock\/index\/createOosSubscription\" method=\"post\" data-mage-init=\"{'validation':{}}\"><\/form>\n","protected":false},"featured_media":1656,"comment_status":"open","ping_status":"closed","template":"","meta":[],"product_brand":[],"product_cat":[29],"product_tag":[],"class_list":{"0":"post-1655","1":"product","2":"type-product","3":"status-publish","4":"has-post-thumbnail","6":"product_cat-usa-zyn","8":"first","9":"instock","10":"taxable","11":"shipping-taxable","12":"product-type-simple"},"_links":{"self":[{"href":"https:\/\/snusoem.com\/cs\/wp-json\/wp\/v2\/product\/1655","targetHints":{"allow":["GET"]}}],"collection":[{"href":"https:\/\/snusoem.com\/cs\/wp-json\/wp\/v2\/product"}],"about":[{"href":"https:\/\/snusoem.com\/cs\/wp-json\/wp\/v2\/types\/product"}],"replies":[{"embeddable":true,"href":"https:\/\/snusoem.com\/cs\/wp-json\/wp\/v2\/comments?post=1655"}],"wp:featuredmedia":[{"embeddable":true,"href":"https:\/\/snusoem.com\/cs\/wp-json\/wp\/v2\/media\/1656"}],"wp:attachment":[{"href":"https:\/\/snusoem.com\/cs\/wp-json\/wp\/v2\/media?parent=1655"}],"wp:term":[{"taxonomy":"product_brand","embeddable":true,"href":"https:\/\/snusoem.com\/cs\/wp-json\/wp\/v2\/product_brand?post=1655"},{"taxonomy":"product_cat","embeddable":true,"href":"https:\/\/snusoem.com\/cs\/wp-json\/wp\/v2\/product_cat?post=1655"},{"taxonomy":"product_tag","embeddable":true,"href":"https:\/\/snusoem.com\/cs\/wp-json\/wp\/v2\/product_tag?post=1655"}],"curies":[{"name":"wp","href":"https:\/\/api.w.org\/{rel}","templated":true}]}}