{"id":1632,"date":"2025-04-27T09:35:58","date_gmt":"2025-04-27T09:35:58","guid":{"rendered":"https:\/\/snusoem.com\/?post_type=product&#038;p=1632"},"modified":"2025-04-27T09:37:13","modified_gmt":"2025-04-27T09:37:13","slug":"zyn-peppermint-6mg","status":"publish","type":"product","link":"https:\/\/snusoem.com\/cs\/product\/zyn-peppermint-6mg\/","title":{"rendered":"ZYN m\u00e1ta peprn\u00e1 6MG"},"content":{"rendered":"<div class=\"product-tab border-b-2 block md:-top-6 w-full md:flex md:justify-around\">\n<div class=\"flex w-full md:w-auto flex-row md:mr-4\">\n<h2 id=\"\" data-content-type=\"heading\" data-appearance=\"default\" data-element=\"main\">Kl\u00ed\u010dov\u00e9 vlastnosti<\/h2>\n<div data-content-type=\"text\" data-appearance=\"default\" data-id=\"\" data-name=\"\" data-creative=\"\" data-position=\"\" data-element=\"main\">\n<ul>\n<li>Klasick\u00e1 sm\u011bs m\u00e1tov\u00fdch p\u0159\u00edchut\u00ed<\/li>\n<li>\u017d\u00e1dn\u00fd kou\u0159, \u017e\u00e1dn\u00fd z\u00e1pach, \u017e\u00e1dn\u00e9 sliny<\/li>\n<li>Od nejprod\u00e1van\u011bj\u0161\u00ed zna\u010dky nikotinov\u00fdch s\u00e1\u010dk\u016f<\/li>\n<li>Snadn\u00e9 pou\u017eit\u00ed kdykoli<\/li>\n<\/ul>\n<\/div>\n<h3 id=\"\" data-content-type=\"heading\" data-appearance=\"default\" data-element=\"main\">Prozkoumat ZYN Peppermint 6mg nikotinov\u00e9 s\u00e1\u010dky<\/h3>\n<div data-content-type=\"text\" data-appearance=\"default\" data-id=\"\" data-name=\"\" data-creative=\"\" data-position=\"\" data-element=\"main\">\n<p id=\"NAR5Y7A\">S\u00e1\u010dky ZYN Peppermint 3 mg nikotinu p\u0159in\u00e1\u0161ej\u00ed klasickou m\u00e1tovou p\u0159\u00edchu\u0165 a jsou beztab\u00e1kovou alternativou k tradi\u010dn\u00edm tab\u00e1kov\u00fdm v\u00fdrobk\u016fm pro or\u00e1ln\u00ed u\u017eit\u00ed. Tyto celob\u00edl\u00e9 s\u00e1\u010dky jsou vyrobeny z vysoce kvalitn\u00edch ingredienc\u00ed a dod\u00e1vaj\u00ed se v miniaturn\u00edm form\u00e1tu navr\u017een\u00e9m tak, aby se pohodln\u011b ve\u0161ly pod horn\u00ed ret. Ka\u017ed\u00e1 plechovka obsahuje 15 s\u00e1\u010dk\u016f s d\u011btsk\u00fdm uz\u00e1v\u011brem, kter\u00e9 se otv\u00edraj\u00ed oto\u010den\u00edm, a nab\u00edz\u00ed s\u00edlu nikotinu 3 mg v ka\u017ed\u00e9m s\u00e1\u010dku. Pro ty, kte\u0159\u00ed hledaj\u00ed siln\u011bj\u0161\u00ed variantu, je tato p\u0159\u00edchu\u0165 k dispozici tak\u00e9 v s\u00edle 6 mg.<\/p>\n<p>ZYN je jednou z nejobl\u00edben\u011bj\u0161\u00edch zna\u010dek nikotinov\u00fdch s\u00e1\u010dk\u016f v USA, kter\u00e1 je zn\u00e1m\u00e1 t\u00edm, \u017ee nab\u00edz\u00ed nikotinov\u00fd z\u00e1\u017eitek zcela bez kou\u0159e a pliv\u00e1n\u00ed.<\/p>\n<\/div>\n<h3 id=\"\" data-content-type=\"heading\" data-appearance=\"default\" data-element=\"main\">P\u0159ehled ZYN<\/h3>\n<div data-content-type=\"text\" data-appearance=\"default\" data-id=\"\" data-name=\"\" data-creative=\"\" data-position=\"\" data-element=\"main\">\n<p>S\u00e1\u010dky ZYN jsou ur\u010deny pro dosp\u011bl\u00e9 u\u017eivatele nikotinu ve v\u011bku od 21 let. Jejich sortiment zahrnuje 10 p\u0159\u00edchut\u00ed a 2 s\u00edly nikotinu: 3 mg a 6 mg.<\/p>\n<\/div>\n<\/div>\n<\/div>","protected":false},"excerpt":{"rendered":"<div class=\"leading-relaxed product-description text-mine-shaft prose mt-2\">\n<div class=\"leading-relaxed product-description text-mine-shaft prose mt-2\">\n<div class=\"leading-relaxed product-description text-mine-shaft prose mt-2\">\n<div class=\"leading-relaxed product-description text-mine-shaft prose mt-2\">\n<div class=\"leading-relaxed product-description text-mine-shaft prose mt-2\">ZYN Peppermint 6mg: ZYN pouches with a classic mint flavor blend.<\/div>\n<\/div>\n<form action=\"https:\/\/nicokick.com\/outofstock\/index\/createOosSubscription\" method=\"post\" data-mage-init=\"{'validation':{}}\"><\/form>\n<\/div>\n<form action=\"https:\/\/nicokick.com\/outofstock\/index\/createOosSubscription\" method=\"post\" data-mage-init=\"{'validation':{}}\"><\/form>\n<\/div>\n<\/div>\n<div><\/div>\n<div>\n<p><!-- wp:heading --><\/p>\n<h2 class=\"wp-block-heading\">Details<\/h2>\n<p><!-- \/wp:heading --> <!-- wp:table --><\/p>\n<figure class=\"wp-block-table\">\n<table class=\"has-fixed-layout\">\n<tbody>\n<tr>\n<td>Product Info<\/td>\n<td>\n<div class=\"flex min-w-max justify-between md:grid md:grid-cols-2 mb-2 border-b border-[#d8d6d4]\">\n<div class=\"flex flex-1 justify-end text-right md:text-left md:justify-start data pb-2 items-center product-attribute-value max-w-[200px]\" data-th=\"Product Info\">\n<div class=\"flex min-w-max justify-between md:grid md:grid-cols-2 mb-2 border-b border-[#d8d6d4]\">\n<div class=\"flex flex-1 justify-end text-right md:text-left md:justify-start data pb-2 items-center product-attribute-value max-w-[200px]\" data-th=\"Product Info\">\n<div class=\"flex min-w-max justify-between md:grid md:grid-cols-2 mb-2 border-b border-[#d8d6d4]\">\n<div class=\"flex flex-1 justify-end text-right md:text-left md:justify-start data pb-2 items-center product-attribute-value max-w-[200px]\" data-th=\"Product Info\">Flavored, Tobacco Free, All White, Mini<\/div>\n<\/div>\n<\/div>\n<\/div>\n<\/div>\n<\/div>\n<\/td>\n<\/tr>\n<tr>\n<td>Brand<\/td>\n<td>ZYN<\/td>\n<\/tr>\n<tr>\n<td>Strength<\/td>\n<td>6MG<\/td>\n<\/tr>\n<tr>\n<td>Flavor<\/td>\n<td>\n<div class=\"flex min-w-max justify-between md:grid md:grid-cols-2 mb-2 border-b border-[#d8d6d4]\">\n<div class=\"flex flex-1 justify-end text-right md:text-left md:justify-start data pb-2 items-center product-attribute-value max-w-[200px]\" data-th=\"Flavor\">Peppermint<\/div>\n<\/div>\n<\/td>\n<\/tr>\n<tr>\n<td>Nicotine<\/td>\n<td>6mg\/pouch<\/td>\n<\/tr>\n<tr>\n<td>Portion Weight (g)<\/td>\n<td>0.4<\/td>\n<\/tr>\n<tr>\n<td>Pouches\/can<\/td>\n<td>15<\/td>\n<\/tr>\n<tr>\n<td>Net Weight (g)<\/td>\n<td>6<\/td>\n<\/tr>\n<tr>\n<td>Net Weight (oz)<\/td>\n<td>0.21<\/td>\n<\/tr>\n<\/tbody>\n<\/table>\n<\/figure>\n<p><!-- \/wp:table --><\/p>\n<\/div>\n<form action=\"https:\/\/nicokick.com\/outofstock\/index\/createOosSubscription\" method=\"post\" data-mage-init=\"{'validation':{}}\"><\/form>\n","protected":false},"featured_media":1633,"comment_status":"open","ping_status":"closed","template":"","meta":[],"product_brand":[],"product_cat":[29],"product_tag":[],"class_list":{"0":"post-1632","1":"product","2":"type-product","3":"status-publish","4":"has-post-thumbnail","6":"product_cat-usa-zyn","8":"first","9":"instock","10":"taxable","11":"shipping-taxable","12":"product-type-simple"},"_links":{"self":[{"href":"https:\/\/snusoem.com\/cs\/wp-json\/wp\/v2\/product\/1632","targetHints":{"allow":["GET"]}}],"collection":[{"href":"https:\/\/snusoem.com\/cs\/wp-json\/wp\/v2\/product"}],"about":[{"href":"https:\/\/snusoem.com\/cs\/wp-json\/wp\/v2\/types\/product"}],"replies":[{"embeddable":true,"href":"https:\/\/snusoem.com\/cs\/wp-json\/wp\/v2\/comments?post=1632"}],"wp:featuredmedia":[{"embeddable":true,"href":"https:\/\/snusoem.com\/cs\/wp-json\/wp\/v2\/media\/1633"}],"wp:attachment":[{"href":"https:\/\/snusoem.com\/cs\/wp-json\/wp\/v2\/media?parent=1632"}],"wp:term":[{"taxonomy":"product_brand","embeddable":true,"href":"https:\/\/snusoem.com\/cs\/wp-json\/wp\/v2\/product_brand?post=1632"},{"taxonomy":"product_cat","embeddable":true,"href":"https:\/\/snusoem.com\/cs\/wp-json\/wp\/v2\/product_cat?post=1632"},{"taxonomy":"product_tag","embeddable":true,"href":"https:\/\/snusoem.com\/cs\/wp-json\/wp\/v2\/product_tag?post=1632"}],"curies":[{"name":"wp","href":"https:\/\/api.w.org\/{rel}","templated":true}]}}